{"id":3833,"date":"2023-09-17T20:58:13","date_gmt":"2023-09-17T18:58:13","guid":{"rendered":"http:\/\/sv-lengede.de\/kbl\/?page_id=3833"},"modified":"2024-06-11T06:34:16","modified_gmt":"2024-06-11T04:34:16","slug":"doku-13-lengeder-kubb-open-2023-09-09","status":"publish","type":"page","link":"https:\/\/sv-lengede.de\/kbl\/doku-13-lengeder-kubb-open-2023-09-09\/","title":{"rendered":"Doku 13. Lengeder Kubb Open + 10. Nds-Meisterschaft &#8211; 2023-09-09"},"content":{"rendered":"\n<p><strong>13. Lengeder Kubb Open \u2013 LKO<\/strong>&nbsp;<strong>am 09.09.2023<\/strong><\/p>\n\n\n\n<ul class=\"wp-block-list\">\n<li>1. Gipfelst\u00fcrmer<\/li>\n\n\n\n<li>2. Iltis<\/li>\n\n\n\n<li>3. Kubb\u00b4Ings<\/li>\n\n\n\n<li>4. De Woodys<\/li>\n\n\n\n<li>Alle Spiele und Ergebnisse sind nachzulesen unter&nbsp;<a rel=\"noreferrer noopener\" href=\"http:\/\/www.live.dkubbb.de\/\" target=\"_blank\">live.dkubbb.de<\/a><\/li>\n<\/ul>\n\n\n\n<p><strong>10.<\/strong>&nbsp;<strong>Niedersachsen-Meisterschaft \u2013 in LKO integriert<\/strong><\/p>\n\n\n\n<ul class=\"wp-block-list\">\n<li>1. Kubbclique of discovery<\/li>\n\n\n\n<li>2. Sektion Vechelde<\/li>\n\n\n\n<li>3. 1. FC Kubb S\u00fcdstadt<\/li>\n<\/ul>\n\n\n\n<p><strong>2. Lengeder Welcome-Cup \u2013 LWC<\/strong>&nbsp;<strong>am 08.09.2023<\/strong><\/p>\n\n\n\n<ul class=\"wp-block-list\">\n<li>1. Olaf Klemt<\/li>\n\n\n\n<li>2. John Krause<\/li>\n\n\n\n<li>3. Sven Mampe<\/li>\n\n\n\n<li>4. Jens Meier<\/li>\n\n\n\n<li>Alle Spiele und Ergebnisse sind nachzulesen unter&nbsp;<a rel=\"noreferrer noopener\" href=\"http:\/\/www.live.dkubbb.de\/\" target=\"_blank\">live.dkubbb.de<\/a><\/li>\n<\/ul>\n\n\n\n<p><strong>Ausgeloste Gewinner<\/strong><\/p>\n\n\n\n<ul class=\"wp-block-list\">\n<li>Fahrt zur Kubb-EM nach Berlin in 2024: De Woodys<\/li>\n\n\n\n<li>Wanderpokal Lengeder Kubb Open: Gipfelst\u00fcrmer<\/li>\n\n\n\n<li>Wanderpokal Niedersachsen-Meisterschaft: Flotte Biene I<\/li>\n<\/ul>\n\n\n\n<p><strong>Livestreams auf facebook<\/strong><\/p>\n\n\n\n<ul class=\"wp-block-list\">\n<li>LKO:&nbsp;<a rel=\"noreferrer noopener\" href=\"https:\/\/fb.watch\/n2U0Ycw38h\/\" target=\"_blank\">Begr\u00fc\u00dfung<\/a><\/li>\n\n\n\n<li>LKO:&nbsp;<a rel=\"noreferrer noopener\" href=\"https:\/\/fb.watch\/n2ZwUo3jMh\/\" target=\"_blank\">Finale&nbsp;<\/a>\u2013 Gipfelst\u00fcrmer vs. Iltis (in gelb)<\/li>\n\n\n\n<li>LKO:&nbsp;<a href=\"https:\/\/fb.watch\/n2Z1bgkOs_\/\" target=\"_blank\" rel=\"noreferrer noopener\">Spiel um Platz 3<\/a>&nbsp;\u2013 de Woodys (in wei\u00df) vs. Kubb\u00b4Ings<\/li>\n\n\n\n<li>LKO:&nbsp;<a href=\"https:\/\/fb.watch\/n2TeI_SYAv\/\" target=\"_blank\" rel=\"noreferrer noopener\">Halbfinale 1&nbsp;<\/a>\u2013 Gipfelst\u00fcrmer vs. de Woodys<\/li>\n\n\n\n<li>LKO:&nbsp;<a rel=\"noreferrer noopener\" href=\"https:\/\/fb.watch\/n2ZCLTiTy3\/\" target=\"_blank\">Halbfinale 2<\/a>&nbsp;\u2013 Iltis (in gelb) vs. Kubb\u00b4Ings<\/li>\n\n\n\n<li>LKO:&nbsp;<a rel=\"noreferrer noopener\" href=\"https:\/\/fb.watch\/n2T0Io0CBD\/\" target=\"_blank\">Siegerehrung<\/a><\/li>\n<\/ul>\n\n\n\n<figure class=\"wp-block-image\"><img loading=\"lazy\" decoding=\"async\" width=\"1024\" height=\"768\" src=\"http:\/\/sv-lengede.de\/kbl\/wp-content\/uploads\/2023\/09\/lko2023-ehrung-1024x768.jpg\" alt=\"\" class=\"wp-image-3797\" srcset=\"https:\/\/sv-lengede.de\/kbl\/wp-content\/uploads\/2023\/09\/lko2023-ehrung-1024x768.jpg 1024w, https:\/\/sv-lengede.de\/kbl\/wp-content\/uploads\/2023\/09\/lko2023-ehrung-300x225.jpg 300w, https:\/\/sv-lengede.de\/kbl\/wp-content\/uploads\/2023\/09\/lko2023-ehrung-768x576.jpg 768w, https:\/\/sv-lengede.de\/kbl\/wp-content\/uploads\/2023\/09\/lko2023-ehrung-600x450.jpg 600w, https:\/\/sv-lengede.de\/kbl\/wp-content\/uploads\/2023\/09\/lko2023-ehrung-1536x1152.jpg 1536w, https:\/\/sv-lengede.de\/kbl\/wp-content\/uploads\/2023\/09\/lko2023-ehrung-1320x990.jpg 1320w, https:\/\/sv-lengede.de\/kbl\/wp-content\/uploads\/2023\/09\/lko2023-ehrung.jpg 2000w\" sizes=\"auto, (max-width: 1024px) 100vw, 1024px\" \/><figcaption class=\"wp-element-caption\">Ehrung aller oben genannten SiegerInnen und GewinnerInnen.<\/figcaption><\/figure>\n\n\n\n<figure class=\"wp-block-image\"><img loading=\"lazy\" decoding=\"async\" width=\"1024\" height=\"434\" src=\"https:\/\/sv-lengede.de\/kbl\/wp-content\/uploads\/2023\/09\/2023-lko-turnierfoto-1-1024x434.jpg\" alt=\"\" class=\"wp-image-3819\" srcset=\"https:\/\/sv-lengede.de\/kbl\/wp-content\/uploads\/2023\/09\/2023-lko-turnierfoto-1-1024x434.jpg 1024w, https:\/\/sv-lengede.de\/kbl\/wp-content\/uploads\/2023\/09\/2023-lko-turnierfoto-1-300x127.jpg 300w, https:\/\/sv-lengede.de\/kbl\/wp-content\/uploads\/2023\/09\/2023-lko-turnierfoto-1-768x326.jpg 768w, https:\/\/sv-lengede.de\/kbl\/wp-content\/uploads\/2023\/09\/2023-lko-turnierfoto-1-600x254.jpg 600w, https:\/\/sv-lengede.de\/kbl\/wp-content\/uploads\/2023\/09\/2023-lko-turnierfoto-1-1536x651.jpg 1536w, https:\/\/sv-lengede.de\/kbl\/wp-content\/uploads\/2023\/09\/2023-lko-turnierfoto-1-2048x868.jpg 2048w, https:\/\/sv-lengede.de\/kbl\/wp-content\/uploads\/2023\/09\/2023-lko-turnierfoto-1-1320x560.jpg 1320w\" sizes=\"auto, (max-width: 1024px) 100vw, 1024px\" \/><figcaption class=\"wp-element-caption\">50 Teams vor dem Turnierstart.<\/figcaption><\/figure>\n\n\n\n<p><strong>Viertelfinale<\/strong><\/p>\n\n\n\n<p>GIPFELST\u00dcRMER &#8211; 2 vs. LAIENSPIELTRUPPE &#8211; 0<\/p>\n\n\n\n<p>&nbsp;ZWEI SVENS FEAT. JPV &#8211; 1 vs. DE WOODYS &#8211; 2<\/p>\n\n\n\n<p>&nbsp;ILTIS &#8211; 2 vs. KUBB KUBB HURRA &#8211; 0<\/p>\n\n\n\n<p>&nbsp;KUBB\u00b4INGS 2 vs. KUBB-SH 1 &#8211; 0<\/p>\n\n\n\n<p><strong>Halbfinale<\/strong><\/p>\n\n\n\n<p>GIPFELST\u00dcRMER &#8211; 2 vs. DE WOODYS &#8211; 1<\/p>\n\n\n\n<p>&nbsp;KUBB\u00b4INGS &#8211; 0 vs. ILTIS &#8211; 2<\/p>\n\n\n\n<p><strong>Spiel um Platz 3<\/strong><\/p>\n\n\n\n<p>KUBB\u00b4INGS &#8211; 2 vs. DE WOODYS &#8211; 1<\/p>\n\n\n\n<p><strong>Finale<\/strong><\/p>\n\n\n\n<p>GIPFELST\u00dcRMER &#8211; 2 vs. ILTIS &#8211; 1<\/p>\n\n\n\n<p><strong>Rangliste nach 8 Runden<\/strong><\/p>\n\n\n\n<figure class=\"wp-block-table\"><table><tbody><tr><td>1<\/td><td>Gipfelst\u00fcrmer<\/td><td>119&nbsp;\/&nbsp;693<\/td><\/tr><tr><td>2<\/td><td>Kubb\u00b4Ings<\/td><td>109&nbsp;\/&nbsp;662<\/td><\/tr><tr><td>3<\/td><td>ILTIS<\/td><td>104&nbsp;\/&nbsp;624<\/td><\/tr><tr><td>4<\/td><td>de Woodys<\/td><td>96&nbsp;\/&nbsp;602<\/td><\/tr><tr><td>5<\/td><td>Zwei Svens feat. JPV<\/td><td>93&nbsp;\/&nbsp;662<\/td><\/tr><tr><td>6<\/td><td>Kubb Kubb Hurra<\/td><td>90&nbsp;\/&nbsp;588<\/td><\/tr><tr><td>7<\/td><td>Kubb-SH 1<\/td><td>88&nbsp;\/&nbsp;700<\/td><\/tr><tr><td>8<\/td><td>Laienspieltruppe<\/td><td>86&nbsp;\/&nbsp;574<\/td><\/tr><tr><td>9<\/td><td>Kubb-SH 2<\/td><td>84&nbsp;\/&nbsp;586<\/td><\/tr><tr><td>10<\/td><td>BSV Kubb Erkelenz 1<\/td><td>84&nbsp;\/&nbsp;577<\/td><\/tr><tr><td>11<\/td><td>Kubbclique of Discovery<\/td><td>82&nbsp;\/&nbsp;539<\/td><\/tr><tr><td>12<\/td><td>H\u00e4gar 3.0<\/td><td>81&nbsp;\/&nbsp;551<\/td><\/tr><tr><td>13<\/td><td>53&#8217;er Meute<\/td><td>80&nbsp;\/&nbsp;516<\/td><\/tr><tr><td>14<\/td><td>Sundk\u00f6ppe feat. Torte &amp; Basti<\/td><td>78&nbsp;\/&nbsp;585<\/td><\/tr><tr><td>15<\/td><td>MartyMcFly feat. Katman<\/td><td>78&nbsp;\/&nbsp;583<\/td><\/tr><tr><td>16<\/td><td>TusenBaduschTack<\/td><td>77&nbsp;\/&nbsp;539<\/td><\/tr><tr><td>17<\/td><td>Die Unterirdischen<\/td><td>77&nbsp;\/&nbsp;456<\/td><\/tr><tr><td>18<\/td><td>Kubb-SH 4<\/td><td>73&nbsp;\/&nbsp;498<\/td><\/tr><tr><td>19<\/td><td>Kubb-SH 3<\/td><td>72&nbsp;\/&nbsp;463<\/td><\/tr><tr><td>20<\/td><td>BSV Kubb Erkelenz 5<\/td><td>71&nbsp;\/&nbsp;461<\/td><\/tr><tr><td>21<\/td><td>Sektion Vechelde<\/td><td>71&nbsp;\/&nbsp;410<\/td><\/tr><tr><td>22<\/td><td>1. FC KUBB S\u00fcdstadt<\/td><td>69&nbsp;\/&nbsp;473<\/td><\/tr><tr><td>23<\/td><td>Kubb der dichten Toten<\/td><td>68&nbsp;\/&nbsp;408<\/td><\/tr><tr><td>24<\/td><td>Lengeder Jungs<\/td><td>67&nbsp;\/&nbsp;449<\/td><\/tr><tr><td>25<\/td><td>Kilometerfresser<\/td><td>65&nbsp;\/&nbsp;405<\/td><\/tr><tr><td>26<\/td><td>Kubb SH 5<\/td><td>64&nbsp;\/&nbsp;502<\/td><\/tr><tr><td>27<\/td><td>Die Hinterbliebenen<\/td><td>63&nbsp;\/&nbsp;467<\/td><\/tr><tr><td>28<\/td><td>Astra la Potsdam<\/td><td>62&nbsp;\/&nbsp;479<\/td><\/tr><tr><td>29<\/td><td>BerlinCS<\/td><td>61&nbsp;\/&nbsp;494<\/td><\/tr><tr><td>30<\/td><td>BSV Kubb Erkelenz 2<\/td><td>61&nbsp;\/&nbsp;434<\/td><\/tr><tr><td>31<\/td><td>G\u00fcrtelschnallen<\/td><td>60&nbsp;\/&nbsp;367<\/td><\/tr><tr><td>32<\/td><td>Kubb SH Kids<\/td><td>59&nbsp;\/&nbsp;419<\/td><\/tr><tr><td>33<\/td><td>FC Kubbenhagen<\/td><td>58&nbsp;\/&nbsp;458<\/td><\/tr><tr><td>34<\/td><td>M\u00f6pkenbrote<\/td><td>57&nbsp;\/&nbsp;406<\/td><\/tr><tr><td>35<\/td><td>Kubb-Ahoi<\/td><td>57&nbsp;\/&nbsp;403<\/td><\/tr><tr><td>36<\/td><td>Raviolis<\/td><td>56&nbsp;\/&nbsp;393<\/td><\/tr><tr><td>37<\/td><td>Kubboom<\/td><td>56&nbsp;\/&nbsp;349<\/td><\/tr><tr><td>38<\/td><td>Kubb-SH feat. Anja<\/td><td>54&nbsp;\/&nbsp;406<\/td><\/tr><tr><td>39<\/td><td>L\u00f6wenkumpelz 1<\/td><td>53&nbsp;\/&nbsp;412<\/td><\/tr><tr><td>40<\/td><td>Kubbbolde<\/td><td>51&nbsp;\/&nbsp;407<\/td><\/tr><tr><td>41<\/td><td>BV Grubenlichter<\/td><td>49&nbsp;\/&nbsp;388<\/td><\/tr><tr><td>42<\/td><td>M\u00fchndler<\/td><td>48&nbsp;\/&nbsp;322<\/td><\/tr><tr><td>43<\/td><td>Klotzen statt kleckern<\/td><td>47&nbsp;\/&nbsp;352<\/td><\/tr><tr><td>44<\/td><td>Die Zugezogenen<\/td><td>44&nbsp;\/&nbsp;372<\/td><\/tr><tr><td>45<\/td><td>Flotte Biene I<\/td><td>41&nbsp;\/&nbsp;320<\/td><\/tr><tr><td>46<\/td><td>Bierathleten<\/td><td>39&nbsp;\/&nbsp;320<\/td><\/tr><tr><td>47<\/td><td>Die Peiner Kubb W\u00f6lfe<\/td><td>38&nbsp;\/&nbsp;327<\/td><\/tr><tr><td>48<\/td><td>BV Maulw\u00fcrfe<\/td><td>35&nbsp;\/&nbsp;318<\/td><\/tr><tr><td>49<\/td><td>Havana Kubb Cola<\/td><td>34&nbsp;\/&nbsp;370<\/td><\/tr><tr><td>50<\/td><td>Flotte Biene II<\/td><td>34&nbsp;\/&nbsp;312<\/td><\/tr><\/tbody><\/table><\/figure>\n\n\n\n<p><strong>\u00dcbersicht<\/strong><\/p>\n\n\n<div ><style>#sp-ea-3607 .spcollapsing { height: 0; overflow: hidden; transition-property: height;transition-duration: 300ms;}#sp-ea-3607.sp-easy-accordion>.sp-ea-single {margin-bottom: 10px; border: 1px solid #e2e2e2; }#sp-ea-3607.sp-easy-accordion>.sp-ea-single>.ea-header a {color: #dd3333;}#sp-ea-3607.sp-easy-accordion>.sp-ea-single>.sp-collapse>.ea-body {background: #fff; color: rgba(79,79,79,0.91);}#sp-ea-3607.sp-easy-accordion>.sp-ea-single {background: #ffffff;}#sp-ea-3607.sp-easy-accordion>.sp-ea-single>.ea-header a .ea-expand-icon { float: left; color: #dd3333;font-size: 16px;}<\/style><div id=\"sp_easy_accordion-1688882997\"><div id=\"sp-ea-3607\" class=\"sp-ea-one sp-easy-accordion\" data-ea-active=\"ea-click\" data-ea-mode=\"vertical\" data-preloader=\"\" data-scroll-active-item=\"\" data-offset-to-scroll=\"0\"><div class=\"ea-card sp-ea-single\"><h3 class=\"ea-header\"><a class=\"collapsed\" id=\"ea-header-36070\" role=\"button\" data-sptoggle=\"spcollapse\" data-sptarget=\"#collapse36070\" aria-controls=\"collapse36070\" href=\"#\" aria-expanded=\"false\" tabindex=\"0\"><i aria-hidden=\"true\" role=\"presentation\" class=\"ea-expand-icon eap-icon-ea-expand-plus\"><\/i> Rahmendaten<\/a><\/h3><div class=\"sp-collapse spcollapse spcollapse\" id=\"collapse36070\" data-parent=\"#sp-ea-3607\" role=\"region\" aria-labelledby=\"ea-header-36070\"> <div class=\"ea-body\"><ul><li>Termin: 09.09.2023 &#8211; immer am 2. Sonnabend im September<\/li><li>Format: 3+ vs 3+<\/li><li>Anerkannt als\u00a0<span style=\"color: #ff0000\"><a style=\"color: #ff0000\" href=\"http:\/\/www.dkubbb.de\/deutsches-kubb-ranking\/ranking-turniere\/\" target=\"_blank\" rel=\"noopener\"><strong>Ranking-Turnier <\/strong><\/a><\/span>des DKubbB.<\/li><li>Spielort: 38268 Lengede, Schachtweg 1.<\/li><li>Spielfl\u00e4che: Rasensportplatz.<\/li><li>Spielzeug: Vom DKubbB geliehene Sets (Kubb-Breite: 6,7 cm, Buchenholz)<\/li><li>Der Veranstalter ist \u00fcber kubb@sv-lengede.de zu erreichen.<\/li><\/ul><p>&nbsp;<\/p><ul><li>Begr\u00fc\u00dfung: 09:10 Uhr<\/li><li>Turnierfoto: 09:15 Uhr<\/li><li>Turnierstart: P\u00fcnktlich um 09.30 Uhr.<\/li><li>Geplantes Ende: Sp\u00e4testens 19.00 Uhr<\/li><\/ul><\/div><\/div><\/div><div class=\"ea-card sp-ea-single\"><h3 class=\"ea-header\"><a class=\"collapsed\" id=\"ea-header-36071\" role=\"button\" data-sptoggle=\"spcollapse\" data-sptarget=\"#collapse36071\" aria-controls=\"collapse36071\" href=\"#\" aria-expanded=\"false\" tabindex=\"0\"><i aria-hidden=\"true\" role=\"presentation\" class=\"ea-expand-icon eap-icon-ea-expand-plus\"><\/i> Anmeldung<\/a><\/h3><div class=\"sp-collapse spcollapse spcollapse\" id=\"collapse36071\" data-parent=\"#sp-ea-3607\" role=\"region\" aria-labelledby=\"ea-header-36071\"> <div class=\"ea-body\"><ul><li>Die Teilnahmegeb\u00fchr betr\u00e4gt 5\u20ac \/ Person, f\u00fcr Mitglieder des DKubbB ist sie gegen Nachweis auf 4\u20ac erm\u00e4\u00dfigt.<\/li><li>Den Obolus nehmen wir vor Ort in bar entgegen. Schon jetzt einmal: Dankesch\u00f6n \ud83d\ude42<\/li><li>Hier geht es zur <strong><span style=\"color: #ff0000\"><a style=\"color: #ff0000\" href=\"https:\/\/sv-lengede.de\/kbl\/anmeldung-zur-lengeder-kubb-open\/\" target=\"_blank\" rel=\"noopener\">Anmeldung.<\/a><\/span><\/strong><\/li><\/ul><\/div><\/div><\/div><div class=\"ea-card sp-ea-single\"><h3 class=\"ea-header\"><a class=\"collapsed\" id=\"ea-header-36072\" role=\"button\" data-sptoggle=\"spcollapse\" data-sptarget=\"#collapse36072\" aria-controls=\"collapse36072\" href=\"#\" aria-expanded=\"false\" tabindex=\"0\"><i aria-hidden=\"true\" role=\"presentation\" class=\"ea-expand-icon eap-icon-ea-expand-plus\"><\/i> Angemeldete Teams<\/a><\/h3><div class=\"sp-collapse spcollapse spcollapse\" id=\"collapse36072\" data-parent=\"#sp-ea-3607\" role=\"region\" aria-labelledby=\"ea-header-36072\"> <div class=\"ea-body\"><ul><li><div class=\"views-no-records-cnt\">No records found<\/div><\/li><\/ul><\/div><\/div><\/div><div class=\"ea-card sp-ea-single\"><h3 class=\"ea-header\"><a class=\"collapsed\" id=\"ea-header-36073\" role=\"button\" data-sptoggle=\"spcollapse\" data-sptarget=\"#collapse36073\" aria-controls=\"collapse36073\" href=\"#\" aria-expanded=\"false\" tabindex=\"0\"><i aria-hidden=\"true\" role=\"presentation\" class=\"ea-expand-icon eap-icon-ea-expand-plus\"><\/i> Spielregeln<\/a><\/h3><div class=\"sp-collapse spcollapse spcollapse\" id=\"collapse36073\" data-parent=\"#sp-ea-3607\" role=\"region\" aria-labelledby=\"ea-header-36073\"> <div class=\"ea-body\"><ul><li>Gespielt wird ohne Abweichung nach dem <span style=\"color: #ff6600\"><a style=\"color: #ff6600\" href=\"http:\/\/www.dkubbb.de\/der-dkubbb\/regelwerk\/\" target=\"_blank\" rel=\"noopener\">Regelwerk des DKubbB<\/a><\/span>.<\/li><\/ul><\/div><\/div><\/div><div class=\"ea-card sp-ea-single\"><h3 class=\"ea-header\"><a class=\"collapsed\" id=\"ea-header-36074\" role=\"button\" data-sptoggle=\"spcollapse\" data-sptarget=\"#collapse36074\" aria-controls=\"collapse36074\" href=\"#\" aria-expanded=\"false\" tabindex=\"0\"><i aria-hidden=\"true\" role=\"presentation\" class=\"ea-expand-icon eap-icon-ea-expand-plus\"><\/i> Modus<\/a><\/h3><div class=\"sp-collapse spcollapse spcollapse\" id=\"collapse36074\" data-parent=\"#sp-ea-3607\" role=\"region\" aria-labelledby=\"ea-header-36074\"> <div class=\"ea-body\"><p><strong>Schoch-Runden<\/strong><\/p><ul><li>Wir beginnen mit 8 Spiel-Runden mit je zwei S\u00e4tzen nach dem Schoch-System (Schweizer System), das im Laufe des Turniers zu immer spannender werdenden Spiel-Paarungen f\u00fchrt. Kein Team scheidet bei einer Niederlage aus.<\/li><li>Die Spielpaarungen der ersten Runde werden ausgelost. Die Spiel-Ergebnisse der vorherigen Runde\/n werden bei der Bildung der Spielpaarungen f\u00fcr die jeweils n\u00e4chste Spiel-Runde ber\u00fccksichtigt. Dabei wird das Ziel verfolgt und von Runde zu Runde besser erreicht, dass in etwa gleich gute Teams aufeinander treffen und damit jedes Spiel m\u00f6glichst spannend verl\u00e4uft.<\/li><li>Nach jeder Spielrunde entsteht eine aktuelle Rangliste, die anzeigt, wie die Teams im Gesamtfeld liegen.<\/li><li>Die Teams, die nach Runde 8 die Ranglisten-Pl\u00e4tze 1-8 belegen, erreichen das Viertel-Finale.<\/li><\/ul><p>&nbsp;<\/p><p><strong>Final-Runden<\/strong><\/p><ul><li>Die 8 besten Teams ermitteln im KO-System die Verteilung der Pl\u00e4tze. Die Verlierer des Viertelfinals belegen die Pl\u00e4tze 5-8. Es gibt keine weiteren Platzierungsspiele, die Reihenfolge in der Rangliste nach Ende der 8 Schochrunden wird \u00fcbernommen.<\/li><li>In Halbfinals und Finale werden die Pl\u00e4tze 1-4 sowie der Niedersachsen-Meister (nur Finale) ausgespielt. Die drittbeste Mannschaft aus Niedersachsen in der Rangliste hat diesen Platz ohne Entscheidungsspiel errungen.<\/li><\/ul><\/div><\/div><\/div><div class=\"ea-card sp-ea-single\"><h3 class=\"ea-header\"><a class=\"collapsed\" id=\"ea-header-36075\" role=\"button\" data-sptoggle=\"spcollapse\" data-sptarget=\"#collapse36075\" aria-controls=\"collapse36075\" href=\"#\" aria-expanded=\"false\" tabindex=\"0\"><i aria-hidden=\"true\" role=\"presentation\" class=\"ea-expand-icon eap-icon-ea-expand-plus\"><\/i> Spielwertung<\/a><\/h3><div class=\"sp-collapse spcollapse spcollapse\" id=\"collapse36075\" data-parent=\"#sp-ea-3607\" role=\"region\" aria-labelledby=\"ea-header-36075\"> <div class=\"ea-body\"><ul><li>Schochrunden &#8211; Wertung nach JeM<ul><li>Wenn der K\u00f6nig regelgerecht umgeworfen wurde, gibt es f\u00fcr den Sieg 8 Punkte und f\u00fcr die andere Seite so viele Punkte wie selbst Basis-Kubbs umgeworfen wurden. Anders formuliert: F\u00fcr jeden umgeworfenen Basis-Kubb gibt es einen Punkt, f\u00fcr den regelgerecht umgeworfenen K\u00f6nig drei Punkte. Denkbar sind also Ergebnisse wie 8:0, 8:5, 5:5, 4:1, 1:3, 1:0&#8230;<\/li><li>Wenn der K\u00f6nig nicht gefallen ist, gibt es f\u00fcr beide Seiten so viele Punkte wie selbst Basis-Kubbs umgeworfen wurden.<\/li><li>Die Zahl der Feld-Kubbs ist in keinem Fall relevant.<\/li><\/ul><\/li><li>Final-Runden<ul><li>Siegreich ist das Team, das im entscheidenden Satz den K\u00f6nigstreffer erzielt hat.<\/li><\/ul><\/li><\/ul><ul><li style=\"list-style-type: none\"><\/li><\/ul><\/div><\/div><\/div><div class=\"ea-card sp-ea-single\"><h3 class=\"ea-header\"><a class=\"collapsed\" id=\"ea-header-36076\" role=\"button\" data-sptoggle=\"spcollapse\" data-sptarget=\"#collapse36076\" aria-controls=\"collapse36076\" href=\"#\" aria-expanded=\"false\" tabindex=\"0\"><i aria-hidden=\"true\" role=\"presentation\" class=\"ea-expand-icon eap-icon-ea-expand-plus\"><\/i> Spieldauer <\/a><\/h3><div class=\"sp-collapse spcollapse spcollapse\" id=\"collapse36076\" data-parent=\"#sp-ea-3607\" role=\"region\" aria-labelledby=\"ea-header-36076\"> <div class=\"ea-body\"><ul><li>Schoch-Runden<ul><li>Zwei S\u00e4tze<\/li><li>Spieldauer: 30 min<\/li><li>Jede Schoch-Runde wird von der Regie zentral per Signal gestartet und beendet.<\/li><li>Nach dem Ende-Signal wird ggf. weitergespielt, bis das aktive Team seinen Zug durch Wurf seines letzten Stabs beendet hat.<\/li><li>Ein Zug hat durch einen regelgerecht gestarteten Einwuf eines Kubbs begonnen, wobei der Kubb die Hand verlassen haben muss. Das passive Team hat keinen Nachwurf.<\/li><\/ul><\/li><li>Final-Runden<ul><li>1. Runde:<br \/>Pl\u00e4tze 1-8: Zwei Gewinns\u00e4tze, 40 min Spielzeit + Tiebreak<\/li><li>2. Runde:<br \/>Pl\u00e4tze 5-8: Ein Gewinnsatz, 25 min Spielzeit + Tiebreak<br \/>Pl\u00e4tze 1-4 (Halbfinale): Zwei Gewinns\u00e4tze, 40 min Spielzeit + Tiebreak<\/li><li>3. Runde<br \/>\u2013 Pl\u00e4tze 5\/6 + 7\/8: Ein Gewinnsatz, 25 min Spielzeit + Tiebreak<br \/>\u2013 LKO \u2013 Spiel um Platz 3 \/ Finale Nds-Meisterschaft: Zwei Gewinns\u00e4tze, 30 min Spielzeit + Tiebreak<br \/>\u2013 LKO-Finale: Zwei Gewinns\u00e4tze, ohne Zeitbegrenzung<\/li><\/ul><\/li><\/ul><\/div><\/div><\/div><div class=\"ea-card sp-ea-single\"><h3 class=\"ea-header\"><a class=\"collapsed\" id=\"ea-header-36077\" role=\"button\" data-sptoggle=\"spcollapse\" data-sptarget=\"#collapse36077\" aria-controls=\"collapse36077\" href=\"#\" aria-expanded=\"false\" tabindex=\"0\"><i aria-hidden=\"true\" role=\"presentation\" class=\"ea-expand-icon eap-icon-ea-expand-plus\"><\/i> \u00dcbernachtung<\/a><\/h3><div class=\"sp-collapse spcollapse spcollapse\" id=\"collapse36077\" data-parent=\"#sp-ea-3607\" role=\"region\" aria-labelledby=\"ea-header-36077\"> <div class=\"ea-body\"><header class=\"entry-header\"><ul><li class=\"entry-title\"><span style=\"font-size: 16px\">F\u00fcr unsere ausw\u00e4rtigen G\u00e4ste besteht die M\u00f6glichkeit, von Freitag bis Sonntag gemeinsam mit anderen kostenfrei in der Sporthalle auf der Anlage des SV Lengede zu \u00fcbernachten.<\/span><\/li><li class=\"entry-title\">Wer sein Zelt aufschlagen oder sein Wohnmobil platzieren m\u00f6chte, kann auch dies gern tun<\/li><li class=\"entry-title\">Unterlagen und Schlafs\u00e4cke muss sich bitte jeder selbst mitbringen.<\/li><li class=\"entry-title\">Sanit\u00e4re Anlagen sind ausreichend vorhanden.<\/li><li class=\"entry-title\">Morgens wird ein einfaches Fr\u00fchst\u00fcck zum fairen Preis angeboten.<\/li><\/ul><\/header><div class=\"entry-content\"><p>Herzlich willkommen!<\/p><\/div><\/div><\/div><\/div><div class=\"ea-card sp-ea-single\"><h3 class=\"ea-header\"><a class=\"collapsed\" id=\"ea-header-36078\" role=\"button\" data-sptoggle=\"spcollapse\" data-sptarget=\"#collapse36078\" aria-controls=\"collapse36078\" href=\"#\" aria-expanded=\"false\" tabindex=\"0\"><i aria-hidden=\"true\" role=\"presentation\" class=\"ea-expand-icon eap-icon-ea-expand-plus\"><\/i> Doku 2022 &#8211; 2016<\/a><\/h3><div class=\"sp-collapse spcollapse spcollapse\" id=\"collapse36078\" data-parent=\"#sp-ea-3607\" role=\"region\" aria-labelledby=\"ea-header-36078\"> <div class=\"ea-body\"><p><span style=\"color: #ff0000\"><a style=\"color: #ff0000\" href=\"https:\/\/sv-lengede.de\/kbl\/doku-12-lko-9-ndsm-2022-09-10\/\">2022 &#8211; Nr. 12<\/a><\/span><\/p><p><span style=\"color: #ff0000\"><a style=\"color: #ff0000\" href=\"http:\/\/- Nr. 11\">2021 &#8211; Nr. 11<\/a><\/span><\/p><p><span style=\"color: #ff0000\"><a style=\"color: #ff0000\" href=\"https:\/\/sv-lengede.de\/kbl\/lengeder-kubb-open\/doku-10-lko-7-ndsm-2018-09-08-2-nkjm\/\">2019 &#8211; Nr. 10<\/a><\/span><\/p><p><span style=\"color: #ff0000\"><a style=\"color: #ff0000\" href=\"https:\/\/sv-lengede.de\/kbl\/lengeder-kubb-open\/doku-9-lko-6-ndsm-2018-09-8\/\">2018 &#8211; Nr. 9<\/a><\/span><\/p><p><span style=\"color: #ff0000\"><a style=\"color: #ff0000\" href=\"https:\/\/sv-lengede.de\/kbl\/lengeder-kubb-open\/doku-8-lko-5-ndsm-2017-09-09\/\">2017 &#8211; Nr. 8<\/a><\/span><\/p><p><span style=\"color: #ff0000\"><a style=\"color: #ff0000\" href=\"https:\/\/sv-lengede.de\/kbl\/lengeder-kubb-open\/7-lko-4-ndsm-2016-06-11\/\">2016 &#8211; Nr. 7<\/a><\/span><\/p><p>2015 &#8211; Nr. 6<\/p><p>2014 &#8211; Nr. 5<\/p><p>2013 &#8211; Nr. 4<\/p><p>2012 &#8211; Nr. 3<\/p><p>2011 &#8211; Nr. 2<\/p><p>2010 &#8211; Nr. 1<\/p><\/div><\/div><\/div><div class=\"ea-card sp-ea-single\"><h3 class=\"ea-header\"><a class=\"collapsed\" id=\"ea-header-36079\" role=\"button\" data-sptoggle=\"spcollapse\" data-sptarget=\"#collapse36079\" aria-controls=\"collapse36079\" href=\"#\" aria-expanded=\"false\" tabindex=\"0\"><i aria-hidden=\"true\" role=\"presentation\" class=\"ea-expand-icon eap-icon-ea-expand-plus\"><\/i> live.dkubbb<\/a><\/h3><div class=\"sp-collapse spcollapse spcollapse\" id=\"collapse36079\" data-parent=\"#sp-ea-3607\" role=\"region\" aria-labelledby=\"ea-header-36079\"> <div class=\"ea-body\"><p><a href=\"http:\/\/www.live.dkubbb.de\" target=\"_blank\" rel=\"noopener\">live.dkubbb.de<\/a><\/p><\/div><\/div><\/div><\/div><\/div><\/div>","protected":false},"excerpt":{"rendered":"<p>13. Lengeder Kubb Open \u2013 LKO&nbsp;am 09.09.2023 10.&nbsp;Niedersachsen-Meisterschaft \u2013 in LKO integriert 2. Lengeder Welcome-Cup \u2013 LWC&nbsp;am 08.09.2023 Ausgeloste Gewinner Livestreams auf facebook Viertelfinale GIPFELST\u00dcRMER &#8211; 2 vs. LAIENSPIELTRUPPE &#8211; 0 &nbsp;ZWEI SVENS FEAT. JPV &#8211; 1 vs. DE WOODYS&#8230;<\/p>\n","protected":false},"author":1,"featured_media":0,"parent":0,"menu_order":0,"comment_status":"closed","ping_status":"closed","template":"template-fullwidth.php","meta":{"footnotes":""},"class_list":["post-3833","page","type-page","status-publish","hentry","no-post-thumbnail"],"post_mailing_queue_ids":[],"_links":{"self":[{"href":"https:\/\/sv-lengede.de\/kbl\/wp-json\/wp\/v2\/pages\/3833","targetHints":{"allow":["GET"]}}],"collection":[{"href":"https:\/\/sv-lengede.de\/kbl\/wp-json\/wp\/v2\/pages"}],"about":[{"href":"https:\/\/sv-lengede.de\/kbl\/wp-json\/wp\/v2\/types\/page"}],"author":[{"embeddable":true,"href":"https:\/\/sv-lengede.de\/kbl\/wp-json\/wp\/v2\/users\/1"}],"replies":[{"embeddable":true,"href":"https:\/\/sv-lengede.de\/kbl\/wp-json\/wp\/v2\/comments?post=3833"}],"version-history":[{"count":10,"href":"https:\/\/sv-lengede.de\/kbl\/wp-json\/wp\/v2\/pages\/3833\/revisions"}],"predecessor-version":[{"id":3938,"href":"https:\/\/sv-lengede.de\/kbl\/wp-json\/wp\/v2\/pages\/3833\/revisions\/3938"}],"wp:attachment":[{"href":"https:\/\/sv-lengede.de\/kbl\/wp-json\/wp\/v2\/media?parent=3833"}],"curies":[{"name":"wp","href":"https:\/\/api.w.org\/{rel}","templated":true}]}}