{"id":2945,"date":"2022-01-12T12:07:11","date_gmt":"2022-01-12T11:07:11","guid":{"rendered":"https:\/\/sv-lengede.de\/kbl\/?page_id=2945"},"modified":"2024-08-17T20:27:43","modified_gmt":"2024-08-17T18:27:43","slug":"doko-lwc-2022","status":"publish","type":"page","link":"https:\/\/sv-lengede.de\/kbl\/doko-lwc-2022\/","title":{"rendered":"Doku 2. LWC &#8211; 2023-09-08"},"content":{"rendered":"<div class=\"wp-block-image\">\n<figure class=\"alignright size-medium is-resized\"><img loading=\"lazy\" decoding=\"async\" src=\"https:\/\/sv-lengede.de\/kbl\/wp-content\/uploads\/2017\/03\/DKubbB_RankingTurnier_Logo_kurz_farbig-300x300.png\" alt=\"\" class=\"wp-image-1351\" width=\"132\" height=\"132\" srcset=\"https:\/\/sv-lengede.de\/kbl\/wp-content\/uploads\/2017\/03\/DKubbB_RankingTurnier_Logo_kurz_farbig-300x300.png 300w, https:\/\/sv-lengede.de\/kbl\/wp-content\/uploads\/2017\/03\/DKubbB_RankingTurnier_Logo_kurz_farbig-150x150.png 150w, https:\/\/sv-lengede.de\/kbl\/wp-content\/uploads\/2017\/03\/DKubbB_RankingTurnier_Logo_kurz_farbig-768x768.png 768w, https:\/\/sv-lengede.de\/kbl\/wp-content\/uploads\/2017\/03\/DKubbB_RankingTurnier_Logo_kurz_farbig-1024x1024.png 1024w, https:\/\/sv-lengede.de\/kbl\/wp-content\/uploads\/2017\/03\/DKubbB_RankingTurnier_Logo_kurz_farbig-600x600.png 600w, https:\/\/sv-lengede.de\/kbl\/wp-content\/uploads\/2017\/03\/DKubbB_RankingTurnier_Logo_kurz_farbig.png 1182w\" sizes=\"auto, (max-width: 132px) 100vw, 132px\" \/><\/figure><\/div>\n\n\n<p><strong><span class=\"has-inline-color has-vivid-green-cyan-color\">Immer am 2. Freitag im September<\/span><\/strong><\/p>\n\n\n\n<p>Hier die Ergebnisse vom 08.09.2023:<\/p>\n\n\n\n<ul class=\"wp-block-list\">\n<li>1. Olaf Klemt<\/li>\n\n\n\n<li>2. John Krause<\/li>\n\n\n\n<li>3. Sven Mampe<\/li>\n\n\n\n<li>4. Jens Meier<\/li>\n<\/ul>\n\n\n\n<p>Alle Spiele und Ergebnisse sind nachzulesen unter<br><a href=\"http:\/\/www.live.dkubbb.de\/\" target=\"_blank\" rel=\"noreferrer noopener\">live.dkubbb.de<\/a><\/p>\n\n\n\n<figure class=\"wp-block-image size-large\"><img loading=\"lazy\" decoding=\"async\" width=\"1024\" height=\"577\" src=\"http:\/\/sv-lengede.de\/kbl\/wp-content\/uploads\/2023\/09\/2023-08-09-lwc-sieger-1024x577.jpg\" alt=\"\" class=\"wp-image-3766\" srcset=\"https:\/\/sv-lengede.de\/kbl\/wp-content\/uploads\/2023\/09\/2023-08-09-lwc-sieger-1024x577.jpg 1024w, https:\/\/sv-lengede.de\/kbl\/wp-content\/uploads\/2023\/09\/2023-08-09-lwc-sieger-300x169.jpg 300w, https:\/\/sv-lengede.de\/kbl\/wp-content\/uploads\/2023\/09\/2023-08-09-lwc-sieger-768x432.jpg 768w, https:\/\/sv-lengede.de\/kbl\/wp-content\/uploads\/2023\/09\/2023-08-09-lwc-sieger-600x338.jpg 600w, https:\/\/sv-lengede.de\/kbl\/wp-content\/uploads\/2023\/09\/2023-08-09-lwc-sieger-1536x865.jpg 1536w, https:\/\/sv-lengede.de\/kbl\/wp-content\/uploads\/2023\/09\/2023-08-09-lwc-sieger-2048x1153.jpg 2048w, https:\/\/sv-lengede.de\/kbl\/wp-content\/uploads\/2023\/09\/2023-08-09-lwc-sieger-1320x743.jpg 1320w\" sizes=\"auto, (max-width: 1024px) 100vw, 1024px\" \/><figcaption class=\"wp-element-caption\">Jens Meier (4), Sven Mampe (3), Olaf Klemt (1) und John Krause (2)<\/figcaption><\/figure>\n\n\n\n<figure class=\"wp-block-image size-large\"><img loading=\"lazy\" decoding=\"async\" width=\"1024\" height=\"554\" src=\"http:\/\/sv-lengede.de\/kbl\/wp-content\/uploads\/2023\/09\/2023-lwc-turnierfoto-2-1024x554.jpg\" alt=\"\" class=\"wp-image-3811\" srcset=\"https:\/\/sv-lengede.de\/kbl\/wp-content\/uploads\/2023\/09\/2023-lwc-turnierfoto-2-1024x554.jpg 1024w, https:\/\/sv-lengede.de\/kbl\/wp-content\/uploads\/2023\/09\/2023-lwc-turnierfoto-2-300x162.jpg 300w, https:\/\/sv-lengede.de\/kbl\/wp-content\/uploads\/2023\/09\/2023-lwc-turnierfoto-2-768x416.jpg 768w, https:\/\/sv-lengede.de\/kbl\/wp-content\/uploads\/2023\/09\/2023-lwc-turnierfoto-2-600x325.jpg 600w, https:\/\/sv-lengede.de\/kbl\/wp-content\/uploads\/2023\/09\/2023-lwc-turnierfoto-2-1536x832.jpg 1536w, https:\/\/sv-lengede.de\/kbl\/wp-content\/uploads\/2023\/09\/2023-lwc-turnierfoto-2-1320x715.jpg 1320w, https:\/\/sv-lengede.de\/kbl\/wp-content\/uploads\/2023\/09\/2023-lwc-turnierfoto-2.jpg 1947w\" sizes=\"auto, (max-width: 1024px) 100vw, 1024px\" \/><figcaption class=\"wp-element-caption\">Hoffentlich alle 48 Aktiven.<\/figcaption><\/figure>\n\n\n\n<hr class=\"wp-block-separator has-alpha-channel-opacity\"\/>\n\n\n\n<p>&nbsp;<\/p>\n\n\n\n<p><strong>Viertelfinale<\/strong><\/p>\n\n\n\n<p>OLAF KLEMT1 &#8211;&nbsp;BORIS KAUFMANN0<\/p>\n\n\n\n<p>&nbsp;WOLLI I WOLFGANG MENGER 0 &#8211;&nbsp;JENS | JENS MEIER 1<\/p>\n\n\n\n<p>&nbsp;SVEN MAMPE 1 &#8211; &nbsp;ALEX | ALEXANDER GIMBER 0<\/p>\n\n\n\n<p>&nbsp;MATTHES | MATTHES WIECHMANN 0 &#8211;&nbsp;KUBBACCA I JOHN KRAUSE 1<\/p>\n\n\n\n<p><strong>Semifinals<\/strong><\/p>\n\n\n\n<p>&nbsp;OLAF KLEMT 1 &#8211; &nbsp;JENS | JENS MEIER 0<\/p>\n\n\n\n<p>&nbsp;SVEN MAMPE 0 &#8211;&nbsp;KUBBACCA I JOHN KRAUSE 2<\/p>\n\n\n\n<p><strong>Finals<\/strong><\/p>\n\n\n\n<p>&nbsp;OLAF KLEMT 2 &#8211; &nbsp;KUBBACCA I JOHN KRAUSE 0<\/p>\n\n\n\n<p>&nbsp;JENS | JENS MEIER 0 &#8211; &nbsp;SVEN MAMPE 2<\/p>\n\n\n\n<hr class=\"wp-block-separator has-alpha-channel-opacity\"\/>\n\n\n\n<p><strong>Rangliste nach Ende der Schoch-Runden<\/strong><\/p>\n\n\n\n<figure class=\"wp-block-table\"><table><tbody><tr><td>1<\/td><td>Olaf Klemt<\/td><td>56&nbsp;\/&nbsp;358<\/td><\/tr><tr><td>2<\/td><td>Wolli I Wolfgang Menger<\/td><td>56&nbsp;\/&nbsp;340<\/td><\/tr><tr><td>3<\/td><td>Sven Mampe<\/td><td>55&nbsp;\/&nbsp;348<\/td><\/tr><tr><td>4<\/td><td>Matthes | Matthes Wiechmann<\/td><td>54&nbsp;\/&nbsp;346<\/td><\/tr><tr><td>5<\/td><td>kubbacca I John Krause<\/td><td>53&nbsp;\/&nbsp;320<\/td><\/tr><tr><td>6<\/td><td>Alex | Alexander Gimber<\/td><td>49&nbsp;\/&nbsp;304<\/td><\/tr><tr><td>7<\/td><td>Jens | Jens Meier<\/td><td>48&nbsp;\/&nbsp;313<\/td><\/tr><tr><td>8<\/td><td>Boris Kaufmann<\/td><td>47&nbsp;\/&nbsp;286<\/td><\/tr><tr><td>9<\/td><td>Wolfgang I Wolfgang K\u00f6hler<\/td><td>46&nbsp;\/&nbsp;337<\/td><\/tr><tr><td>10<\/td><td>Sven T. I Sven Thiele<\/td><td>46&nbsp;\/&nbsp;304<\/td><\/tr><tr><td>11<\/td><td>J\u00f6rg Kolberg<\/td><td>46&nbsp;\/&nbsp;295<\/td><\/tr><tr><td>12<\/td><td>Marco Lindenschmidt<\/td><td>46&nbsp;\/&nbsp;238<\/td><\/tr><tr><td>13<\/td><td>Hinnerk Wurfholz I Matthias Fesser<\/td><td>45&nbsp;\/&nbsp;253<\/td><\/tr><tr><td>14<\/td><td>Sven J\u00e4hne<\/td><td>44&nbsp;\/&nbsp;334<\/td><\/tr><tr><td>15<\/td><td>Norbert I Norbert Bosau<\/td><td>44&nbsp;\/&nbsp;315<\/td><\/tr><tr><td>16<\/td><td>di Stefano I Stefan Vorrink<\/td><td>44&nbsp;\/&nbsp;311<\/td><\/tr><tr><td>17<\/td><td>Holger Liebelt<\/td><td>43&nbsp;\/&nbsp;283<\/td><\/tr><tr><td>18<\/td><td>G\u00fcnther Kr\u00f6ger<\/td><td>41&nbsp;\/&nbsp;264<\/td><\/tr><tr><td>19<\/td><td>Eitel I Eitel Redmer<\/td><td>41&nbsp;\/&nbsp;244<\/td><\/tr><tr><td>20<\/td><td>Jens24 I Jens Pergande<\/td><td>39&nbsp;\/&nbsp;312<\/td><\/tr><tr><td>21<\/td><td>Basti I Basti Topel<\/td><td>39&nbsp;\/&nbsp;287<\/td><\/tr><tr><td>22<\/td><td>Georg Brink<\/td><td>39&nbsp;\/&nbsp;286<\/td><\/tr><tr><td>23<\/td><td>Bodi Blatter | Gordon Bode<\/td><td>39&nbsp;\/&nbsp;265<\/td><\/tr><tr><td>24<\/td><td>Mr. Miyagi I Volker Siebelmann<\/td><td>38&nbsp;\/&nbsp;300<\/td><\/tr><tr><td>25<\/td><td>J\u00fcrgen Feige<\/td><td>38&nbsp;\/&nbsp;221<\/td><\/tr><tr><td>26<\/td><td>Andreas Fach<\/td><td>37&nbsp;\/&nbsp;267<\/td><\/tr><tr><td>27<\/td><td>Jule I Jule Rodeh\u00fcser<\/td><td>37&nbsp;\/&nbsp;263<\/td><\/tr><tr><td>28<\/td><td>Svenner | Sven Willberg<\/td><td>37&nbsp;\/&nbsp;254<\/td><\/tr><tr><td>29<\/td><td>Sascha I Sascha Br\u00fcggenolte<\/td><td>37&nbsp;\/&nbsp;210<\/td><\/tr><tr><td>30<\/td><td>Maik G\u00e4rber<\/td><td>36&nbsp;\/&nbsp;305<\/td><\/tr><tr><td>31<\/td><td>Thomas | Thomas Funk<\/td><td>36&nbsp;\/&nbsp;229<\/td><\/tr><tr><td>32<\/td><td>Wolfgang Rox<\/td><td>34&nbsp;\/&nbsp;269<\/td><\/tr><tr><td>33<\/td><td>Holger Meier<\/td><td>34&nbsp;\/&nbsp;259<\/td><\/tr><tr><td>34<\/td><td>Tuula Fesser<\/td><td>33&nbsp;\/&nbsp;261<\/td><\/tr><tr><td>35<\/td><td>Opi | Wolfgang Bosau<\/td><td>33&nbsp;\/&nbsp;220<\/td><\/tr><tr><td>36<\/td><td>Paula I Nancy Paul<\/td><td>31&nbsp;\/&nbsp;247<\/td><\/tr><tr><td>37<\/td><td>Tim I Tim Lohmann<\/td><td>29&nbsp;\/&nbsp;257<\/td><\/tr><tr><td>38<\/td><td>Rainer Maxin<\/td><td>29&nbsp;\/&nbsp;204<\/td><\/tr><tr><td>39<\/td><td>Didi Rox<\/td><td>27&nbsp;\/&nbsp;230<\/td><\/tr><tr><td>40<\/td><td>Frauke Lischka<\/td><td>26&nbsp;\/&nbsp;204<\/td><\/tr><tr><td>41<\/td><td>Ren\u00e9 I Ren\u00e9 Sonn-Lembke<\/td><td>25&nbsp;\/&nbsp;230<\/td><\/tr><tr><td>42<\/td><td>\u00c4ggi | Eric Flory<\/td><td>25&nbsp;\/&nbsp;215<\/td><\/tr><tr><td>43<\/td><td>Michael Arning<\/td><td>24&nbsp;\/&nbsp;209<\/td><\/tr><tr><td>44<\/td><td>Frank I Frank B\u00fcttgenbach-Maa\u00dfen<\/td><td>24&nbsp;\/&nbsp;167<\/td><\/tr><tr><td>45<\/td><td>Geli Schmiechen<\/td><td>23&nbsp;\/&nbsp;197<\/td><\/tr><tr><td>46<\/td><td>Anja I Anja Roesnick<\/td><td>23&nbsp;\/&nbsp;176<\/td><\/tr><tr><td>47<\/td><td>Marlon I Marlon Maa\u00dfen<\/td><td>22&nbsp;\/&nbsp;157<\/td><\/tr><tr><td>48<\/td><td>Lasse | Lasse Funke<\/td><td>12&nbsp;\/&nbsp;176<\/td><\/tr><\/tbody><\/table><\/figure>\n\n\n\n<hr class=\"wp-block-separator has-alpha-channel-opacity\"\/>\n\n\n\n<p><strong>Herzlich willkommen<\/strong> &#8211; <strong>welcome<\/strong>,<br>dies m\u00f6chten wir euch am <strong>Freitag, 08.09.2023,<\/strong> <br>mit einem <strong>Einzel-Turnier<\/strong> sagen.<\/p>\n\n\n<style>#sp-ea-3651 .spcollapsing { height: 0; overflow: hidden; transition-property: height;transition-duration: 300ms;}#sp-ea-3651.sp-easy-accordion>.sp-ea-single {margin-bottom: 10px; border: 1px solid #e2e2e2; }#sp-ea-3651.sp-easy-accordion>.sp-ea-single>.ea-header a {color: #dd3333;}#sp-ea-3651.sp-easy-accordion>.sp-ea-single>.sp-collapse>.ea-body {background: #fff; color: #4c4c4c;}#sp-ea-3651.sp-easy-accordion>.sp-ea-single {background: #ffffff;}#sp-ea-3651.sp-easy-accordion>.sp-ea-single>.ea-header a .ea-expand-icon { float: left; color: #dd3333;font-size: 16px;}<\/style><div id=\"sp_easy_accordion-1689779697\"><div id=\"sp-ea-3651\" class=\"sp-ea-one sp-easy-accordion\" data-ea-active=\"ea-click\" data-ea-mode=\"vertical\" data-preloader=\"\" data-scroll-active-item=\"\" data-offset-to-scroll=\"0\"><div class=\"ea-card sp-ea-single\"><h3 class=\"ea-header\"><a class=\"collapsed\" id=\"ea-header-36510\" role=\"button\" data-sptoggle=\"spcollapse\" data-sptarget=\"#collapse36510\" aria-controls=\"collapse36510\" href=\"#\" aria-expanded=\"false\" tabindex=\"0\"><i aria-hidden=\"true\" role=\"presentation\" class=\"ea-expand-icon eap-icon-ea-expand-plus\"><\/i> Rahmendaten<\/a><\/h3><div class=\"sp-collapse spcollapse spcollapse\" id=\"collapse36510\" data-parent=\"#sp-ea-3651\" role=\"region\" aria-labelledby=\"ea-header-36510\"> <div class=\"ea-body\"><ul><li>Termin: 08.09.2023 - immer am 2. Freitag im September<\/li><li>Format: 1 vs 1<\/li><li>Anerkannt als\u00a0<span style=\"color: #ff0000\"><a style=\"color: #ff0000\" href=\"http:\/\/www.dkubbb.de\/deutsches-kubb-ranking\/ranking-turniere\/\" target=\"_blank\" rel=\"noopener\"><strong>Ranking-Turnier<\/strong><\/a><\/span>\u00a0des DKubbB.<\/li><li>Spielort: 38268 Lengede, Schachtweg 1.<\/li><li>Spielfl\u00e4che: Rasensportplatz.<\/li><li>Spielzeug: Vom DKubbB geliehene Sets (Kubb-Breite: 6,7 cm, Buchenholz)<\/li><li>Der Veranstalter ist \u00fcber kubb@sv-lengede.de zu erreichen.<\/li><\/ul><p>&nbsp;<\/p><ul><li>Begr\u00fc\u00dfung: 18:10 Uhr<\/li><li>Turnierfoto: 18:15 Uhr<\/li><li>Turnierstart: P\u00fcnktlich um 18.30 Uhr.<\/li><li>Ehrungen: Direkt im Anschluss mit einer Flower-Zeremonie, ganz gro\u00df bei den Lengeder Kubb Open<\/li><li>Geplantes Ende: Sp\u00e4testens 22.30Uhr<\/li><\/ul><\/div><\/div><\/div><div class=\"ea-card sp-ea-single\"><h3 class=\"ea-header\"><a class=\"collapsed\" id=\"ea-header-36511\" role=\"button\" data-sptoggle=\"spcollapse\" data-sptarget=\"#collapse36511\" aria-controls=\"collapse36511\" href=\"#\" aria-expanded=\"false\" tabindex=\"0\"><i aria-hidden=\"true\" role=\"presentation\" class=\"ea-expand-icon eap-icon-ea-expand-plus\"><\/i> Spielregeln<\/a><\/h3><div class=\"sp-collapse spcollapse spcollapse\" id=\"collapse36511\" data-parent=\"#sp-ea-3651\" role=\"region\" aria-labelledby=\"ea-header-36511\"> <div class=\"ea-body\"><ul><li>Gespielt wird ohne Abweichung nach dem <span style=\"color: #ff6600\"><a style=\"color: #ff6600\" href=\"http:\/\/www.dkubbb.de\/der-dkubbb\/regelwerk\/\" target=\"_blank\" rel=\"noopener\">Regelwerk des DKubbB<\/a><\/span>.<\/li><\/ul><\/div><\/div><\/div><div class=\"ea-card sp-ea-single\"><h3 class=\"ea-header\"><a class=\"collapsed\" id=\"ea-header-36512\" role=\"button\" data-sptoggle=\"spcollapse\" data-sptarget=\"#collapse36512\" aria-controls=\"collapse36512\" href=\"#\" aria-expanded=\"false\" tabindex=\"0\"><i aria-hidden=\"true\" role=\"presentation\" class=\"ea-expand-icon eap-icon-ea-expand-plus\"><\/i> Modus<\/a><\/h3><div class=\"sp-collapse spcollapse spcollapse\" id=\"collapse36512\" data-parent=\"#sp-ea-3651\" role=\"region\" aria-labelledby=\"ea-header-36512\"> <div class=\"ea-body\"><ul><li>8 Runden im Schoch-Modus<\/li><li>Halbfinale\u00a0f\u00fcr die vier Bestplatzierten des Schoch-Modus<\/li><li>Spiel um Platz 3<\/li><li>Spiel um Platz 1<\/li><\/ul><\/div><\/div><\/div><div class=\"ea-card sp-ea-single\"><h3 class=\"ea-header\"><a class=\"collapsed\" id=\"ea-header-36513\" role=\"button\" data-sptoggle=\"spcollapse\" data-sptarget=\"#collapse36513\" aria-controls=\"collapse36513\" href=\"#\" aria-expanded=\"false\" tabindex=\"0\"><i aria-hidden=\"true\" role=\"presentation\" class=\"ea-expand-icon eap-icon-ea-expand-plus\"><\/i> Spielwertung<\/a><\/h3><div class=\"sp-collapse spcollapse spcollapse\" id=\"collapse36513\" data-parent=\"#sp-ea-3651\" role=\"region\" aria-labelledby=\"ea-header-36513\"> <div class=\"ea-body\"><ul><li>Schochrunden - Wertung nach JeM<ul><li>Wenn der K\u00f6nig regelgerecht umgeworfen wurde, gibt es f\u00fcr den Sieg 8 Punkte und f\u00fcr die andere Seite so viele Punkte wie selbst Basis-Kubbs umgeworfen wurden. Anders formuliert: F\u00fcr jeden umgeworfenen Basis-Kubb gibt es einen Punkt, f\u00fcr den regelgerecht umgeworfenen K\u00f6nig drei Punkte. Denkbar sind also Ergebnisse wie 8:0, 8:5, 5:5, 4:1, 1:3, 1:0...<\/li><li>Wenn der K\u00f6nig nicht gefallen ist, gibt es also f\u00fcr beide Seiten so viele Punkte wie selbst Basis-Kubbs umgeworfen wurden.<\/li><li>Die Zahl der Feld-Kubbs ist in keinem Fall relevant.<\/li><\/ul><\/li><li>Final-Runden<ul><li>Siegreich ist das Team, das im entscheidenden Satz den K\u00f6nigstreffer erzielt hat.<\/li><\/ul><\/li><\/ul><ul><li style=\"list-style-type: none\"><ul><li style=\"list-style-type: none\"><\/li><\/ul><\/li><\/ul><\/div><\/div><\/div><div class=\"ea-card sp-ea-single\"><h3 class=\"ea-header\"><a class=\"collapsed\" id=\"ea-header-36514\" role=\"button\" data-sptoggle=\"spcollapse\" data-sptarget=\"#collapse36514\" aria-controls=\"collapse36514\" href=\"#\" aria-expanded=\"false\" tabindex=\"0\"><i aria-hidden=\"true\" role=\"presentation\" class=\"ea-expand-icon eap-icon-ea-expand-plus\"><\/i> Spieldauer <\/a><\/h3><div class=\"sp-collapse spcollapse spcollapse\" id=\"collapse36514\" data-parent=\"#sp-ea-3651\" role=\"region\" aria-labelledby=\"ea-header-36514\"> <div class=\"ea-body\"><ul><li>Schoch-Runden<ul><li>Ein Gewinnsatz<\/li><li>Spieldauer: 15 min<\/li><li>Jede Schoch-Runde wird von der Regie zentral per Signal gestartet und beendet.<\/li><li>Nach dem Ende-Signal wird ggf. weitergespielt, bis die aktive Person\u00a0 ihren Zug durch Wurf seines letzten Stabs beendet hat. Ein Zug hat durch - je nach Erfordernis - einen regelgerecht gestarteten Einwuf eines Kubbs oder Wurf eines Stabs begonnen, wobei das Wurfobjektiv die Hand verlassen haben muss. Die passive Person hat keinen Nachwurf.<\/li><li><\/li><\/ul><\/li><li>Final-Runden<ul><li>Halbfinale\u00a0f\u00fcr die vier Bestplatzierten des Schoch-Modus<ul><li>2 Gewinns\u00e4tze<\/li><li>Spieldauer: 25 Minuten + Tiebreak<\/li><\/ul><\/li><li>Spiel um Platz 3<ul><li>2 Gewinns\u00e4tze<\/li><\/ul><ul><li>Spieldauer: 20 Minuten + Tiebreak<\/li><\/ul><\/li><li>Spiel um Platz 1<ul><li>Spieldauer: 2 Gewinns\u00e4tze<\/li><li>Kein Zeitlimit<\/li><\/ul><\/li><\/ul><\/li><\/ul><\/div><\/div><\/div><div class=\"ea-card sp-ea-single\"><h3 class=\"ea-header\"><a class=\"collapsed\" id=\"ea-header-36515\" role=\"button\" data-sptoggle=\"spcollapse\" data-sptarget=\"#collapse36515\" aria-controls=\"collapse36515\" href=\"#\" aria-expanded=\"false\" tabindex=\"0\"><i aria-hidden=\"true\" role=\"presentation\" class=\"ea-expand-icon eap-icon-ea-expand-plus\"><\/i> \u00dcbernachtung<\/a><\/h3><div class=\"sp-collapse spcollapse spcollapse\" id=\"collapse36515\" data-parent=\"#sp-ea-3651\" role=\"region\" aria-labelledby=\"ea-header-36515\"> <div class=\"ea-body\"><header class=\"entry-header\"><ul><li class=\"entry-title\"><span style=\"font-size: 16px\">F\u00fcr unsere ausw\u00e4rtigen G\u00e4ste besteht die M\u00f6glichkeit, von Freitag bis Sonntag gemeinsam mit anderen kostenfrei in der Sporthalle auf der Anlage des SV Lengede zu \u00fcbernachten.<\/span><\/li><li class=\"entry-title\">Wer sein Zelt aufschlagen oder sein Wohnmobil platzieren m\u00f6chte, kann auch dies gern tun<\/li><li class=\"entry-title\">Unterlagen und Schlafs\u00e4cke muss sich bitte jeder selbst mitbringen.<\/li><li class=\"entry-title\">Sanit\u00e4re Anlagen sind ausreichend vorhanden.<\/li><li class=\"entry-title\">Morgens wird ein einfaches Fr\u00fchst\u00fcck zum fairen Preis angeboten.<\/li><\/ul><\/header><div class=\"entry-content\"><p>Herzlich willkommen!<\/p><\/div><\/div><\/div><\/div><div class=\"ea-card sp-ea-single\"><h3 class=\"ea-header\"><a class=\"collapsed\" id=\"ea-header-36516\" role=\"button\" data-sptoggle=\"spcollapse\" data-sptarget=\"#collapse36516\" aria-controls=\"collapse36516\" href=\"#\" aria-expanded=\"false\" tabindex=\"0\"><i aria-hidden=\"true\" role=\"presentation\" class=\"ea-expand-icon eap-icon-ea-expand-plus\"><\/i> Doku 2022<\/a><\/h3><div class=\"sp-collapse spcollapse spcollapse\" id=\"collapse36516\" data-parent=\"#sp-ea-3651\" role=\"region\" aria-labelledby=\"ea-header-36516\"> <div class=\"ea-body\"><p><a href=\"https:\/\/sv-lengede.de\/kbl\/welcome-cup\/doku-1-welcome-cup-2022\/\" target=\"_blank\" rel=\"noopener\"><span style=\"color: #ff0000\">2022 - Nr. 1<\/span><\/a><\/p><\/div><\/div><\/div><div class=\"ea-card sp-ea-single\"><h3 class=\"ea-header\"><a class=\"collapsed\" id=\"ea-header-36517\" role=\"button\" data-sptoggle=\"spcollapse\" data-sptarget=\"#collapse36517\" aria-controls=\"collapse36517\" href=\"#\" aria-expanded=\"false\" tabindex=\"0\"><i aria-hidden=\"true\" role=\"presentation\" class=\"ea-expand-icon eap-icon-ea-expand-plus\"><\/i> live.dkubbb<\/a><\/h3><div class=\"sp-collapse spcollapse spcollapse\" id=\"collapse36517\" data-parent=\"#sp-ea-3651\" role=\"region\" aria-labelledby=\"ea-header-36517\"> <div class=\"ea-body\"><ul><li><a href=\"http:\/\/www.live.dkubbb.de\/\" target=\"_blank\" rel=\"noopener\">live.dkubbb.de<\/a><\/li><\/ul><\/div><\/div><\/div><\/div><\/div>\n\n\n\n<p><\/p>\n\n\n\n<p><\/p>\n\n\n\n<p class=\"has-text-align-center\"><strong>Lengeder Welcome-Cup ago<\/strong><\/p>\n\n\n\n<figure class=\"wp-block-image size-large\"><img loading=\"lazy\" decoding=\"async\" width=\"1024\" height=\"554\" src=\"http:\/\/sv-lengede.de\/kbl\/wp-content\/uploads\/2023\/09\/2023-lwc-turnierfoto-3-1024x554.jpg\" alt=\"\" class=\"wp-image-3815\" srcset=\"https:\/\/sv-lengede.de\/kbl\/wp-content\/uploads\/2023\/09\/2023-lwc-turnierfoto-3-1024x554.jpg 1024w, https:\/\/sv-lengede.de\/kbl\/wp-content\/uploads\/2023\/09\/2023-lwc-turnierfoto-3-300x162.jpg 300w, https:\/\/sv-lengede.de\/kbl\/wp-content\/uploads\/2023\/09\/2023-lwc-turnierfoto-3-768x416.jpg 768w, https:\/\/sv-lengede.de\/kbl\/wp-content\/uploads\/2023\/09\/2023-lwc-turnierfoto-3-600x325.jpg 600w, https:\/\/sv-lengede.de\/kbl\/wp-content\/uploads\/2023\/09\/2023-lwc-turnierfoto-3-1536x832.jpg 1536w, https:\/\/sv-lengede.de\/kbl\/wp-content\/uploads\/2023\/09\/2023-lwc-turnierfoto-3-1320x715.jpg 1320w, https:\/\/sv-lengede.de\/kbl\/wp-content\/uploads\/2023\/09\/2023-lwc-turnierfoto-3.jpg 1947w\" sizes=\"auto, (max-width: 1024px) 100vw, 1024px\" \/><figcaption class=\"wp-element-caption\">2023 &#8211; Nr. 2<\/figcaption><\/figure>\n\n\n<div class=\"wp-block-image\">\n<figure class=\"aligncenter size-large\"><img loading=\"lazy\" decoding=\"async\" width=\"1024\" height=\"577\" src=\"http:\/\/sv-lengede.de\/kbl\/wp-content\/uploads\/2022\/09\/20220909_190041-1024x577.jpg\" alt=\"\" class=\"wp-image-3330\" srcset=\"https:\/\/sv-lengede.de\/kbl\/wp-content\/uploads\/2022\/09\/20220909_190041-1024x577.jpg 1024w, https:\/\/sv-lengede.de\/kbl\/wp-content\/uploads\/2022\/09\/20220909_190041-300x169.jpg 300w, https:\/\/sv-lengede.de\/kbl\/wp-content\/uploads\/2022\/09\/20220909_190041-768x432.jpg 768w, https:\/\/sv-lengede.de\/kbl\/wp-content\/uploads\/2022\/09\/20220909_190041-600x338.jpg 600w, https:\/\/sv-lengede.de\/kbl\/wp-content\/uploads\/2022\/09\/20220909_190041-1536x865.jpg 1536w, https:\/\/sv-lengede.de\/kbl\/wp-content\/uploads\/2022\/09\/20220909_190041-2048x1153.jpg 2048w\" sizes=\"auto, (max-width: 1024px) 100vw, 1024px\" \/><figcaption class=\"wp-element-caption\">2022 &#8211; Nr. 1<\/figcaption><\/figure><\/div>","protected":false},"excerpt":{"rendered":"<p>Immer am 2. Freitag im September Hier die Ergebnisse vom 08.09.2023: Alle Spiele und Ergebnisse sind nachzulesen unterlive.dkubbb.de &nbsp; Viertelfinale OLAF KLEMT1 &#8211;&nbsp;BORIS KAUFMANN0 &nbsp;WOLLI I WOLFGANG MENGER 0 &#8211;&nbsp;JENS | JENS MEIER 1 &nbsp;SVEN MAMPE 1 &#8211; &nbsp;ALEX |&#8230;<\/p>\n","protected":false},"author":1,"featured_media":0,"parent":0,"menu_order":0,"comment_status":"closed","ping_status":"closed","template":"template-fullwidth.php","meta":{"footnotes":""},"class_list":["post-2945","page","type-page","status-publish","hentry","no-post-thumbnail"],"post_mailing_queue_ids":[],"_links":{"self":[{"href":"https:\/\/sv-lengede.de\/kbl\/wp-json\/wp\/v2\/pages\/2945","targetHints":{"allow":["GET"]}}],"collection":[{"href":"https:\/\/sv-lengede.de\/kbl\/wp-json\/wp\/v2\/pages"}],"about":[{"href":"https:\/\/sv-lengede.de\/kbl\/wp-json\/wp\/v2\/types\/page"}],"author":[{"embeddable":true,"href":"https:\/\/sv-lengede.de\/kbl\/wp-json\/wp\/v2\/users\/1"}],"replies":[{"embeddable":true,"href":"https:\/\/sv-lengede.de\/kbl\/wp-json\/wp\/v2\/comments?post=2945"}],"version-history":[{"count":74,"href":"https:\/\/sv-lengede.de\/kbl\/wp-json\/wp\/v2\/pages\/2945\/revisions"}],"predecessor-version":[{"id":3957,"href":"https:\/\/sv-lengede.de\/kbl\/wp-json\/wp\/v2\/pages\/2945\/revisions\/3957"}],"wp:attachment":[{"href":"https:\/\/sv-lengede.de\/kbl\/wp-json\/wp\/v2\/media?parent=2945"}],"curies":[{"name":"wp","href":"https:\/\/api.w.org\/{rel}","templated":true}]}}