{"id":2868,"date":"2021-09-12T06:00:11","date_gmt":"2021-09-12T04:00:11","guid":{"rendered":"https:\/\/sv-lengede.de\/kbl\/?page_id=2868"},"modified":"2022-01-11T12:23:12","modified_gmt":"2022-01-11T11:23:12","slug":"11-lko","status":"publish","type":"page","link":"https:\/\/sv-lengede.de\/kbl\/lengeder-kubb-open\/uebersicht\/11-lko\/","title":{"rendered":"Doku 11. lko + 8. NdsM 2021-09-11 + 3. NKJM"},"content":{"rendered":"\n<h3 class=\"wp-block-heading\"><span class=\"has-inline-color has-vivid-green-cyan-color\">Sieger und Gewinner<\/span><\/h3>\n\n\n\n<p><strong>11. Lengeder Kubb Open 2021<\/strong><\/p>\n\n\n\n<ol class=\"wp-block-list\"><li>kubb-sh 1<br>mit Matthias Fesser, Sven J\u00e4hne und Maik G\u00e4rber<\/li><li>ILTIS<br>mit Gritt Thor, Mady Thor, Andreas Thor und Henrik Menger<\/li><li>Sch\u00fcnchen<br>mit Simon, Olaf und Miguel<\/li><li>Das st\u00e4rkste Glied<br>mit Eric, Grille, Klaus und Matthes<\/li><\/ol>\n\n\n\n<figure class=\"wp-block-image size-large\"><img loading=\"lazy\" decoding=\"async\" width=\"1024\" height=\"472\" src=\"https:\/\/sv-lengede.de\/kbl\/wp-content\/uploads\/2021\/09\/2021-09-11-alle-siegerteams-1024x472.jpg\" alt=\"\" class=\"wp-image-2884\" srcset=\"https:\/\/sv-lengede.de\/kbl\/wp-content\/uploads\/2021\/09\/2021-09-11-alle-siegerteams-1024x472.jpg 1024w, https:\/\/sv-lengede.de\/kbl\/wp-content\/uploads\/2021\/09\/2021-09-11-alle-siegerteams-300x138.jpg 300w, https:\/\/sv-lengede.de\/kbl\/wp-content\/uploads\/2021\/09\/2021-09-11-alle-siegerteams-768x354.jpg 768w, https:\/\/sv-lengede.de\/kbl\/wp-content\/uploads\/2021\/09\/2021-09-11-alle-siegerteams-600x276.jpg 600w, https:\/\/sv-lengede.de\/kbl\/wp-content\/uploads\/2021\/09\/2021-09-11-alle-siegerteams-1536x707.jpg 1536w, https:\/\/sv-lengede.de\/kbl\/wp-content\/uploads\/2021\/09\/2021-09-11-alle-siegerteams-2048x943.jpg 2048w\" sizes=\"auto, (max-width: 1024px) 100vw, 1024px\" \/><\/figure>\n\n\n\n<div class=\"wp-block-file\"><a href=\"https:\/\/sv-lengede.de\/kbl\/wp-content\/uploads\/2021\/09\/2021-09-11-doko-finalrunde.pdf\" target=\"_blank\" rel=\"noreferrer noopener\">Platzierungen 1-16 &#8211; Alle Spiele der Final-Runde<\/a><\/div>\n\n\n\n<div class=\"wp-block-file\"><a href=\"https:\/\/sv-lengede.de\/kbl\/wp-content\/uploads\/2021\/09\/2021-09-11-doko-rangliste-nach-7-schochrunden.pdf\" target=\"_blank\" rel=\"noreferrer noopener\">Platzierungen 17-40 = Rangliste nach 7 Schochrunden<\/a><\/div>\n\n\n\n<div class=\"wp-block-file\"><a href=\"https:\/\/sv-lengede.de\/kbl\/wp-content\/uploads\/2021\/09\/2021-09-11-doko-alle-schochrunden.pdf\" target=\"_blank\" rel=\"noreferrer noopener\">Ergebnisse aller 7 Schochrunden<\/a><\/div>\n\n\n\n<p><strong>8. Niedersachsen-Meisterschaft<\/strong><\/p>\n\n\n\n<ol class=\"wp-block-list\"><li>Die Hinterbliebenen (Gr. Lafferde)<br>mit Andreas, Frank, Mitschi, Matze und Andreas<\/li><li>Kraut &amp; R\u00fcben (Lengede)<br>mit Alicia, Christian, Manuel, Nico<\/li><li>RAMMBANDE<br>mit Olli, Nico, Tino, J\u00f6rg<\/li><li>Ich  Glaub Ich Muss Klotzen<br>mit Leo Bogner, Aaron Schierding, Leif Smolla und Melvin Kaczmarczyk<\/li><\/ol>\n\n\n\n<p><strong>3. Nieders\u00e4chsische Kubb-Jugend-Meisterschaft<\/strong><\/p>\n\n\n\n<ol class=\"wp-block-list\"><li>Das Dreamteam<br>mit Jana Grunert und Elli Heyne<\/li><\/ol>\n\n\n\n<figure class=\"wp-block-image size-large\"><img loading=\"lazy\" decoding=\"async\" width=\"1024\" height=\"472\" src=\"https:\/\/sv-lengede.de\/kbl\/wp-content\/uploads\/2021\/09\/2021-09-11-siegerteam-nkjm-1024x472.jpg\" alt=\"\" class=\"wp-image-2885\" srcset=\"https:\/\/sv-lengede.de\/kbl\/wp-content\/uploads\/2021\/09\/2021-09-11-siegerteam-nkjm-1024x472.jpg 1024w, https:\/\/sv-lengede.de\/kbl\/wp-content\/uploads\/2021\/09\/2021-09-11-siegerteam-nkjm-300x138.jpg 300w, https:\/\/sv-lengede.de\/kbl\/wp-content\/uploads\/2021\/09\/2021-09-11-siegerteam-nkjm-768x354.jpg 768w, https:\/\/sv-lengede.de\/kbl\/wp-content\/uploads\/2021\/09\/2021-09-11-siegerteam-nkjm-600x276.jpg 600w, https:\/\/sv-lengede.de\/kbl\/wp-content\/uploads\/2021\/09\/2021-09-11-siegerteam-nkjm-1536x707.jpg 1536w, https:\/\/sv-lengede.de\/kbl\/wp-content\/uploads\/2021\/09\/2021-09-11-siegerteam-nkjm-2048x943.jpg 2048w\" sizes=\"auto, (max-width: 1024px) 100vw, 1024px\" \/><\/figure>\n\n\n\n<p><strong>SpeedKubb<\/strong><\/p>\n\n\n\n<ol class=\"wp-block-list\"><li>Sven Thiele (Potsdam)<\/li><li>Ren\u00e9 Sonn-Lembke (Berlin)<\/li><li>Nils Patzer (Wahrstorf)<\/li><\/ol>\n\n\n\n<p><strong>Gewinner durch Auslosungen<\/strong><\/p>\n\n\n\n<ul class=\"wp-block-list\"><li>Wanderpokal der Lengeder Kubb Open<br>Die Raviolis<\/li><li>Wanderpokal der Niedersachsen-Meisterschaft<br>Generationenhilfe Lengede<\/li><li>Reise zur European Kubb Championchips 2022 (Wismar)<br>Glashoch Rangers<\/li><\/ul>\n\n\n\n<p><strong>Weitere Informationen<\/strong><\/p>\n\n\n\n<div class=\"wp-block-file\"><a href=\"https:\/\/sv-lengede.de\/kbl\/wp-content\/uploads\/2022\/01\/2021-lko-uebersicht.pdf\">2021-lko-uebersicht<\/a><a href=\"https:\/\/sv-lengede.de\/kbl\/wp-content\/uploads\/2022\/01\/2021-lko-uebersicht.pdf\" class=\"wp-block-file__button\" download>Herunterladen<\/a><\/div>\n\n\n\n<div class=\"wp-block-file\"><a href=\"https:\/\/sv-lengede.de\/kbl\/wp-content\/uploads\/2022\/01\/2021-lko-blickaufdentag.pdf\">2021-lko-blickaufdentag<\/a><a href=\"https:\/\/sv-lengede.de\/kbl\/wp-content\/uploads\/2022\/01\/2021-lko-blickaufdentag.pdf\" class=\"wp-block-file__button\" download>Herunterladen<\/a><\/div>\n\n\n\n<div class=\"wp-block-file\"><a href=\"https:\/\/sv-lengede.de\/kbl\/wp-content\/uploads\/2022\/01\/2021-lko-turnierstruktur-spielwertung-spieldauer.pdf\">2021-lko-turnierstruktur-spielwertung-spieldauer<\/a><a href=\"https:\/\/sv-lengede.de\/kbl\/wp-content\/uploads\/2022\/01\/2021-lko-turnierstruktur-spielwertung-spieldauer.pdf\" class=\"wp-block-file__button\" download>Herunterladen<\/a><\/div>\n\n\n\n<div class=\"wp-block-file\"><a href=\"https:\/\/sv-lengede.de\/kbl\/wp-content\/uploads\/2022\/01\/2021-lko-angemeldete-Teams.pdf\">2021-lko-angemeldete-Teams<\/a><a href=\"https:\/\/sv-lengede.de\/kbl\/wp-content\/uploads\/2022\/01\/2021-lko-angemeldete-Teams.pdf\" class=\"wp-block-file__button\" download>Herunterladen<\/a><\/div>\n\n\n\n<div class=\"wp-block-file\"><a href=\"https:\/\/sv-lengede.de\/kbl\/wp-content\/uploads\/2022\/01\/2021-lko-aufmerksamkeiten-gewinne.pdf\">2021-lko-aufmerksamkeiten-gewinne<\/a><a href=\"https:\/\/sv-lengede.de\/kbl\/wp-content\/uploads\/2022\/01\/2021-lko-aufmerksamkeiten-gewinne.pdf\" class=\"wp-block-file__button\" download>Herunterladen<\/a><\/div>\n\n\n\n<div class=\"wp-block-file\"><a href=\"https:\/\/sv-lengede.de\/kbl\/wp-content\/uploads\/2022\/01\/2021-lko-kubbspielenohnemaske.pdf\">2021-lko-kubbspielenohnemaske<\/a><a href=\"https:\/\/sv-lengede.de\/kbl\/wp-content\/uploads\/2022\/01\/2021-lko-kubbspielenohnemaske.pdf\" class=\"wp-block-file__button\" download>Herunterladen<\/a><\/div>\n\n\n\n<div class=\"wp-block-file\"><a href=\"https:\/\/sv-lengede.de\/kbl\/wp-content\/uploads\/2022\/01\/2021-lko-nachts.pdf\">2021-lko-nachts<\/a><a href=\"https:\/\/sv-lengede.de\/kbl\/wp-content\/uploads\/2022\/01\/2021-lko-nachts.pdf\" class=\"wp-block-file__button\" download>Herunterladen<\/a><\/div>\n\n\n\n<div class=\"wp-block-file\"><a href=\"https:\/\/sv-lengede.de\/kbl\/wp-content\/uploads\/2022\/01\/2021-lko-alle-schochrunden.pdf\">2021-lko-alle-schochrunden<\/a><a href=\"https:\/\/sv-lengede.de\/kbl\/wp-content\/uploads\/2022\/01\/2021-lko-alle-schochrunden.pdf\" class=\"wp-block-file__button\" download>Herunterladen<\/a><\/div>\n\n\n\n<div class=\"wp-block-file\"><a href=\"https:\/\/sv-lengede.de\/kbl\/wp-content\/uploads\/2022\/01\/2021-lko-ranglistenach7schochrunden.pdf\">2021-lko-ranglistenach7schochrunden<\/a><a href=\"https:\/\/sv-lengede.de\/kbl\/wp-content\/uploads\/2022\/01\/2021-lko-ranglistenach7schochrunden.pdf\" class=\"wp-block-file__button\" download>Herunterladen<\/a><\/div>\n\n\n\n<div class=\"wp-block-file\"><a href=\"https:\/\/sv-lengede.de\/kbl\/wp-content\/uploads\/2022\/01\/2021-lko-alle4finalrunden.pdf\">2021-lko-alle4finalrunden<\/a><a href=\"https:\/\/sv-lengede.de\/kbl\/wp-content\/uploads\/2022\/01\/2021-lko-alle4finalrunden.pdf\" class=\"wp-block-file__button\" download>Herunterladen<\/a><\/div>\n","protected":false},"excerpt":{"rendered":"<p>Sieger und Gewinner 11. Lengeder Kubb Open 2021 kubb-sh 1mit Matthias Fesser, Sven J\u00e4hne und Maik G\u00e4rber ILTISmit Gritt Thor, Mady Thor, Andreas Thor und Henrik Menger Sch\u00fcnchenmit Simon, Olaf und Miguel Das st\u00e4rkste Gliedmit Eric, Grille, Klaus und Matthes&#8230;<\/p>\n","protected":false},"author":1,"featured_media":0,"parent":1532,"menu_order":0,"comment_status":"closed","ping_status":"closed","template":"template-fullwidth.php","meta":{"footnotes":""},"class_list":["post-2868","page","type-page","status-publish","hentry","no-post-thumbnail"],"post_mailing_queue_ids":[],"_links":{"self":[{"href":"https:\/\/sv-lengede.de\/kbl\/wp-json\/wp\/v2\/pages\/2868","targetHints":{"allow":["GET"]}}],"collection":[{"href":"https:\/\/sv-lengede.de\/kbl\/wp-json\/wp\/v2\/pages"}],"about":[{"href":"https:\/\/sv-lengede.de\/kbl\/wp-json\/wp\/v2\/types\/page"}],"author":[{"embeddable":true,"href":"https:\/\/sv-lengede.de\/kbl\/wp-json\/wp\/v2\/users\/1"}],"replies":[{"embeddable":true,"href":"https:\/\/sv-lengede.de\/kbl\/wp-json\/wp\/v2\/comments?post=2868"}],"version-history":[{"count":12,"href":"https:\/\/sv-lengede.de\/kbl\/wp-json\/wp\/v2\/pages\/2868\/revisions"}],"predecessor-version":[{"id":2927,"href":"https:\/\/sv-lengede.de\/kbl\/wp-json\/wp\/v2\/pages\/2868\/revisions\/2927"}],"up":[{"embeddable":true,"href":"https:\/\/sv-lengede.de\/kbl\/wp-json\/wp\/v2\/pages\/1532"}],"wp:attachment":[{"href":"https:\/\/sv-lengede.de\/kbl\/wp-json\/wp\/v2\/media?parent=2868"}],"curies":[{"name":"wp","href":"https:\/\/api.w.org\/{rel}","templated":true}]}}