{"id":2643,"date":"2021-07-19T08:21:02","date_gmt":"2021-07-19T06:21:02","guid":{"rendered":"http:\/\/sv-lengede.de\/kbl\/?page_id=2643"},"modified":"2021-07-19T09:47:10","modified_gmt":"2021-07-19T07:47:10","slug":"doku-2-nkjm-2019-09-14","status":"publish","type":"page","link":"https:\/\/sv-lengede.de\/kbl\/jugend\/doku-2-nkjm-2019-09-14\/","title":{"rendered":"Doku 2. NKJM \u2013 2019-09-14"},"content":{"rendered":"\n<div class=\"wp-block-file\"><a href=\"http:\/\/sv-lengede.de\/kbl\/wp-content\/uploads\/2021\/07\/2019-09-14_nkjm-2-uebersicht.pdf\" target=\"_blank\" rel=\"noopener\">&#8211; \u00dcbersicht<\/a>\n\n\n\n<div class=\"wp-block-file\"><a href=\"http:\/\/sv-lengede.de\/kbl\/wp-content\/uploads\/2021\/07\/2019-09-14_nkjm-2-anmeldung.pdf\" target=\"_blank\" rel=\"noopener\">&#8211; Anmeldeformular<\/a>\n\n\n\n<div class=\"wp-block-file\"><a href=\"http:\/\/sv-lengede.de\/kbl\/wp-content\/uploads\/2021\/07\/2019-09-14_nkjm-2-angemeldete.pdf\" target=\"_blank\" rel=\"noopener\">&#8211; Angemeldete<\/a>\n\n\n\n<ul class=\"wp-block-list\"><li>Ergebnis<\/li><\/ul>\n\n\n\n<ol class=\"wp-block-list\"><li>Die 3 Weisen<br>mit Jana Grunert, Elli Heyne und Johanna Pf\u00e4nder<\/li><li>Jesus &amp; Friends<br>mit Laura Preikschas, Lena Habich, Nika Werner, Robin Grobe und Sophie Kellermann<\/li><li>The Sunflowers<br>mit Ellen Grunert, Julie Grunert und Amy Hannover,<\/li><li>Jesus<br>mit Charlotta Arndt, Lilly Schierding, Lena-Marie Frey und Nele Paletta<\/li><li>Die Arche Noah<br>mit Max Pawlik, Michelle Schmid und Collin Hopp<\/li><li>2 Engel f\u00fcr Caro (au\u00dfer Konkurrenz)<br>mit Anika Kasten, Jannik M\u00fcller und Caroline G\u00e4rtner<\/li><\/ol>\n\n\n\n<figure class=\"wp-block-image size-large\"><img loading=\"lazy\" decoding=\"async\" width=\"1024\" height=\"769\" src=\"http:\/\/sv-lengede.de\/kbl\/wp-content\/uploads\/2021\/07\/LKO2-1024x769.jpg\" alt=\"\" class=\"wp-image-2629\" srcset=\"https:\/\/sv-lengede.de\/kbl\/wp-content\/uploads\/2021\/07\/LKO2-1024x769.jpg 1024w, https:\/\/sv-lengede.de\/kbl\/wp-content\/uploads\/2021\/07\/LKO2-300x225.jpg 300w, https:\/\/sv-lengede.de\/kbl\/wp-content\/uploads\/2021\/07\/LKO2-768x577.jpg 768w, https:\/\/sv-lengede.de\/kbl\/wp-content\/uploads\/2021\/07\/LKO2-600x451.jpg 600w, https:\/\/sv-lengede.de\/kbl\/wp-content\/uploads\/2021\/07\/LKO2-1536x1153.jpg 1536w, https:\/\/sv-lengede.de\/kbl\/wp-content\/uploads\/2021\/07\/LKO2-2048x1538.jpg 2048w\" sizes=\"auto, (max-width: 1024px) 100vw, 1024px\" \/><\/figure>\n","protected":false},"excerpt":{"rendered":"<p>&#8211; \u00dcbersicht &#8211; Anmeldeformular &#8211; Angemeldete Ergebnis Die 3 Weisenmit Jana Grunert, Elli Heyne und Johanna Pf\u00e4nder Jesus &amp; Friendsmit Laura Preikschas, Lena Habich, Nika Werner, Robin Grobe und Sophie Kellermann The Sunflowersmit Ellen Grunert, Julie Grunert und Amy Hannover,&#8230;<\/p>\n","protected":false},"author":1,"featured_media":0,"parent":1891,"menu_order":0,"comment_status":"closed","ping_status":"closed","template":"template-fullwidth.php","meta":{"footnotes":""},"class_list":["post-2643","page","type-page","status-publish","hentry","no-post-thumbnail"],"post_mailing_queue_ids":[],"_links":{"self":[{"href":"https:\/\/sv-lengede.de\/kbl\/wp-json\/wp\/v2\/pages\/2643","targetHints":{"allow":["GET"]}}],"collection":[{"href":"https:\/\/sv-lengede.de\/kbl\/wp-json\/wp\/v2\/pages"}],"about":[{"href":"https:\/\/sv-lengede.de\/kbl\/wp-json\/wp\/v2\/types\/page"}],"author":[{"embeddable":true,"href":"https:\/\/sv-lengede.de\/kbl\/wp-json\/wp\/v2\/users\/1"}],"replies":[{"embeddable":true,"href":"https:\/\/sv-lengede.de\/kbl\/wp-json\/wp\/v2\/comments?post=2643"}],"version-history":[{"count":7,"href":"https:\/\/sv-lengede.de\/kbl\/wp-json\/wp\/v2\/pages\/2643\/revisions"}],"predecessor-version":[{"id":2683,"href":"https:\/\/sv-lengede.de\/kbl\/wp-json\/wp\/v2\/pages\/2643\/revisions\/2683"}],"up":[{"embeddable":true,"href":"https:\/\/sv-lengede.de\/kbl\/wp-json\/wp\/v2\/pages\/1891"}],"wp:attachment":[{"href":"https:\/\/sv-lengede.de\/kbl\/wp-json\/wp\/v2\/media?parent=2643"}],"curies":[{"name":"wp","href":"https:\/\/api.w.org\/{rel}","templated":true}]}}