{"id":2561,"date":"2021-07-16T11:36:03","date_gmt":"2021-07-16T09:36:03","guid":{"rendered":"http:\/\/sv-lengede.de\/kbl\/?page_id=2561"},"modified":"2021-07-16T15:01:54","modified_gmt":"2021-07-16T13:01:54","slug":"doku-10-lko-7-ndsm-2018-09-08-2-nkjm","status":"publish","type":"page","link":"https:\/\/sv-lengede.de\/kbl\/lengeder-kubb-open\/doku-10-lko-7-ndsm-2018-09-08-2-nkjm\/","title":{"rendered":"Doku 10. lko + 7. NdsM 2019-09-14 + 2. NKJM"},"content":{"rendered":"\n<h3 class=\"wp-block-heading\"><span class=\"has-inline-color has-vivid-green-cyan-color\">Sieger und Gewinner<\/span><\/h3>\n\n\n\n<p>10. Lengeder Kubb Open 2019<\/p>\n\n\n\n<ol class=\"wp-block-list\"><li>ILTIS (Berlin)<br>mit Andreas Heiden, Gritt Thor und Mady Thor<\/li><li>Thirsty US Kubbers (Dresden)<br>mit Christopher Ole Storm, Matthes Wiechmann und Christian Kiff Groth<\/li><li>K\u00fcstenhauptstadtkaff (Rostock, Berlin, Schindhardt)<br>mit Alexander Patzer, Roman Bleschke und Jens Meier<\/li><li>Laienspieltruppe (Ibbenb\u00fchren)<br>mit Wolfgang Menger, Volker Siebelmann, Wolfgang K\u00f6hler und Olaf Klemt<br><br><span class=\"has-inline-color has-vivid-red-color\"><a rel=\"noreferrer noopener\" href=\"http:\/\/sv-lengede.de\/kbl\/platzierungen-1-50\/\" target=\"_blank\">Platzierungen 1-50<\/a><br><a rel=\"noreferrer noopener\" href=\"http:\/\/sv-lengede.de\/kbl\/lengeder-kubb-open\/das-turnier\/alle-spiele\/\" data-type=\"page\" data-id=\"2349\" target=\"_blank\">Alle Spiele\/Ergebnisse\/Ranglisten 10. lko<\/a><\/span><\/li><\/ol>\n\n\n\n<figure class=\"wp-block-image size-large\"><img loading=\"lazy\" decoding=\"async\" width=\"1024\" height=\"769\" src=\"http:\/\/sv-lengede.de\/kbl\/wp-content\/uploads\/2021\/07\/lkosiegerehrung-1-1024x769.jpg\" alt=\"\" class=\"wp-image-2628\" srcset=\"https:\/\/sv-lengede.de\/kbl\/wp-content\/uploads\/2021\/07\/lkosiegerehrung-1-1024x769.jpg 1024w, https:\/\/sv-lengede.de\/kbl\/wp-content\/uploads\/2021\/07\/lkosiegerehrung-1-300x225.jpg 300w, https:\/\/sv-lengede.de\/kbl\/wp-content\/uploads\/2021\/07\/lkosiegerehrung-1-768x577.jpg 768w, https:\/\/sv-lengede.de\/kbl\/wp-content\/uploads\/2021\/07\/lkosiegerehrung-1-600x451.jpg 600w, https:\/\/sv-lengede.de\/kbl\/wp-content\/uploads\/2021\/07\/lkosiegerehrung-1-1536x1153.jpg 1536w, https:\/\/sv-lengede.de\/kbl\/wp-content\/uploads\/2021\/07\/lkosiegerehrung-1-2048x1538.jpg 2048w\" sizes=\"auto, (max-width: 1024px) 100vw, 1024px\" \/><\/figure>\n\n\n\n<p>7. Niedersachsen-Meisterschaft<\/p>\n\n\n\n<ol class=\"wp-block-list\"><li>Die M\u00f6pkenbrote (Kl. Lafferde)<br>mit Julia Hosak, Andrea Sukopp und Jan Pitsch<\/li><li>Maulw\u00fcrfe (Lengede)<br>mit Ulrich M\u00fcller, Rudi Schweike und Sven M\u00f6hle<\/li><li>Wie nennen wir uns? (Lengede, Kl. Lafferde)<br>mit Marvin M\u00fchl, Heiko Duwe und Niklas Theofil<\/li><li>E.B.O. (Lengede)<br>mit Matthias Matze Grunert, Frank Stonie Grunert und Marcus Grobi Grobe<\/li><\/ol>\n\n\n\n<p>2. Nieders\u00e4chsische Kubb-Jugend-Meisterschaft<\/p>\n\n\n\n<ol class=\"wp-block-list\"><li>Die 3 Weisen<br>mit Jana Grunert, Elli Heyne und Johanna Pf\u00e4nder<\/li><li>Jesus &amp; Friends<br>mit Laura Preikschas, Lena Habich, Nika Werner, Robin Grobe und Sophie Kellermann<\/li><li>The Sunflowers<br>mit Ellen Grunert, Julie Grunert und Amy Hannover,<\/li><li>Jesus<br>mit Charlotta Arndt, Lilly Schierding, Lena-Marie Frey und Nele Paletta<\/li><li>Die Arche Noah<br>mit Max Pawlik, Michelle Schmid und Collin Hopp<\/li><li>2 Engel f\u00fcr Caro (au\u00dfer Konkurrenz)<br>mit Anika Kasten, Jannik M\u00fcller und Caroline G\u00e4rtner<\/li><\/ol>\n\n\n\n<figure class=\"wp-block-image size-large\"><img loading=\"lazy\" decoding=\"async\" width=\"1024\" height=\"769\" src=\"http:\/\/sv-lengede.de\/kbl\/wp-content\/uploads\/2021\/07\/LKO2-1024x769.jpg\" alt=\"\" class=\"wp-image-2629\" srcset=\"https:\/\/sv-lengede.de\/kbl\/wp-content\/uploads\/2021\/07\/LKO2-1024x769.jpg 1024w, https:\/\/sv-lengede.de\/kbl\/wp-content\/uploads\/2021\/07\/LKO2-300x225.jpg 300w, https:\/\/sv-lengede.de\/kbl\/wp-content\/uploads\/2021\/07\/LKO2-768x577.jpg 768w, https:\/\/sv-lengede.de\/kbl\/wp-content\/uploads\/2021\/07\/LKO2-600x451.jpg 600w, https:\/\/sv-lengede.de\/kbl\/wp-content\/uploads\/2021\/07\/LKO2-1536x1153.jpg 1536w, https:\/\/sv-lengede.de\/kbl\/wp-content\/uploads\/2021\/07\/LKO2-2048x1538.jpg 2048w\" sizes=\"auto, (max-width: 1024px) 100vw, 1024px\" \/><\/figure>\n\n\n\n<p>SpeedKubb<\/p>\n\n\n\n<ol class=\"wp-block-list\"><li>Jana Grunert (Lengede)<\/li><li>Christina Bogner (Lengede)<\/li><li>Colin Schenkel (Lengede)<\/li><\/ol>\n\n\n\n<p>Gewinner durch Auslosungen<\/p>\n\n\n\n<ul class=\"wp-block-list\"><li>Wanderpokal der Lengeder Kubb Open<br>Generationenhilfe Lengede<\/li><li>Wanderpokal der Niedersachsen-Meisterschaft<br>Lengeder Jungs<\/li><li>Reise zur Berliner Kubb-EM<br>Kubb-SH 2 (Tangstedt \/ SH)<\/li><\/ul>\n\n\n\n<div class=\"wp-block-file\"><a href=\"http:\/\/sv-lengede.de\/kbl\/wp-content\/uploads\/2021\/07\/2019-09-14_uebersicht_10._lko_7.-Nds-M_2nkjm-1.pdf\" target=\"_blank\" rel=\"noopener\">\u00dcbersicht<\/a><a href=\"http:\/\/sv-lengede.de\/kbl\/wp-content\/uploads\/2021\/07\/2019-09-14_uebersicht_10._lko_7.-Nds-M_2nkjm-1.pdf\" class=\"wp-block-file__button\" download>Herunterladen<\/a><\/div>\n\n\n\n<div class=\"wp-block-file\"><a href=\"http:\/\/sv-lengede.de\/kbl\/wp-content\/uploads\/2021\/07\/2019-09-14_blick_auf_den_tag.pdf\" target=\"_blank\" rel=\"noopener\">Blick auf den Tag<\/a><a href=\"http:\/\/sv-lengede.de\/kbl\/wp-content\/uploads\/2021\/07\/2019-09-14_blick_auf_den_tag.pdf\" class=\"wp-block-file__button\" download>Herunterladen<\/a><\/div>\n\n\n\n<div class=\"wp-block-file\"><a href=\"http:\/\/sv-lengede.de\/kbl\/wp-content\/uploads\/2021\/07\/2019-09-14_turnier-ideen.pdf\" target=\"_blank\" rel=\"noopener\">Turnier-Ideen<\/a><a href=\"http:\/\/sv-lengede.de\/kbl\/wp-content\/uploads\/2021\/07\/2019-09-14_turnier-ideen.pdf\" class=\"wp-block-file__button\" download=\"\">Herunterladen<\/a><\/div>\n\n\n\n<div class=\"wp-block-file\"><a href=\"http:\/\/sv-lengede.de\/kbl\/wp-content\/uploads\/2021\/07\/2019-09-14_nachts.pdf\" target=_blank\">Nachts<\/a><a href=\"http:\/\/sv-lengede.de\/kbl\/wp-content\/uploads\/2021\/07\/2019-09-14_nachts.pdf\" class=\"wp-block-file__button\" download>Herunterladen<\/a><\/div>\n\n\n\n<div class=\"wp-block-file\"><a href=\"http:\/\/sv-lengede.de\/kbl\/wp-content\/uploads\/2021\/07\/2019-09-14_aufmerksamkeiten_und_gewinne.pdf\" target=\"_blank\" rel=\"noopener\">Aufmerksamkeiten und Gewinne<\/a><a href=\"http:\/\/sv-lengede.de\/kbl\/wp-content\/uploads\/2021\/07\/2019-09-14_aufmerksamkeiten_und_gewinne.pdf\" class=\"wp-block-file__button\" download>Herunterladen<\/a><\/div>\n","protected":false},"excerpt":{"rendered":"<p>Sieger und Gewinner 10. Lengeder Kubb Open 2019 ILTIS (Berlin)mit Andreas Heiden, Gritt Thor und Mady Thor Thirsty US Kubbers (Dresden)mit Christopher Ole Storm, Matthes Wiechmann und Christian Kiff Groth K\u00fcstenhauptstadtkaff (Rostock, Berlin, Schindhardt)mit Alexander Patzer, Roman Bleschke und Jens&#8230;<\/p>\n","protected":false},"author":1,"featured_media":0,"parent":1053,"menu_order":0,"comment_status":"closed","ping_status":"closed","template":"template-fullwidth.php","meta":{"footnotes":""},"class_list":["post-2561","page","type-page","status-publish","hentry","no-post-thumbnail"],"post_mailing_queue_ids":[],"_links":{"self":[{"href":"https:\/\/sv-lengede.de\/kbl\/wp-json\/wp\/v2\/pages\/2561","targetHints":{"allow":["GET"]}}],"collection":[{"href":"https:\/\/sv-lengede.de\/kbl\/wp-json\/wp\/v2\/pages"}],"about":[{"href":"https:\/\/sv-lengede.de\/kbl\/wp-json\/wp\/v2\/types\/page"}],"author":[{"embeddable":true,"href":"https:\/\/sv-lengede.de\/kbl\/wp-json\/wp\/v2\/users\/1"}],"replies":[{"embeddable":true,"href":"https:\/\/sv-lengede.de\/kbl\/wp-json\/wp\/v2\/comments?post=2561"}],"version-history":[{"count":22,"href":"https:\/\/sv-lengede.de\/kbl\/wp-json\/wp\/v2\/pages\/2561\/revisions"}],"predecessor-version":[{"id":2630,"href":"https:\/\/sv-lengede.de\/kbl\/wp-json\/wp\/v2\/pages\/2561\/revisions\/2630"}],"up":[{"embeddable":true,"href":"https:\/\/sv-lengede.de\/kbl\/wp-json\/wp\/v2\/pages\/1053"}],"wp:attachment":[{"href":"https:\/\/sv-lengede.de\/kbl\/wp-json\/wp\/v2\/media?parent=2561"}],"curies":[{"name":"wp","href":"https:\/\/api.w.org\/{rel}","templated":true}]}}