{"id":1951,"date":"2018-09-09T08:33:38","date_gmt":"2018-09-09T06:33:38","guid":{"rendered":"http:\/\/sv-lengede.de\/kbl\/?page_id=1951"},"modified":"2018-09-09T12:16:33","modified_gmt":"2018-09-09T10:16:33","slug":"doku-9-lko-6-ndsm-2018-09-8","status":"publish","type":"page","link":"https:\/\/sv-lengede.de\/kbl\/lengeder-kubb-open\/doku-9-lko-6-ndsm-2018-09-8\/","title":{"rendered":"Doku 9. lko + 6. NdsM 2018-09-08 + 1. NKJM"},"content":{"rendered":"<p>&nbsp;<\/p>\n<p><span style=\"color: #99cc00;\">9. lengeder kubb open + 6. Niedersachsen-Meisterschaft &#8211;\u00a008.09.2018<\/span><\/p>\n<p>&nbsp;<\/p>\n<p><strong>Ergebnisse<\/strong><\/p>\n<p><span style=\"color: #808080;\"><strong>9. Lengeder Kubb open<\/strong><\/span><\/p>\n<ol>\n<li>Platz: Gipfelst\u00fcrmer<\/li>\n<li>Platz: durstiges Sch\u00fcnchen<\/li>\n<li>Platz: RIB<\/li>\n<li>Platz: kubb-sh<br \/>\n<span style=\"color: #ff0000;\"><u><a style=\"color: #ff0000;\" href=\"http:\/\/sv-lengede.de\/kbl\/wp-content\/uploads\/2018\/09\/2018-ergebnisse-1-32.pdf\">Ergebnisse und Spiele um die Pl\u00e4tze 1-32<\/a><\/u><\/span><br \/>\n<span style=\"color: #ff0000;\"><a style=\"color: #ff0000;\" href=\"http:\/\/sv-lengede.de\/kbl\/wp-content\/uploads\/2018\/09\/2018-ergebnisse-gruppenphase.pdf\">Ergebnisse und Spiele in der Gruppen-Phase<\/a><\/span><\/li>\n<\/ol>\n<p><span style=\"color: #808080;\"><strong>6. Niedersachsen-Meisterschaft<\/strong><\/span><\/p>\n<ol>\n<li>Platz: Nixk\u00f6nner<\/li>\n<li>Platz: L\u00fcbke Wikinger<\/li>\n<li>Platz: RitterSport Olymipa<\/li>\n<li>Platz: Mila Clan<\/li>\n<\/ol>\n<p><span style=\"color: #808080;\"><strong>1. Nieders\u00e4chsische Kubb-Jugend-Meisterschaft<\/strong><\/span><\/p>\n<ol>\n<li>Platz: BSG Kubb mit Aaron, Leo und Rick<\/li>\n<li>Platz: VL Squad mit Vivien und Luna<\/li>\n<li>Platz: TQ Squad mit Tony und Janne<\/li>\n<li>Platz: NB Nasenb\u00e4ren mit Lasse und Robin<\/li>\n<li>Platz: JJ\u00b4s mit Jana und Johanna<\/li>\n<\/ol>\n<p><span style=\"color: #808080;\"><strong>SpeedKubb<\/strong><\/span><\/p>\n<ol>\n<li>Platz: Rik Gertler (00:21 min)<\/li>\n<li>Platz: Aaron Schierding<\/li>\n<li>Platz: Robin Tempel<\/li>\n<li>Platz: Leo Bogner<\/li>\n<\/ol>\n<p><span style=\"color: #808080;\"><strong>Gewinner der Verlosungen<\/strong><\/span><\/p>\n<ul>\n<li>Reise zur Kubb-EM 3+ in 2019 in Berlin: Grubenfeuer<\/li>\n<li>Wanderpokal lengeder kubb open: Ajax Lattenstramm<\/li>\n<li>Wanderpokal Niedersachsenmeisterschaft: Los Krachos<\/li>\n<\/ul>\n<p style=\"text-align: center;\"><img loading=\"lazy\" decoding=\"async\" class=\"aligncenter size-full wp-image-1958\" src=\"http:\/\/sv-lengede.de\/kbl\/wp-content\/uploads\/2018\/09\/WhatsApp-Image-2018-09-08-at-12.33.52-1.jpeg\" alt=\"\" width=\"1024\" height=\"723\" srcset=\"https:\/\/sv-lengede.de\/kbl\/wp-content\/uploads\/2018\/09\/WhatsApp-Image-2018-09-08-at-12.33.52-1.jpeg 1024w, https:\/\/sv-lengede.de\/kbl\/wp-content\/uploads\/2018\/09\/WhatsApp-Image-2018-09-08-at-12.33.52-1-300x212.jpeg 300w, https:\/\/sv-lengede.de\/kbl\/wp-content\/uploads\/2018\/09\/WhatsApp-Image-2018-09-08-at-12.33.52-1-768x542.jpeg 768w, https:\/\/sv-lengede.de\/kbl\/wp-content\/uploads\/2018\/09\/WhatsApp-Image-2018-09-08-at-12.33.52-1-600x424.jpeg 600w\" sizes=\"auto, (max-width: 1024px) 100vw, 1024px\" \/>&#8222;Alle&#8220; von oben (Foto: Andreas Dietrich)<\/p>\n<p style=\"text-align: center;\"><img loading=\"lazy\" decoding=\"async\" class=\"aligncenter size-full wp-image-1960\" src=\"http:\/\/sv-lengede.de\/kbl\/wp-content\/uploads\/2018\/09\/2018-lko-siegerehrung.jpg\" alt=\"\" width=\"1024\" height=\"576\" srcset=\"https:\/\/sv-lengede.de\/kbl\/wp-content\/uploads\/2018\/09\/2018-lko-siegerehrung.jpg 1024w, https:\/\/sv-lengede.de\/kbl\/wp-content\/uploads\/2018\/09\/2018-lko-siegerehrung-300x169.jpg 300w, https:\/\/sv-lengede.de\/kbl\/wp-content\/uploads\/2018\/09\/2018-lko-siegerehrung-768x432.jpg 768w, https:\/\/sv-lengede.de\/kbl\/wp-content\/uploads\/2018\/09\/2018-lko-siegerehrung-600x338.jpg 600w\" sizes=\"auto, (max-width: 1024px) 100vw, 1024px\" \/>Sieger und Gewinner der lengeder kubb open und der Niedersachsen-Meisterschaft<\/p>\n<p style=\"text-align: center;\"><img loading=\"lazy\" decoding=\"async\" class=\"aligncenter size-full wp-image-1961\" src=\"http:\/\/sv-lengede.de\/kbl\/wp-content\/uploads\/2018\/09\/2018-nkjm-siegerehrung.jpg\" alt=\"\" width=\"4128\" height=\"2322\" srcset=\"https:\/\/sv-lengede.de\/kbl\/wp-content\/uploads\/2018\/09\/2018-nkjm-siegerehrung.jpg 4128w, https:\/\/sv-lengede.de\/kbl\/wp-content\/uploads\/2018\/09\/2018-nkjm-siegerehrung-300x169.jpg 300w, https:\/\/sv-lengede.de\/kbl\/wp-content\/uploads\/2018\/09\/2018-nkjm-siegerehrung-768x432.jpg 768w, https:\/\/sv-lengede.de\/kbl\/wp-content\/uploads\/2018\/09\/2018-nkjm-siegerehrung-1024x576.jpg 1024w, https:\/\/sv-lengede.de\/kbl\/wp-content\/uploads\/2018\/09\/2018-nkjm-siegerehrung-600x338.jpg 600w, https:\/\/sv-lengede.de\/kbl\/wp-content\/uploads\/2018\/09\/2018-nkjm-siegerehrung-1320x743.jpg 1320w\" sizes=\"auto, (max-width: 4128px) 100vw, 4128px\" \/>Sieger der Nieders\u00e4chsischen Kubb-Jugend-Meisterschaft<\/p>\n<p style=\"text-align: center;\"><img loading=\"lazy\" decoding=\"async\" class=\"aligncenter size-full wp-image-1972\" src=\"http:\/\/sv-lengede.de\/kbl\/wp-content\/uploads\/2018\/09\/2018-sieger-ndsm.jpg\" alt=\"\" width=\"3840\" height=\"2160\" srcset=\"https:\/\/sv-lengede.de\/kbl\/wp-content\/uploads\/2018\/09\/2018-sieger-ndsm.jpg 3840w, https:\/\/sv-lengede.de\/kbl\/wp-content\/uploads\/2018\/09\/2018-sieger-ndsm-300x169.jpg 300w, https:\/\/sv-lengede.de\/kbl\/wp-content\/uploads\/2018\/09\/2018-sieger-ndsm-768x432.jpg 768w, https:\/\/sv-lengede.de\/kbl\/wp-content\/uploads\/2018\/09\/2018-sieger-ndsm-1024x576.jpg 1024w, https:\/\/sv-lengede.de\/kbl\/wp-content\/uploads\/2018\/09\/2018-sieger-ndsm-600x338.jpg 600w, https:\/\/sv-lengede.de\/kbl\/wp-content\/uploads\/2018\/09\/2018-sieger-ndsm-1320x743.jpg 1320w\" sizes=\"auto, (max-width: 3840px) 100vw, 3840px\" \/>Links die L\u00fcbke Wikinger ohne Jannis, rechts die Nixk\u00f6nner nach dem Finale und die Niedersachsen-Meisterschaft.<\/p>\n<p style=\"text-align: left;\">Einige weitere Bilder wollen folgen.<\/p>\n","protected":false},"excerpt":{"rendered":"<p>&nbsp; 9. lengeder kubb open + 6. Niedersachsen-Meisterschaft &#8211;\u00a008.09.2018 &nbsp; Ergebnisse 9. Lengeder Kubb open Platz: Gipfelst\u00fcrmer Platz: durstiges Sch\u00fcnchen Platz: RIB Platz: kubb-sh Ergebnisse und Spiele um die Pl\u00e4tze 1-32 Ergebnisse und Spiele in der Gruppen-Phase 6. Niedersachsen-Meisterschaft Platz:&#8230;<\/p>\n","protected":false},"author":1,"featured_media":0,"parent":1053,"menu_order":0,"comment_status":"closed","ping_status":"closed","template":"template-fullwidth.php","meta":{"footnotes":""},"class_list":["post-1951","page","type-page","status-publish","hentry","no-post-thumbnail"],"post_mailing_queue_ids":[],"_links":{"self":[{"href":"https:\/\/sv-lengede.de\/kbl\/wp-json\/wp\/v2\/pages\/1951","targetHints":{"allow":["GET"]}}],"collection":[{"href":"https:\/\/sv-lengede.de\/kbl\/wp-json\/wp\/v2\/pages"}],"about":[{"href":"https:\/\/sv-lengede.de\/kbl\/wp-json\/wp\/v2\/types\/page"}],"author":[{"embeddable":true,"href":"https:\/\/sv-lengede.de\/kbl\/wp-json\/wp\/v2\/users\/1"}],"replies":[{"embeddable":true,"href":"https:\/\/sv-lengede.de\/kbl\/wp-json\/wp\/v2\/comments?post=1951"}],"version-history":[{"count":12,"href":"https:\/\/sv-lengede.de\/kbl\/wp-json\/wp\/v2\/pages\/1951\/revisions"}],"predecessor-version":[{"id":1977,"href":"https:\/\/sv-lengede.de\/kbl\/wp-json\/wp\/v2\/pages\/1951\/revisions\/1977"}],"up":[{"embeddable":true,"href":"https:\/\/sv-lengede.de\/kbl\/wp-json\/wp\/v2\/pages\/1053"}],"wp:attachment":[{"href":"https:\/\/sv-lengede.de\/kbl\/wp-json\/wp\/v2\/media?parent=1951"}],"curies":[{"name":"wp","href":"https:\/\/api.w.org\/{rel}","templated":true}]}}