{"id":1891,"date":"2018-08-09T19:06:26","date_gmt":"2018-08-09T17:06:26","guid":{"rendered":"http:\/\/sv-lengede.de\/kbl\/?page_id=1891"},"modified":"2025-09-01T21:36:09","modified_gmt":"2025-09-01T19:36:09","slug":"jugend","status":"publish","type":"page","link":"https:\/\/sv-lengede.de\/kbl\/jugend\/","title":{"rendered":"Jugend-Meisterschaft"},"content":{"rendered":"\n<p><\/p>\n\n\n<p><span style=\"color: #339966;\"><strong>4. Nieders\u00e4chsische Kubb-Jugend-Meisterschaft (NKJM)<\/strong><\/span><\/p>\n<p><strong>Wann<\/strong>: 13. September 2025<br \/><strong>Wo<\/strong>: SV Lengede, 38268 Lengede, Schachtweg 1<br \/><strong>Wer<\/strong>: Jahrgang 2010 oder j\u00fcnger<br \/><strong>Teamgr\u00f6\u00dfe<\/strong>: 2-6 Spielerinnen\/Spieler pro Team<br \/><strong>Anmeldung online<\/strong> bis zum 13.09.2025, 11:00 Uhr<br \/><strong>Anmeldung vor Ort<\/strong> bis zum 13.09.2025, 11:00 Uhr<br \/><strong>Registrierung<\/strong>\u00a0<strong>am Spieltag<\/strong> der online angemeldeten Spielerinnen\/Spieler\/Teams am 09.9.2023 von 09:30-10:30 Uhr<br \/><strong>Anmeldegeb\u00fchren<\/strong> erheben wir nicht.<br \/><strong>Beginn<\/strong> der NKJM am 13.09.2025 um 11:00 Uhr<\/p>\n<p>Genauso herzlich willkommen wie <strong>Teams<\/strong> sind <strong>einzelne Spielerinnen und Spieler<\/strong>, die wir dann zu Mannschaften zusammenstellen werden \u2013 Kubb verbindet Menschen.<\/p>\n<p>Eine Altersgrenze nach unten gibt es nicht. Im Bedarfsfall werden wir Altersklassen bilden.<\/p>\n<p>Gespielt wird nach dem <span style=\"color: #ff0000;\"><a style=\"color: #ff0000;\" href=\"http:\/\/dkubbb.de\/der-dkubbb\/regelwerk\/\" target=\"_blank\" rel=\"noopener noreferrer\">Regelwerk des DKubbB<\/a><\/span>, das wir an die Bed\u00fcrfnisse der Leistungsf\u00e4higkeiten anpassen.<\/p>\n<p>Zahlreiche Zuschauer, erfahrene Spieler und ein abwechslungsreiches Catering geben der Meisterschaft einen sch\u00f6nen Rahmen, denn die Jugend-Meisterschaft wird r\u00e4umlich und zeitlich parallel zu den lengeder kubb open ausgetragen.<br \/><br \/>Zu weiteren Informationen und <a href=\"https:\/\/www.tournaments.dkubbb.de\/tournaments\/43\" target=\"_blank\" rel=\"noopener\">zur ANMELDUNG geht es hier<\/a>.<\/p>\n<p>Herzlich willkommen!<\/p>\n\n\n<p><\/p>\n","protected":false},"excerpt":{"rendered":"<p>4. Nieders\u00e4chsische Kubb-Jugend-Meisterschaft (NKJM) Wann: 13. September 2025Wo: SV Lengede, 38268 Lengede, Schachtweg 1Wer: Jahrgang 2010 oder j\u00fcngerTeamgr\u00f6\u00dfe: 2-6 Spielerinnen\/Spieler pro TeamAnmeldung online bis zum 13.09.2025, 11:00 UhrAnmeldung vor Ort bis zum 13.09.2025, 11:00 UhrRegistrierung\u00a0am Spieltag der online angemeldeten Spielerinnen\/Spieler\/Teams&#8230;<\/p>\n","protected":false},"author":1,"featured_media":0,"parent":0,"menu_order":0,"comment_status":"closed","ping_status":"closed","template":"template-fullwidth.php","meta":{"footnotes":""},"class_list":["post-1891","page","type-page","status-publish","hentry","no-post-thumbnail"],"post_mailing_queue_ids":[],"_links":{"self":[{"href":"https:\/\/sv-lengede.de\/kbl\/wp-json\/wp\/v2\/pages\/1891","targetHints":{"allow":["GET"]}}],"collection":[{"href":"https:\/\/sv-lengede.de\/kbl\/wp-json\/wp\/v2\/pages"}],"about":[{"href":"https:\/\/sv-lengede.de\/kbl\/wp-json\/wp\/v2\/types\/page"}],"author":[{"embeddable":true,"href":"https:\/\/sv-lengede.de\/kbl\/wp-json\/wp\/v2\/users\/1"}],"replies":[{"embeddable":true,"href":"https:\/\/sv-lengede.de\/kbl\/wp-json\/wp\/v2\/comments?post=1891"}],"version-history":[{"count":26,"href":"https:\/\/sv-lengede.de\/kbl\/wp-json\/wp\/v2\/pages\/1891\/revisions"}],"predecessor-version":[{"id":4218,"href":"https:\/\/sv-lengede.de\/kbl\/wp-json\/wp\/v2\/pages\/1891\/revisions\/4218"}],"wp:attachment":[{"href":"https:\/\/sv-lengede.de\/kbl\/wp-json\/wp\/v2\/media?parent=1891"}],"curies":[{"name":"wp","href":"https:\/\/api.w.org\/{rel}","templated":true}]}}