{"id":1596,"date":"2017-09-04T22:27:55","date_gmt":"2017-09-04T20:27:55","guid":{"rendered":"http:\/\/sv-lengede.de\/kbl\/?page_id=1596"},"modified":"2018-08-07T18:40:55","modified_gmt":"2018-08-07T16:40:55","slug":"doku-8-lko-5-ndsm-2017-09-09","status":"publish","type":"page","link":"https:\/\/sv-lengede.de\/kbl\/lengeder-kubb-open\/doku-8-lko-5-ndsm-2017-09-09\/","title":{"rendered":"Doku 8. lko + 5. NdsM 2017-09-09"},"content":{"rendered":"<p>&nbsp;<\/p>\n<p><span style=\"color: #99cc00;\">8. lengeder kubb open + 5. Niedersachsen-Meisterschaft &#8211;\u00a009.09.2017<\/span><\/p>\n<p>&nbsp;<\/p>\n<p><strong>Ergebnisse<\/strong><\/p>\n<p><span style=\"color: #808080;\"><strong>8. Lengeder Kubb open<\/strong><\/span><\/p>\n<ol>\n<li>Platz: H\u00e4gar-Schindhard<\/li>\n<li>Platz: Sch\u00fcnchen<\/li>\n<li>Platz: Gipfelst\u00fcrmer<\/li>\n<li>Platz: Kubbless<br \/>\n<span style=\"color: #ff0000;\"><u><a href=\"http:\/\/sv-lengede.de\/kbl\/wp-content\/uploads\/2017\/03\/2017-lko-ergebnisse-platzierungsrunde-final.pdf\" target=\"_blank\" rel=\"noopener noreferrer\">Platz 1-32<\/a><\/u><\/span><\/li>\n<\/ol>\n<p><span style=\"color: #808080;\"><strong>5. Niedersachsen-Meisterschaft<\/strong><\/span><\/p>\n<ol>\n<li>Platz: L\u00fcbke Wikinger<\/li>\n<li>Platz: Goldsch\u00e4tze 3<\/li>\n<li>Platz: Mila Clan<\/li>\n<li>Platz: Die Kubb\u00b4aner<\/li>\n<\/ol>\n<p><span style=\"color: #808080;\"><strong>SpeedKubb<\/strong><\/span><\/p>\n<ol>\n<li>Platz: Torsten L\u00fcbke<\/li>\n<li>Platz: Leo Bogner<\/li>\n<li>Platz: Aaron Schierding<\/li>\n<li>Platz; Lisbeth Weiterer<\/li>\n<\/ol>\n<p><span style=\"color: #808080;\"><strong>Gewinner der Verlosungen<\/strong><\/span><\/p>\n<ul>\n<li>Reise zur Kubb-Europameisterschaft 2018 in Berlin: Rammbande 3<\/li>\n<li>Wanderpokal lengeder kubb open: Generationenhilfe I<\/li>\n<li>Wanderpokal Niedersachsenmeisterschaft: Generationenhilfe II<\/li>\n<\/ul>\n<p><img loading=\"lazy\" decoding=\"async\" class=\"aligncenter size-full wp-image-1617\" src=\"http:\/\/sv-lengede.de\/kbl\/wp-content\/uploads\/2017\/03\/IMG_7913.jpg\" alt=\"\" width=\"4133\" height=\"2761\" srcset=\"https:\/\/sv-lengede.de\/kbl\/wp-content\/uploads\/2017\/03\/IMG_7913.jpg 4133w, https:\/\/sv-lengede.de\/kbl\/wp-content\/uploads\/2017\/03\/IMG_7913-300x200.jpg 300w, https:\/\/sv-lengede.de\/kbl\/wp-content\/uploads\/2017\/03\/IMG_7913-768x513.jpg 768w, https:\/\/sv-lengede.de\/kbl\/wp-content\/uploads\/2017\/03\/IMG_7913-1024x684.jpg 1024w, https:\/\/sv-lengede.de\/kbl\/wp-content\/uploads\/2017\/03\/IMG_7913-600x401.jpg 600w\" sizes=\"auto, (max-width: 4133px) 100vw, 4133px\" \/><\/p>\n<p><span style=\"color: #3366ff;\"><strong><br \/>\nSieger der 1. Deutschen Kubb-Jugend-Meisterschaft<\/strong><\/span><\/p>\n<p>Altersklasse 2002 &#8230;<\/p>\n<ol>\n<li>Platz: K.I.Z. (Kubb ist Zukunft \ud83d\ude42\u00a0\u00a0 )<\/li>\n<li>Platz: Leibniz W\u00f6lfe<\/li>\n<li>Platz: JJ\u00b4s<\/li>\n<\/ol>\n<p>Altersklasse 2008 &#8230;<\/p>\n<ol>\n<li>Platz: Die zwei Chaoten<\/li>\n<li>Platz: Woody\u00b4s Junior<\/li>\n<li>Platz: Lengeder Jungs<\/li>\n<\/ol>\n<p><img loading=\"lazy\" decoding=\"async\" class=\"aligncenter size-full wp-image-1618\" src=\"http:\/\/sv-lengede.de\/kbl\/wp-content\/uploads\/2017\/03\/MG_7760.jpg\" alt=\"\" width=\"5184\" height=\"3456\" srcset=\"https:\/\/sv-lengede.de\/kbl\/wp-content\/uploads\/2017\/03\/MG_7760.jpg 5184w, https:\/\/sv-lengede.de\/kbl\/wp-content\/uploads\/2017\/03\/MG_7760-300x200.jpg 300w, https:\/\/sv-lengede.de\/kbl\/wp-content\/uploads\/2017\/03\/MG_7760-768x512.jpg 768w, https:\/\/sv-lengede.de\/kbl\/wp-content\/uploads\/2017\/03\/MG_7760-1024x683.jpg 1024w, https:\/\/sv-lengede.de\/kbl\/wp-content\/uploads\/2017\/03\/MG_7760-600x400.jpg 600w\" sizes=\"auto, (max-width: 5184px) 100vw, 5184px\" \/><\/p>\n<p>PR<\/p>\n<ul>\n<li>newsletter <span style=\"color: #ff0000;\"><a style=\"color: #ff0000;\" href=\"http:\/\/sv-lengede.de\/kbl\/wp-content\/uploads\/2017\/09\/2017-nl-herzlich-willkommen.pdf\" target=\"_blank\" rel=\"noopener noreferrer\">Herzlich willkommen<\/a><\/span><\/li>\n<li>newsletter\u00a0<span style=\"color: #ff0000;\"><a style=\"color: #ff0000;\" href=\"http:\/\/sv-lengede.de\/kbl\/wp-content\/uploads\/2017\/09\/2017-nl-training.pdf\" target=\"_blank\" rel=\"noopener noreferrer\">Training<\/a><\/span><\/li>\n<li>newsletter\u00a0<a href=\"http:\/\/sv-lengede.de\/kbl\/wp-content\/uploads\/2017\/09\/2017-09-01-buttons.pdf\" target=\"_blank\" rel=\"noopener noreferrer\"><span style=\"color: #ff0000;\">Buttons<\/span><\/a><\/li>\n<li>newsletter\u00a0<span style=\"color: #ff0000;\"><a style=\"color: #ff0000;\" href=\"http:\/\/sv-lengede.de\/kbl\/wp-content\/uploads\/2017\/09\/2017-nl-lecker.pdf\" target=\"_blank\" rel=\"noopener noreferrer\">Lecker<\/a><\/span><\/li>\n<li>newsletter\u00a0<span style=\"color: #ff0000;\"><a style=\"color: #ff0000;\" href=\"http:\/\/sv-lengede.de\/kbl\/wp-content\/uploads\/2017\/09\/2017-nl-nachts-morgens.pdf\" target=\"_blank\" rel=\"noopener noreferrer\">Nachts und morgens<\/a><\/span><\/li>\n<li>newsletter\u00a0<span style=\"color: #ff0000;\"><a style=\"color: #ff0000;\" href=\"http:\/\/sv-lengede.de\/kbl\/wp-content\/uploads\/2017\/09\/2017-nl-jugend-dm.pdf\" target=\"_blank\" rel=\"noopener noreferrer\">1. Deutsche Kubb-Jugend-Meisterschaft<\/a><\/span><\/li>\n<li>newsletter\u00a0<span style=\"color: #ff0000;\"><a style=\"color: #ff0000;\" href=\"http:\/\/sv-lengede.de\/kbl\/wp-content\/uploads\/2017\/09\/2017-nl-vollbracht.pdf\" target=\"_blank\" rel=\"noopener noreferrer\">Vollbracht \ud83d\ude42<\/a><\/span><\/li>\n<\/ul>\n<p>Online-Infos<\/p>\n<ul>\n<li><span style=\"color: #ff0000;\"><a style=\"color: #ff0000;\" href=\"http:\/\/sv-lengede.de\/kbl\/wp-content\/uploads\/2017\/09\/2017-www-1uebersicht.pdf\" target=\"_blank\" rel=\"noopener noreferrer\">lko 2017 \u00dcbersicht<\/a><\/span><\/li>\n<li><span style=\"color: #ff0000;\"><a style=\"color: #ff0000;\" href=\"http:\/\/sv-lengede.de\/kbl\/wp-content\/uploads\/2017\/09\/2017-www-2anmeldung.pdf\" target=\"_blank\" rel=\"noopener noreferrer\">lko 2017\u00a0Anmeldung<\/a><\/span><\/li>\n<li><span style=\"color: #ff0000;\"><a style=\"color: #ff0000;\" href=\"http:\/\/sv-lengede.de\/kbl\/wp-content\/uploads\/2017\/09\/2017-www-3angemeldeteteams.pdf\" target=\"_blank\" rel=\"noopener noreferrer\">lko 2017 Angemeldete Teams<\/a><\/span><\/li>\n<li><span style=\"color: #ff0000;\"><a style=\"color: #ff0000;\" href=\"http:\/\/sv-lengede.de\/kbl\/wp-content\/uploads\/2017\/09\/2017-www-4blickaufdentag.pdf\" target=\"_blank\" rel=\"noopener noreferrer\">lko 2017 Blick auf den Tag<\/a><\/span><\/li>\n<li><span style=\"color: #ff0000;\"><a style=\"color: #ff0000;\" href=\"http:\/\/sv-lengede.de\/kbl\/wp-content\/uploads\/2017\/09\/2017-www-5blickaufturniermodusundspielwertung.pdf\" target=\"_blank\" rel=\"noopener noreferrer\">lko 2017 Blick auf Turniermodus und Spielwertung<\/a><\/span><\/li>\n<li><span style=\"color: #ff0000;\"><a style=\"color: #ff0000;\" href=\"http:\/\/sv-lengede.de\/kbl\/wp-content\/uploads\/2017\/09\/2017-www-6blickaufregeln.pdf\" target=\"_blank\" rel=\"noopener noreferrer\">lko 2017 Blick auf die Regeln<\/a><\/span><\/li>\n<li><span style=\"color: #ff0000;\"><a style=\"color: #ff0000;\" href=\"http:\/\/sv-lengede.de\/kbl\/wp-content\/uploads\/2017\/09\/2017-www-7blickaufaufmerksamkeitenundgewinne.pdf\" target=\"_blank\" rel=\"noopener noreferrer\">lko 2017 Blick auf Aufmerksamkeiten und Gewinne<\/a><\/span><\/li>\n<li><span style=\"color: #ff0000;\"><a style=\"color: #ff0000;\" href=\"http:\/\/sv-lengede.de\/kbl\/wp-content\/uploads\/2017\/09\/2017-www-8nachts.pdf\" target=\"_blank\" rel=\"noopener noreferrer\">lko 2017 Nachts<\/a><\/span><\/li>\n<\/ul>\n<p>Bilder<\/p>\n<ul>\n<li>lko 2017 &#8211; 50 Teamfotos (offline wg. DSGVO)<\/li>\n<li><a href=\"http:\/\/sv-lengede.de\/kbl\/lko-2017-siegerehrung\/\" target=\"_blank\" rel=\"noopener noreferrer\">l<span style=\"color: #ff0000;\">ko 2017 &#8211; Siegerehrung<\/span><\/a><\/li>\n<\/ul>\n","protected":false},"excerpt":{"rendered":"<p>&nbsp; 8. lengeder kubb open + 5. Niedersachsen-Meisterschaft &#8211;\u00a009.09.2017 &nbsp; Ergebnisse 8. Lengeder Kubb open Platz: H\u00e4gar-Schindhard Platz: Sch\u00fcnchen Platz: Gipfelst\u00fcrmer Platz: Kubbless Platz 1-32 5. Niedersachsen-Meisterschaft Platz: L\u00fcbke Wikinger Platz: Goldsch\u00e4tze 3 Platz: Mila Clan Platz: Die Kubb\u00b4aner SpeedKubb&#8230;<\/p>\n","protected":false},"author":1,"featured_media":0,"parent":1053,"menu_order":0,"comment_status":"closed","ping_status":"closed","template":"template-fullwidth.php","meta":{"footnotes":""},"class_list":["post-1596","page","type-page","status-publish","hentry","no-post-thumbnail"],"post_mailing_queue_ids":[],"_links":{"self":[{"href":"https:\/\/sv-lengede.de\/kbl\/wp-json\/wp\/v2\/pages\/1596","targetHints":{"allow":["GET"]}}],"collection":[{"href":"https:\/\/sv-lengede.de\/kbl\/wp-json\/wp\/v2\/pages"}],"about":[{"href":"https:\/\/sv-lengede.de\/kbl\/wp-json\/wp\/v2\/types\/page"}],"author":[{"embeddable":true,"href":"https:\/\/sv-lengede.de\/kbl\/wp-json\/wp\/v2\/users\/1"}],"replies":[{"embeddable":true,"href":"https:\/\/sv-lengede.de\/kbl\/wp-json\/wp\/v2\/comments?post=1596"}],"version-history":[{"count":23,"href":"https:\/\/sv-lengede.de\/kbl\/wp-json\/wp\/v2\/pages\/1596\/revisions"}],"predecessor-version":[{"id":1859,"href":"https:\/\/sv-lengede.de\/kbl\/wp-json\/wp\/v2\/pages\/1596\/revisions\/1859"}],"up":[{"embeddable":true,"href":"https:\/\/sv-lengede.de\/kbl\/wp-json\/wp\/v2\/pages\/1053"}],"wp:attachment":[{"href":"https:\/\/sv-lengede.de\/kbl\/wp-json\/wp\/v2\/media?parent=1596"}],"curies":[{"name":"wp","href":"https:\/\/api.w.org\/{rel}","templated":true}]}}