{"id":1053,"date":"2017-03-28T21:09:07","date_gmt":"2017-03-28T19:09:07","guid":{"rendered":"http:\/\/sv-lengede.de\/kbl\/?page_id=1053"},"modified":"2022-12-30T10:46:14","modified_gmt":"2022-12-30T09:46:14","slug":"lengeder-kubb-open","status":"publish","type":"page","link":"https:\/\/sv-lengede.de\/kbl\/lengeder-kubb-open\/","title":{"rendered":"lko &#038; Nds-M &#038; NKJM"},"content":{"rendered":"<header class=\"entry-header\">\n<h1 class=\"entry-title\"><\/h1>\n<\/header>\n<div class=\"entry-content\">\n<p><strong><span style=\"color: #339966;\">Immer am 2. Sonnabend im September<\/span><img loading=\"lazy\" decoding=\"async\" class=\"wp-image-1351 alignright\" src=\"http:\/\/sv-lengede.de\/kbl\/wp-content\/uploads\/2017\/03\/DKubbB_RankingTurnier_Logo_kurz_farbig.png\" sizes=\"auto, (max-width: 274px) 100vw, 274px\" srcset=\"https:\/\/sv-lengede.de\/kbl\/wp-content\/uploads\/2017\/03\/DKubbB_RankingTurnier_Logo_kurz_farbig.png 1182w, https:\/\/sv-lengede.de\/kbl\/wp-content\/uploads\/2017\/03\/DKubbB_RankingTurnier_Logo_kurz_farbig-150x150.png 150w, https:\/\/sv-lengede.de\/kbl\/wp-content\/uploads\/2017\/03\/DKubbB_RankingTurnier_Logo_kurz_farbig-300x300.png 300w, https:\/\/sv-lengede.de\/kbl\/wp-content\/uploads\/2017\/03\/DKubbB_RankingTurnier_Logo_kurz_farbig-768x768.png 768w, https:\/\/sv-lengede.de\/kbl\/wp-content\/uploads\/2017\/03\/DKubbB_RankingTurnier_Logo_kurz_farbig-1024x1024.png 1024w, https:\/\/sv-lengede.de\/kbl\/wp-content\/uploads\/2017\/03\/DKubbB_RankingTurnier_Logo_kurz_farbig-600x600.png 600w\" alt=\"\" width=\"274\" height=\"274\"><\/strong><\/p>\n<p>Die lengeder kubb open ist in jedem Jahr eines der gr\u00f6\u00dften Kubb-Turniere in Deutschland.&nbsp;Auch in diesem Jahr hoffen wir, viele Kubb-Freundinnen und Kubb-Freunde aus&nbsp;nah und fern&nbsp;begr\u00fc\u00dfen zu d\u00fcrfen.<\/p>\n<p>Immer f\u00fcr den zweiten Sonnabend im September laden wir herzlich zur<span style=\"color: #339966;\"> lengeder kubb open<\/span> ein in 38268 Lengede, Schachtweg 1.<\/p>\n<p>An diesem Tag werden weitere Sieger ermittelt:<br \/>\n<span style=\"color: #339966;\">Bei der Niedersachsen-Kubb-Meisterschaft<\/span><br \/>\nBei ihrer Wertung werden innerhalb der lengeder kubb open allein die Mannschaften ber\u00fccksichtigt, bei denen alle Spielerinnen und Spieler in Niedersachsen wohnen.<br \/>\n<span style=\"color: #339966;\">Bei der Niedersachsen-Jugend-Kubb-Meisterschaft<\/span><br \/>\nDieses separate Turnier wird parallel zur lengeder kubb open durchgef\u00fchrt und besonders betreut. Hier m\u00fcssen alle jungen Spielerinnen und Spieler in Niedersachsen wohnen und im Jahr 2008 oder sp\u00e4ter geboren sein.<\/p>\n<p>Die&nbsp;lengeder kubb open&nbsp;ist ein&nbsp;vom Deutschen Kubb-Bund anerkanntes&nbsp;<a href=\"http:\/\/dkubbb.de\/deutsches-kubb-ranking\/ranking-turniere\/\" target=\"_blank\" rel=\"noopener noreferrer\"><span style=\"color: #ff0000;\">RANKING-TURNIER<\/span><\/a>, bei dem Punkte sowohl f\u00fcr das&nbsp;Team-Ranking&nbsp;als auch f\u00fcr das&nbsp;Einzel-Ranking gesammelt werden k\u00f6nnen.<\/p>\n<p style=\"text-align: center;\"><span style=\"color: #339966;\">Herzlich willkommen!<\/span><\/p>\n<p>*******<\/p>\n<p style=\"text-align: center;\">lko ago<\/p>\n<p style=\"text-align: center;\"><img loading=\"lazy\" decoding=\"async\" class=\"wp-image-2621 size-full aligncenter\" src=\"http:\/\/sv-lengede.de\/kbl\/wp-content\/uploads\/2021\/07\/lko2019alle1-1-scaled.jpg\" sizes=\"auto, (max-width: 2560px) 100vw, 2560px\" srcset=\"https:\/\/sv-lengede.de\/kbl\/wp-content\/uploads\/2021\/07\/lko2019alle1-1-scaled.jpg 2560w, https:\/\/sv-lengede.de\/kbl\/wp-content\/uploads\/2021\/07\/lko2019alle1-1-300x169.jpg 300w, https:\/\/sv-lengede.de\/kbl\/wp-content\/uploads\/2021\/07\/lko2019alle1-1-1024x576.jpg 1024w, https:\/\/sv-lengede.de\/kbl\/wp-content\/uploads\/2021\/07\/lko2019alle1-1-768x432.jpg 768w, https:\/\/sv-lengede.de\/kbl\/wp-content\/uploads\/2021\/07\/lko2019alle1-1-600x338.jpg 600w, https:\/\/sv-lengede.de\/kbl\/wp-content\/uploads\/2021\/07\/lko2019alle1-1-1536x864.jpg 1536w, https:\/\/sv-lengede.de\/kbl\/wp-content\/uploads\/2021\/07\/lko2019alle1-1-2048x1152.jpg 2048w\" alt=\"\" width=\"2560\" height=\"1440\"><span style=\"font-size: inherit;\">10. lko -2019<\/span><\/p>\n<p style=\"text-align: center;\"><img loading=\"lazy\" decoding=\"async\" class=\"aligncenter size-full wp-image-1959\" src=\"http:\/\/sv-lengede.de\/kbl\/wp-content\/uploads\/2018\/09\/2018-lko-alle.jpeg\" sizes=\"auto, (max-width: 1024px) 100vw, 1024px\" srcset=\"https:\/\/sv-lengede.de\/kbl\/wp-content\/uploads\/2018\/09\/2018-lko-alle.jpeg 1024w, https:\/\/sv-lengede.de\/kbl\/wp-content\/uploads\/2018\/09\/2018-lko-alle-300x212.jpeg 300w, https:\/\/sv-lengede.de\/kbl\/wp-content\/uploads\/2018\/09\/2018-lko-alle-768x542.jpeg 768w, https:\/\/sv-lengede.de\/kbl\/wp-content\/uploads\/2018\/09\/2018-lko-alle-600x424.jpeg 600w\" alt=\"\" width=\"1024\" height=\"723\"><span style=\"font-size: inherit;\">9. lko \u2013 2018<\/span><\/p>\n<p>\u2014<\/p>\n<p style=\"text-align: center;\">8. lko \u2013 2017 \u2013 leider ohne Foto<\/p>\n<p>\u2014<\/p>\n<p style=\"text-align: center;\"><img loading=\"lazy\" decoding=\"async\" class=\"size-full wp-image-1329 aligncenter\" src=\"http:\/\/sv-lengede.de\/kbl\/wp-content\/uploads\/2017\/03\/DJI_0005b.jpg\" sizes=\"auto, (max-width: 800px) 100vw, 800px\" srcset=\"https:\/\/sv-lengede.de\/kbl\/wp-content\/uploads\/2017\/03\/DJI_0005b.jpg 800w, https:\/\/sv-lengede.de\/kbl\/wp-content\/uploads\/2017\/03\/DJI_0005b-300x200.jpg 300w, https:\/\/sv-lengede.de\/kbl\/wp-content\/uploads\/2017\/03\/DJI_0005b-768x513.jpg 768w, https:\/\/sv-lengede.de\/kbl\/wp-content\/uploads\/2017\/03\/DJI_0005b-600x401.jpg 600w\" alt=\"\" width=\"800\" height=\"534\">7. lko \u2013 2016<\/p>\n<p style=\"text-align: center;\"><img loading=\"lazy\" decoding=\"async\" class=\"aligncenter size-full wp-image-1316\" src=\"http:\/\/sv-lengede.de\/kbl\/wp-content\/uploads\/2017\/03\/lko-2015.jpg\" sizes=\"auto, (max-width: 800px) 100vw, 800px\" srcset=\"https:\/\/sv-lengede.de\/kbl\/wp-content\/uploads\/2017\/03\/lko-2015.jpg 800w, https:\/\/sv-lengede.de\/kbl\/wp-content\/uploads\/2017\/03\/lko-2015-300x185.jpg 300w, https:\/\/sv-lengede.de\/kbl\/wp-content\/uploads\/2017\/03\/lko-2015-768x473.jpg 768w, https:\/\/sv-lengede.de\/kbl\/wp-content\/uploads\/2017\/03\/lko-2015-600x370.jpg 600w\" alt=\"\" width=\"800\" height=\"493\">6. lko \u2013 2015<\/p>\n<p style=\"text-align: center;\"><img loading=\"lazy\" decoding=\"async\" class=\"aligncenter size-full wp-image-1315\" src=\"http:\/\/sv-lengede.de\/kbl\/wp-content\/uploads\/2017\/03\/lko-2014.jpg\" sizes=\"auto, (max-width: 800px) 100vw, 800px\" srcset=\"https:\/\/sv-lengede.de\/kbl\/wp-content\/uploads\/2017\/03\/lko-2014.jpg 800w, https:\/\/sv-lengede.de\/kbl\/wp-content\/uploads\/2017\/03\/lko-2014-300x215.jpg 300w, https:\/\/sv-lengede.de\/kbl\/wp-content\/uploads\/2017\/03\/lko-2014-768x551.jpg 768w, https:\/\/sv-lengede.de\/kbl\/wp-content\/uploads\/2017\/03\/lko-2014-600x431.jpg 600w, https:\/\/sv-lengede.de\/kbl\/wp-content\/uploads\/2017\/03\/lko-2014-321x229.jpg 321w\" alt=\"\" width=\"800\" height=\"574\">5. lko \u2013 2014<\/p>\n<p style=\"text-align: center;\"><img loading=\"lazy\" decoding=\"async\" class=\"aligncenter size-full wp-image-1314\" src=\"http:\/\/sv-lengede.de\/kbl\/wp-content\/uploads\/2017\/03\/lko-2013.jpg\" sizes=\"auto, (max-width: 800px) 100vw, 800px\" srcset=\"https:\/\/sv-lengede.de\/kbl\/wp-content\/uploads\/2017\/03\/lko-2013.jpg 800w, https:\/\/sv-lengede.de\/kbl\/wp-content\/uploads\/2017\/03\/lko-2013-300x207.jpg 300w, https:\/\/sv-lengede.de\/kbl\/wp-content\/uploads\/2017\/03\/lko-2013-768x531.jpg 768w, https:\/\/sv-lengede.de\/kbl\/wp-content\/uploads\/2017\/03\/lko-2013-600x415.jpg 600w\" alt=\"\" width=\"800\" height=\"553\">4. lko \u2013 2013<\/p>\n<p style=\"text-align: center;\"><img loading=\"lazy\" decoding=\"async\" class=\"aligncenter size-full wp-image-1313\" src=\"http:\/\/sv-lengede.de\/kbl\/wp-content\/uploads\/2017\/03\/lko-2012.jpg\" sizes=\"auto, (max-width: 800px) 100vw, 800px\" srcset=\"https:\/\/sv-lengede.de\/kbl\/wp-content\/uploads\/2017\/03\/lko-2012.jpg 800w, https:\/\/sv-lengede.de\/kbl\/wp-content\/uploads\/2017\/03\/lko-2012-300x200.jpg 300w, https:\/\/sv-lengede.de\/kbl\/wp-content\/uploads\/2017\/03\/lko-2012-768x512.jpg 768w, https:\/\/sv-lengede.de\/kbl\/wp-content\/uploads\/2017\/03\/lko-2012-600x400.jpg 600w\" alt=\"\" width=\"800\" height=\"533\">3. lko \u2013 2012<\/p>\n<p style=\"text-align: center;\"><img loading=\"lazy\" decoding=\"async\" class=\"aligncenter size-full wp-image-1312\" src=\"http:\/\/sv-lengede.de\/kbl\/wp-content\/uploads\/2017\/03\/lko-2011.jpg\" sizes=\"auto, (max-width: 800px) 100vw, 800px\" srcset=\"https:\/\/sv-lengede.de\/kbl\/wp-content\/uploads\/2017\/03\/lko-2011.jpg 800w, https:\/\/sv-lengede.de\/kbl\/wp-content\/uploads\/2017\/03\/lko-2011-300x200.jpg 300w, https:\/\/sv-lengede.de\/kbl\/wp-content\/uploads\/2017\/03\/lko-2011-768x512.jpg 768w, https:\/\/sv-lengede.de\/kbl\/wp-content\/uploads\/2017\/03\/lko-2011-600x400.jpg 600w\" alt=\"\" width=\"800\" height=\"533\">2. lko \u2013 2011<\/p>\n<p style=\"text-align: center;\"><img loading=\"lazy\" decoding=\"async\" class=\"aligncenter size-full wp-image-1311\" src=\"http:\/\/sv-lengede.de\/kbl\/wp-content\/uploads\/2017\/03\/lko-2010.jpg\" sizes=\"auto, (max-width: 760px) 100vw, 760px\" srcset=\"https:\/\/sv-lengede.de\/kbl\/wp-content\/uploads\/2017\/03\/lko-2010.jpg 760w, https:\/\/sv-lengede.de\/kbl\/wp-content\/uploads\/2017\/03\/lko-2010-300x178.jpg 300w, https:\/\/sv-lengede.de\/kbl\/wp-content\/uploads\/2017\/03\/lko-2010-600x356.jpg 600w\" alt=\"\" width=\"760\" height=\"451\">1. lko \u2013 2010<\/p>\n<\/div>\n","protected":false},"excerpt":{"rendered":"<p>Immer am 2. Sonnabend im September Die lengeder kubb open ist in jedem Jahr eines der gr\u00f6\u00dften Kubb-Turniere in Deutschland.&nbsp;Auch in diesem Jahr hoffen wir, viele Kubb-Freundinnen und Kubb-Freunde aus&nbsp;nah und fern&nbsp;begr\u00fc\u00dfen zu d\u00fcrfen. Immer f\u00fcr den zweiten Sonnabend im&#8230;<\/p>\n","protected":false},"author":1,"featured_media":0,"parent":0,"menu_order":40,"comment_status":"closed","ping_status":"closed","template":"template-fullwidth.php","meta":{"footnotes":""},"class_list":["post-1053","page","type-page","status-publish","hentry","no-post-thumbnail"],"post_mailing_queue_ids":[],"_links":{"self":[{"href":"https:\/\/sv-lengede.de\/kbl\/wp-json\/wp\/v2\/pages\/1053","targetHints":{"allow":["GET"]}}],"collection":[{"href":"https:\/\/sv-lengede.de\/kbl\/wp-json\/wp\/v2\/pages"}],"about":[{"href":"https:\/\/sv-lengede.de\/kbl\/wp-json\/wp\/v2\/types\/page"}],"author":[{"embeddable":true,"href":"https:\/\/sv-lengede.de\/kbl\/wp-json\/wp\/v2\/users\/1"}],"replies":[{"embeddable":true,"href":"https:\/\/sv-lengede.de\/kbl\/wp-json\/wp\/v2\/comments?post=1053"}],"version-history":[{"count":65,"href":"https:\/\/sv-lengede.de\/kbl\/wp-json\/wp\/v2\/pages\/1053\/revisions"}],"predecessor-version":[{"id":3369,"href":"https:\/\/sv-lengede.de\/kbl\/wp-json\/wp\/v2\/pages\/1053\/revisions\/3369"}],"wp:attachment":[{"href":"https:\/\/sv-lengede.de\/kbl\/wp-json\/wp\/v2\/media?parent=1053"}],"curies":[{"name":"wp","href":"https:\/\/api.w.org\/{rel}","templated":true}]}}