{"id":2462,"date":"2019-09-15T05:36:52","date_gmt":"2019-09-15T03:36:52","guid":{"rendered":"http:\/\/sv-lengede.de\/kbl\/?page_id=2462"},"modified":"2021-07-16T12:34:11","modified_gmt":"2021-07-16T10:34:11","slug":"platzierungen-1-50","status":"publish","type":"page","link":"http:\/\/sv-lengede.de\/kbl\/platzierungen-1-50\/","title":{"rendered":"Platzierungen 1-50"},"content":{"rendered":"\n<p><\/p>\n\n\n\n<figure class=\"wp-block-table\"><table><tbody><tr><td>Platz<\/td><td>Team<\/td><\/tr><tr><td>1<\/td><td>ILTIS<\/td><\/tr><tr><td>2<\/td><td>Thirsty US Kubbers<\/td><\/tr><tr><td>3<\/td><td>K\u00fcstenhauptstadtkaff<\/td><\/tr><tr><td>4<\/td><td>Laienspieltruppe<\/td><\/tr><tr><td>5<\/td><td>jpv kubb games<\/td><\/tr><tr><td>6<\/td><td>Kubb-SH 3<\/td><\/tr><tr><td>7<\/td><td>Kubb-SH 1<\/td><\/tr><tr><td>8<\/td><td>Rasentrennung \u00fcberwinden<\/td><\/tr><tr><td>9<\/td><td>Kubb-SH 2<\/td><\/tr><tr><td>10<\/td><td>king killers<\/td><\/tr><tr><td>11<\/td><td>Die M\u00f6pkenbrote<\/td><\/tr><tr><td>12<\/td><td>Wie nennen wir uns?<\/td><\/tr><tr><td>13<\/td><td>Generationenhilfe Lengede<\/td><\/tr><tr><td>14<\/td><td>Maulw\u00fcrfe<\/td><\/tr><tr><td>15<\/td><td>E.B.O<\/td><\/tr><tr><td>16<\/td><td>Lengeder Jungs<\/td><\/tr><tr><td>17<\/td><td>Lengeder Fireheroes<\/td><\/tr><tr><td>18<\/td><td>Die Besten&nbsp;<\/td><\/tr><tr><td>19<\/td><td>Die Hinterbliebenen&nbsp;<\/td><\/tr><tr><td>20<\/td><td>The Butterflyer<\/td><\/tr><tr><td>21<\/td><td>Havanna Kubb Cola<\/td><\/tr><tr><td>22<\/td><td>de Woodys&nbsp;<\/td><\/tr><tr><td>22<\/td><td>Kubb Ahoi<\/td><\/tr><tr><td>24<\/td><td>Trio Freizeitsportdilettanten<\/td><\/tr><tr><td>25<\/td><td>Flotte Biene 5&nbsp;<\/td><\/tr><tr><td>26<\/td><td>Rasensprenger<\/td><\/tr><tr><td>27<\/td><td>Die fantastischen F\u00fcnf<\/td><\/tr><tr><td>28<\/td><td>Kubb\u00b4aner<\/td><\/tr><tr><td>29<\/td><td>Die Umwerfenden<\/td><\/tr><tr><td>30<\/td><td>Dings Bums<\/td><\/tr><tr><td>31<\/td><td>Flotte Biene 4<\/td><\/tr><tr><td>32<\/td><td>Los Krachos&nbsp; \u2013 L<\/td><\/tr><tr><td>33<\/td><td>RitterSport Olympia<\/td><\/tr><tr><td>34<\/td><td>Himmelfahrtskommando<\/td><\/tr><tr><td>35<\/td><td>Northern Playboys<\/td><\/tr><tr><td>36<\/td><td>Let\u00b4s Fetz!<\/td><\/tr><tr><td>37<\/td><td>Die Zugezogenen<\/td><\/tr><tr><td>38<\/td><td>Dahlbuschbomber<\/td><\/tr><tr><td>39<\/td><td>E.B.O. and Friends<\/td><\/tr><tr><td>40<\/td><td>Los Krachos \u2013 S<\/td><\/tr><tr><td>41<\/td><td>L\u00f6wenkumpelz<\/td><\/tr><tr><td>42<\/td><td>Achat 5<\/td><\/tr><tr><td>43<\/td><td>Die Killerclown-Crew<\/td><\/tr><tr><td>44<\/td><td>Die Akkitanier<\/td><\/tr><tr><td>45<\/td><td>Grubenlichter<\/td><\/tr><tr><td>46<\/td><td>Eine schrecklich nette Familie<\/td><\/tr><tr><td>47<\/td><td>Flotte Biene 2<\/td><\/tr><tr><td>48<\/td><td>Flotte Biene 1<\/td><\/tr><tr><td>49<\/td><td>Flotte Biene 3<\/td><\/tr><tr><td>50<\/td><td>Flotte Biene 6<\/td><\/tr><\/tbody><\/table><\/figure>\n","protected":false},"excerpt":{"rendered":"<p>Platz Team 1 ILTIS 2 Thirsty US Kubbers 3 K\u00fcstenhauptstadtkaff 4 Laienspieltruppe 5 jpv kubb games 6 Kubb-SH 3 7 Kubb-SH 1 8 Rasentrennung \u00fcberwinden 9 Kubb-SH 2 10 king killers 11 Die M\u00f6pkenbrote 12 Wie nennen wir uns? 13&#8230;<\/p>\n","protected":false},"author":1,"featured_media":0,"parent":0,"menu_order":0,"comment_status":"closed","ping_status":"closed","template":"template-fullwidth.php","meta":{"footnotes":""},"class_list":["post-2462","page","type-page","status-publish","hentry","no-post-thumbnail"],"post_mailing_queue_ids":[],"_links":{"self":[{"href":"http:\/\/sv-lengede.de\/kbl\/wp-json\/wp\/v2\/pages\/2462","targetHints":{"allow":["GET"]}}],"collection":[{"href":"http:\/\/sv-lengede.de\/kbl\/wp-json\/wp\/v2\/pages"}],"about":[{"href":"http:\/\/sv-lengede.de\/kbl\/wp-json\/wp\/v2\/types\/page"}],"author":[{"embeddable":true,"href":"http:\/\/sv-lengede.de\/kbl\/wp-json\/wp\/v2\/users\/1"}],"replies":[{"embeddable":true,"href":"http:\/\/sv-lengede.de\/kbl\/wp-json\/wp\/v2\/comments?post=2462"}],"version-history":[{"count":3,"href":"http:\/\/sv-lengede.de\/kbl\/wp-json\/wp\/v2\/pages\/2462\/revisions"}],"predecessor-version":[{"id":2575,"href":"http:\/\/sv-lengede.de\/kbl\/wp-json\/wp\/v2\/pages\/2462\/revisions\/2575"}],"wp:attachment":[{"href":"http:\/\/sv-lengede.de\/kbl\/wp-json\/wp\/v2\/media?parent=2462"}],"curies":[{"name":"wp","href":"https:\/\/api.w.org\/{rel}","templated":true}]}}