{"id":2411,"date":"2019-09-14T05:14:16","date_gmt":"2019-09-14T03:14:16","guid":{"rendered":"http:\/\/sv-lengede.de\/kbl\/?page_id=2411"},"modified":"2019-09-14T17:34:44","modified_gmt":"2019-09-14T15:34:44","slug":"halb-finale-paarungen","status":"publish","type":"page","link":"http:\/\/sv-lengede.de\/kbl\/halb-finale-paarungen\/","title":{"rendered":"Halb-Finale &#8211; Paarungen"},"content":{"rendered":"\n<table class=\"wp-block-table\"><tbody><tr><td>Halbfinale\n  1+2<\/td><\/tr><tr><td>Final-Runde 3<\/td><\/tr><tr><td><\/td><\/tr><tr><td>Um Platz 1-4 &#8211; 2 Gewinns\u00e4tze, 40min, 10min Tibreak<\/td><\/tr><tr><td><\/td><\/tr><tr><td>!!!! Feld A !!!<\/td><\/tr><tr><td>Thirsty US Kubbers<\/td><\/tr><tr><td>K\u00fcstenhauptstadtkaff<\/td><\/tr><tr><td><\/td><\/tr><tr><td>!!! Feld C !!!<\/td><\/tr><tr><td>Laienspieltruppe<\/td><\/tr><tr><td>ILTIS<\/td><\/tr><tr><td>&nbsp;<\/td><\/tr><tr><td>Um Platz 5-8 &#8211; Pl\u00e4tze 5-16, 1 Gewinnsatz, 25 min, 10min T-Break<\/td><\/tr><tr><td>Feld 3<\/td><\/tr><tr><td>jpv kubb games<\/td><\/tr><tr><td>Rasentrennung \u00fcberwinden<\/td><\/tr><tr><td><\/td><\/tr><tr><td>Feld 6<\/td><\/tr><tr><td>Kubb-SH 1<\/td><\/tr><tr><td>Kubb-SH 3<\/td><\/tr><tr><td>&nbsp;<\/td><\/tr><tr><td>Um Platz 9-12<\/td><\/tr><tr><td>&nbsp;<\/td><\/tr><tr><td>Feld 7<\/td><\/tr><tr><td>Wie nennen wir uns?<\/td><\/tr><tr><td>king killers<\/td><\/tr><tr><td><\/td><\/tr><tr><td>Feld 8<\/td><\/tr><tr><td>Kubb-SH 2<\/td><\/tr><tr><td>Die M\u00f6pkenbrote<\/td><\/tr><tr><td>&nbsp;<\/td><\/tr><tr><td>Um Platz 13-16<\/td><\/tr><tr><td>Feld 11<\/td><\/tr><tr><td>Lengeder Jungs<\/td><\/tr><tr><td>Generationenhilfe Lengede<\/td><\/tr><tr><td><\/td><\/tr><tr><td>Feld 12<\/td><\/tr><tr><td>E.B.O<\/td><\/tr><tr><td>Maulw\u00fcrfe<\/td><\/tr><\/tbody><\/table>\n","protected":false},"excerpt":{"rendered":"<p>Halbfinale 1+2 Final-Runde 3 Um Platz 1-4 &#8211; 2 Gewinns\u00e4tze, 40min, 10min Tibreak !!!! Feld A !!! Thirsty US Kubbers K\u00fcstenhauptstadtkaff !!! Feld C !!! Laienspieltruppe ILTIS &nbsp; Um Platz 5-8 &#8211; Pl\u00e4tze 5-16, 1 Gewinnsatz, 25 min, 10min T-Break&#8230;<\/p>\n","protected":false},"author":1,"featured_media":0,"parent":0,"menu_order":0,"comment_status":"closed","ping_status":"closed","template":"","meta":{"footnotes":""},"class_list":["post-2411","page","type-page","status-publish","hentry","no-post-thumbnail"],"post_mailing_queue_ids":[],"_links":{"self":[{"href":"http:\/\/sv-lengede.de\/kbl\/wp-json\/wp\/v2\/pages\/2411","targetHints":{"allow":["GET"]}}],"collection":[{"href":"http:\/\/sv-lengede.de\/kbl\/wp-json\/wp\/v2\/pages"}],"about":[{"href":"http:\/\/sv-lengede.de\/kbl\/wp-json\/wp\/v2\/types\/page"}],"author":[{"embeddable":true,"href":"http:\/\/sv-lengede.de\/kbl\/wp-json\/wp\/v2\/users\/1"}],"replies":[{"embeddable":true,"href":"http:\/\/sv-lengede.de\/kbl\/wp-json\/wp\/v2\/comments?post=2411"}],"version-history":[{"count":2,"href":"http:\/\/sv-lengede.de\/kbl\/wp-json\/wp\/v2\/pages\/2411\/revisions"}],"predecessor-version":[{"id":2454,"href":"http:\/\/sv-lengede.de\/kbl\/wp-json\/wp\/v2\/pages\/2411\/revisions\/2454"}],"wp:attachment":[{"href":"http:\/\/sv-lengede.de\/kbl\/wp-json\/wp\/v2\/media?parent=2411"}],"curies":[{"name":"wp","href":"https:\/\/api.w.org\/{rel}","templated":true}]}}