{"id":2409,"date":"2019-09-14T05:13:40","date_gmt":"2019-09-14T03:13:40","guid":{"rendered":"http:\/\/sv-lengede.de\/kbl\/?page_id=2409"},"modified":"2019-09-14T16:25:57","modified_gmt":"2019-09-14T14:25:57","slug":"viertel-finale-paarungen","status":"publish","type":"page","link":"http:\/\/sv-lengede.de\/kbl\/viertel-finale-paarungen\/","title":{"rendered":"Viertel-Finale &#8211; Paarungen"},"content":{"rendered":"\n<table class=\"wp-block-table\"><tbody><tr><td>Final-Runde\n  2 (1-8\/9-19)<\/td><\/tr><tr><td><\/td><\/tr><tr><td>Um Platz 1-8: 2 Gewinns\u00e4tze, 40min + 10min Tibreak<\/td><\/tr><tr><td><\/td><\/tr><tr><td>Feld 1<\/td><\/tr><tr><td>jpv kubb games<\/td><\/tr><tr><td>Thirsty US Kubbers<\/td><\/tr><tr><td>&nbsp;<\/td><\/tr><tr><td>Feld 2<\/td><\/tr><tr><td>K\u00fcstenhauptstadtkaff<\/td><\/tr><tr><td>Rasentrennung \u00fcberwinden<\/td><\/tr><tr><td>&nbsp;<\/td><\/tr><tr><td>Feld 3<\/td><\/tr><tr><td>Kubb-SH 1<\/td><\/tr><tr><td>Laienspieltruppe<\/td><\/tr><tr><td>&nbsp;<\/td><\/tr><tr><td>Feld 6<\/td><\/tr><tr><td>Kubb-SH 3<\/td><\/tr><tr><td>ILTIS<\/td><\/tr><tr><td>&nbsp;<\/td><\/tr><tr><td>Um Platz 9-16 &#8211; 1 Gewinnsatz, 25min + 10min Tibreak<\/td><\/tr><tr><td>&nbsp;<\/td><\/tr><tr><td>Feld 7<\/td><\/tr><tr><td>Wie nennen wir uns?<\/td><\/tr><tr><td>Lengeder Jungs<\/td><\/tr><tr><td>&nbsp;<\/td><\/tr><tr><td>Feld 7<\/td><\/tr><tr><td>Generationenhilfe Lengede<\/td><\/tr><tr><td>king killers<\/td><\/tr><tr><td><\/td><\/tr><tr><td>Feld 11<\/td><\/tr><tr><td>E.B.O<\/td><\/tr><tr><td>Kubb-SH 2<\/td><\/tr><tr><td>&nbsp;<\/td><\/tr><tr><td>Feld 12<\/td><\/tr><tr><td>Die M\u00f6pkenbrote<\/td><\/tr><tr><td>Maulw\u00fcrfe<\/td><\/tr><\/tbody><\/table>\n","protected":false},"excerpt":{"rendered":"<p>Final-Runde 2 (1-8\/9-19) Um Platz 1-8: 2 Gewinns\u00e4tze, 40min + 10min Tibreak Feld 1 jpv kubb games Thirsty US Kubbers &nbsp; Feld 2 K\u00fcstenhauptstadtkaff Rasentrennung \u00fcberwinden &nbsp; Feld 3 Kubb-SH 1 Laienspieltruppe &nbsp; Feld 6 Kubb-SH 3 ILTIS &nbsp; Um&#8230;<\/p>\n","protected":false},"author":1,"featured_media":0,"parent":0,"menu_order":0,"comment_status":"closed","ping_status":"closed","template":"","meta":{"footnotes":""},"class_list":["post-2409","page","type-page","status-publish","hentry","no-post-thumbnail"],"post_mailing_queue_ids":[],"_links":{"self":[{"href":"http:\/\/sv-lengede.de\/kbl\/wp-json\/wp\/v2\/pages\/2409","targetHints":{"allow":["GET"]}}],"collection":[{"href":"http:\/\/sv-lengede.de\/kbl\/wp-json\/wp\/v2\/pages"}],"about":[{"href":"http:\/\/sv-lengede.de\/kbl\/wp-json\/wp\/v2\/types\/page"}],"author":[{"embeddable":true,"href":"http:\/\/sv-lengede.de\/kbl\/wp-json\/wp\/v2\/users\/1"}],"replies":[{"embeddable":true,"href":"http:\/\/sv-lengede.de\/kbl\/wp-json\/wp\/v2\/comments?post=2409"}],"version-history":[{"count":2,"href":"http:\/\/sv-lengede.de\/kbl\/wp-json\/wp\/v2\/pages\/2409\/revisions"}],"predecessor-version":[{"id":2453,"href":"http:\/\/sv-lengede.de\/kbl\/wp-json\/wp\/v2\/pages\/2409\/revisions\/2453"}],"wp:attachment":[{"href":"http:\/\/sv-lengede.de\/kbl\/wp-json\/wp\/v2\/media?parent=2409"}],"curies":[{"name":"wp","href":"https:\/\/api.w.org\/{rel}","templated":true}]}}