{"id":1532,"date":"2017-06-23T05:56:59","date_gmt":"2017-06-23T03:56:59","guid":{"rendered":"http:\/\/sv-lengede.de\/kbl\/?page_id=1532"},"modified":"2026-01-24T06:59:36","modified_gmt":"2026-01-24T05:59:36","slug":"uebersicht","status":"publish","type":"page","link":"http:\/\/sv-lengede.de\/kbl\/lengeder-kubb-open\/uebersicht\/","title":{"rendered":"Lengeder Kubb Open"},"content":{"rendered":"\n<p><\/p>\n\n\n\n<p>Die <mark style=\"background-color:rgba(0, 0, 0, 0)\" class=\"has-inline-color has-vivid-green-cyan-color\">Lengeder Kubb Open<\/mark> sind in jedem Jahr eines der gr\u00f6\u00dften Kubb-Turniere in Deutschland.&nbsp;<\/p>\n\n\n\n<p>Immer f\u00fcr den 2. Sonnabend im September hoffen wir, viele Kubb-Freundinnen und Kubb-Freunde aus <span style=\"color: #339966;\">nah und fern<\/span> begr\u00fc\u00dfen zu d\u00fcrfen. Dabei versuchen wir, Breitensport und Spitzensport in freundlicher Atmosph\u00e4re miteinander zu verbinden, <mark style=\"background-color:rgba(0, 0, 0, 0)\" class=\"has-inline-color has-vivid-green-cyan-color\">in diesem Jahr am 12.09.2026<\/mark>.<br><strong>Umfassende Informationen<\/strong>\u00a0sowie die M\u00f6glichkeit der\u00a0<strong>Anmeldung\u00a0<\/strong>findest du auf dem\u00a0<a href=\"https:\/\/www.tournaments.dkubbb.de\/tournaments\/49\" target=\"_blank\" rel=\"noreferrer noopener\"><mark style=\"background-color:rgba(0, 0, 0, 0)\" class=\"has-inline-color has-vivid-red-color\">Tournament Portal<\/mark><\/a> des DKubbB.<\/p>\n\n\n<div class=\"wp-block-image\">\n<figure class=\"alignright size-large is-resized\"><img loading=\"lazy\" decoding=\"async\" width=\"1024\" height=\"1024\" src=\"http:\/\/sv-lengede.de\/kbl\/wp-content\/uploads\/2017\/03\/DKubbB_RankingTurnier_Logo_kurz_farbig-1024x1024.png\" alt=\"\" class=\"wp-image-1351\" style=\"width:220px;height:220px\" srcset=\"http:\/\/sv-lengede.de\/kbl\/wp-content\/uploads\/2017\/03\/DKubbB_RankingTurnier_Logo_kurz_farbig-1024x1024.png 1024w, http:\/\/sv-lengede.de\/kbl\/wp-content\/uploads\/2017\/03\/DKubbB_RankingTurnier_Logo_kurz_farbig-150x150.png 150w, http:\/\/sv-lengede.de\/kbl\/wp-content\/uploads\/2017\/03\/DKubbB_RankingTurnier_Logo_kurz_farbig-300x300.png 300w, http:\/\/sv-lengede.de\/kbl\/wp-content\/uploads\/2017\/03\/DKubbB_RankingTurnier_Logo_kurz_farbig-768x768.png 768w, http:\/\/sv-lengede.de\/kbl\/wp-content\/uploads\/2017\/03\/DKubbB_RankingTurnier_Logo_kurz_farbig-600x600.png 600w, http:\/\/sv-lengede.de\/kbl\/wp-content\/uploads\/2017\/03\/DKubbB_RankingTurnier_Logo_kurz_farbig.png 1182w\" sizes=\"auto, (max-width: 1024px) 100vw, 1024px\" \/><\/figure><\/div>\n\n\n<p>Gespielt wird in 38268 Lengede, Schachtweg 1, auf dem Rasenplatz des SV Lengede im Format 3+ vs 3+.<\/p>\n\n\n\n<p>Das Turnier ist ein vom Deutschen Kubb-Bund anerkanntes Ranking-Turnier, bei dem die f\u00fcr das DKubbB-Ranking registrierte Aktive Punkte sammeln k\u00f6nnen.<\/p>\n\n\n<div class=\"wp-block-image\">\n<figure class=\"alignright size-large is-resized\"><a href=\"https:\/\/www.instagram.com\/lengederkubbopen\/\"><img loading=\"lazy\" decoding=\"async\" width=\"1024\" height=\"774\" src=\"https:\/\/sv-lengede.de\/kbl\/wp-content\/uploads\/2025\/08\/Instagram-app-logo-1024x774.jpg\" alt=\"\" class=\"wp-image-4197\" style=\"width:183px;height:138px\" srcset=\"http:\/\/sv-lengede.de\/kbl\/wp-content\/uploads\/2025\/08\/Instagram-app-logo-1024x774.jpg 1024w, http:\/\/sv-lengede.de\/kbl\/wp-content\/uploads\/2025\/08\/Instagram-app-logo-300x227.jpg 300w, http:\/\/sv-lengede.de\/kbl\/wp-content\/uploads\/2025\/08\/Instagram-app-logo-768x581.jpg 768w, http:\/\/sv-lengede.de\/kbl\/wp-content\/uploads\/2025\/08\/Instagram-app-logo-600x454.jpg 600w, http:\/\/sv-lengede.de\/kbl\/wp-content\/uploads\/2025\/08\/Instagram-app-logo-1320x998.jpg 1320w, http:\/\/sv-lengede.de\/kbl\/wp-content\/uploads\/2025\/08\/Instagram-app-logo.jpg 1428w\" sizes=\"auto, (max-width: 1024px) 100vw, 1024px\" \/><\/a><\/figure><\/div>\n\n\n<p>Am Abend zuvor findet <mark style=\"background-color:rgba(0, 0, 0, 0)\" class=\"has-inline-color has-black-color\">der <\/mark><a href=\"https:\/\/www.tournaments.dkubbb.de\/tournaments\/48\"><mark style=\"background-color:rgba(0, 0, 0, 0)\" class=\"has-inline-color has-vivid-red-color\">Welcome-Cup<\/mark><\/a><mark style=\"background-color:rgba(0, 0, 0, 0)\" class=\"has-inline-color has-vivid-green-cyan-color\"> <\/mark><mark style=\"background-color:rgba(0, 0, 0, 0)\" class=\"has-inline-color has-black-color\">statt<\/mark>, ein 1vs1-Turnier, ebenfalls anerkannt f\u00fcr das Ranking.<\/p>\n\n\n\n<p><span style=\"color: #339966;\">Herzlich willkommen!<\/span><\/p>\n\n\n\n<p class=\"has-text-align-center\"><\/p>\n\n\n\n<hr class=\"wp-block-separator has-alpha-channel-opacity is-style-wide\"\/>\n\n\n\n<p class=\"has-text-align-center\">Lengeder Kubb Open ago<\/p>\n\n\n\n<p class=\"has-text-align-center\"><\/p>\n\n\n\n<figure class=\"wp-block-image size-large\"><img loading=\"lazy\" decoding=\"async\" width=\"1024\" height=\"578\" src=\"http:\/\/sv-lengede.de\/kbl\/wp-content\/uploads\/2025\/09\/2025-lko-gesamt-1024x578.jpg\" alt=\"\" class=\"wp-image-4274\" srcset=\"http:\/\/sv-lengede.de\/kbl\/wp-content\/uploads\/2025\/09\/2025-lko-gesamt-1024x578.jpg 1024w, http:\/\/sv-lengede.de\/kbl\/wp-content\/uploads\/2025\/09\/2025-lko-gesamt-300x169.jpg 300w, http:\/\/sv-lengede.de\/kbl\/wp-content\/uploads\/2025\/09\/2025-lko-gesamt-768x433.jpg 768w, http:\/\/sv-lengede.de\/kbl\/wp-content\/uploads\/2025\/09\/2025-lko-gesamt-600x338.jpg 600w, http:\/\/sv-lengede.de\/kbl\/wp-content\/uploads\/2025\/09\/2025-lko-gesamt-1536x866.jpg 1536w, http:\/\/sv-lengede.de\/kbl\/wp-content\/uploads\/2025\/09\/2025-lko-gesamt-2048x1155.jpg 2048w, http:\/\/sv-lengede.de\/kbl\/wp-content\/uploads\/2025\/09\/2025-lko-gesamt-1320x744.jpg 1320w\" sizes=\"auto, (max-width: 1024px) 100vw, 1024px\" \/><figcaption class=\"wp-element-caption\">2025 -15. Lengeder Kubb Open &#8211; 3+ vs 3+ &#8211; 46 Teams<\/figcaption><\/figure>\n\n\n\n<figure class=\"wp-block-image size-large\"><img loading=\"lazy\" decoding=\"async\" width=\"1024\" height=\"576\" src=\"http:\/\/sv-lengede.de\/kbl\/wp-content\/uploads\/2025\/05\/20240914_093022-1024x576.jpg\" alt=\"\" class=\"wp-image-4100\" srcset=\"http:\/\/sv-lengede.de\/kbl\/wp-content\/uploads\/2025\/05\/20240914_093022-1024x576.jpg 1024w, http:\/\/sv-lengede.de\/kbl\/wp-content\/uploads\/2025\/05\/20240914_093022-300x169.jpg 300w, http:\/\/sv-lengede.de\/kbl\/wp-content\/uploads\/2025\/05\/20240914_093022-768x432.jpg 768w, http:\/\/sv-lengede.de\/kbl\/wp-content\/uploads\/2025\/05\/20240914_093022-600x338.jpg 600w, http:\/\/sv-lengede.de\/kbl\/wp-content\/uploads\/2025\/05\/20240914_093022-1536x864.jpg 1536w, http:\/\/sv-lengede.de\/kbl\/wp-content\/uploads\/2025\/05\/20240914_093022-2048x1152.jpg 2048w, http:\/\/sv-lengede.de\/kbl\/wp-content\/uploads\/2025\/05\/20240914_093022-1320x743.jpg 1320w\" sizes=\"auto, (max-width: 1024px) 100vw, 1024px\" \/><\/figure>\n\n\n\n<figure class=\"wp-block-image size-large\"><img loading=\"lazy\" decoding=\"async\" width=\"1024\" height=\"434\" src=\"https:\/\/sv-lengede.de\/kbl\/wp-content\/uploads\/2023\/09\/2023-lko-turnierfoto-1-1024x434.jpg\" alt=\"\" class=\"wp-image-3819\" srcset=\"http:\/\/sv-lengede.de\/kbl\/wp-content\/uploads\/2023\/09\/2023-lko-turnierfoto-1-1024x434.jpg 1024w, http:\/\/sv-lengede.de\/kbl\/wp-content\/uploads\/2023\/09\/2023-lko-turnierfoto-1-300x127.jpg 300w, http:\/\/sv-lengede.de\/kbl\/wp-content\/uploads\/2023\/09\/2023-lko-turnierfoto-1-768x326.jpg 768w, http:\/\/sv-lengede.de\/kbl\/wp-content\/uploads\/2023\/09\/2023-lko-turnierfoto-1-600x254.jpg 600w, http:\/\/sv-lengede.de\/kbl\/wp-content\/uploads\/2023\/09\/2023-lko-turnierfoto-1-1536x651.jpg 1536w, http:\/\/sv-lengede.de\/kbl\/wp-content\/uploads\/2023\/09\/2023-lko-turnierfoto-1-2048x868.jpg 2048w, http:\/\/sv-lengede.de\/kbl\/wp-content\/uploads\/2023\/09\/2023-lko-turnierfoto-1-1320x560.jpg 1320w\" sizes=\"auto, (max-width: 1024px) 100vw, 1024px\" \/><figcaption class=\"wp-element-caption\">2023 &#8211; 13. Lengeder Kubb Open &#8211; 3+ vs. 3+ &#8211; 50 Teams<\/figcaption><\/figure>\n\n\n\n<figure class=\"wp-block-image size-large\"><img loading=\"lazy\" decoding=\"async\" width=\"1024\" height=\"554\" src=\"http:\/\/sv-lengede.de\/kbl\/wp-content\/uploads\/2023\/09\/2023-lwc-turnierfoto-1024x554.jpg\" alt=\"\" class=\"wp-image-3804\" srcset=\"http:\/\/sv-lengede.de\/kbl\/wp-content\/uploads\/2023\/09\/2023-lwc-turnierfoto-1024x554.jpg 1024w, http:\/\/sv-lengede.de\/kbl\/wp-content\/uploads\/2023\/09\/2023-lwc-turnierfoto-300x162.jpg 300w, http:\/\/sv-lengede.de\/kbl\/wp-content\/uploads\/2023\/09\/2023-lwc-turnierfoto-768x416.jpg 768w, http:\/\/sv-lengede.de\/kbl\/wp-content\/uploads\/2023\/09\/2023-lwc-turnierfoto-600x325.jpg 600w, http:\/\/sv-lengede.de\/kbl\/wp-content\/uploads\/2023\/09\/2023-lwc-turnierfoto-1536x832.jpg 1536w, http:\/\/sv-lengede.de\/kbl\/wp-content\/uploads\/2023\/09\/2023-lwc-turnierfoto-1320x715.jpg 1320w, http:\/\/sv-lengede.de\/kbl\/wp-content\/uploads\/2023\/09\/2023-lwc-turnierfoto.jpg 1947w\" sizes=\"auto, (max-width: 1024px) 100vw, 1024px\" \/><figcaption class=\"wp-element-caption\">2023 &#8211; 2. Lengeder Welcome-Cup &#8211; 1 vs. 1 &#8211; 48 Aktive<\/figcaption><\/figure>\n\n\n<div class=\"wp-block-image\">\n<figure class=\"aligncenter size-full is-resized\"><img loading=\"lazy\" decoding=\"async\" width=\"586\" height=\"319\" src=\"http:\/\/sv-lengede.de\/kbl\/wp-content\/uploads\/2022\/09\/IMG-20220910-WA0006-1.jpg\" alt=\"\" class=\"wp-image-3317\" style=\"width:839px;height:457px\" srcset=\"http:\/\/sv-lengede.de\/kbl\/wp-content\/uploads\/2022\/09\/IMG-20220910-WA0006-1.jpg 586w, http:\/\/sv-lengede.de\/kbl\/wp-content\/uploads\/2022\/09\/IMG-20220910-WA0006-1-300x163.jpg 300w\" sizes=\"auto, (max-width: 586px) 100vw, 586px\" \/><figcaption class=\"wp-element-caption\">12. lko &#8211; 2022<\/figcaption><\/figure><\/div>\n\n<div class=\"wp-block-image\">\n<figure class=\"aligncenter size-large\"><img loading=\"lazy\" decoding=\"async\" width=\"1024\" height=\"768\" src=\"http:\/\/sv-lengede.de\/kbl\/wp-content\/uploads\/2022\/04\/IMG-20210911-WA0014-1024x768.jpg\" alt=\"\" class=\"wp-image-3041\" srcset=\"http:\/\/sv-lengede.de\/kbl\/wp-content\/uploads\/2022\/04\/IMG-20210911-WA0014-1024x768.jpg 1024w, http:\/\/sv-lengede.de\/kbl\/wp-content\/uploads\/2022\/04\/IMG-20210911-WA0014-300x225.jpg 300w, http:\/\/sv-lengede.de\/kbl\/wp-content\/uploads\/2022\/04\/IMG-20210911-WA0014-768x576.jpg 768w, http:\/\/sv-lengede.de\/kbl\/wp-content\/uploads\/2022\/04\/IMG-20210911-WA0014-600x450.jpg 600w, http:\/\/sv-lengede.de\/kbl\/wp-content\/uploads\/2022\/04\/IMG-20210911-WA0014-1536x1152.jpg 1536w, http:\/\/sv-lengede.de\/kbl\/wp-content\/uploads\/2022\/04\/IMG-20210911-WA0014.jpg 1600w\" sizes=\"auto, (max-width: 1024px) 100vw, 1024px\" \/><figcaption class=\"wp-element-caption\">11. lko &#8211; 2021<\/figcaption><\/figure><\/div>\n\n<div class=\"wp-block-image\">\n<figure class=\"aligncenter\"><img loading=\"lazy\" decoding=\"async\" width=\"2560\" height=\"1440\" src=\"http:\/\/sv-lengede.de\/kbl\/wp-content\/uploads\/2021\/07\/lko2019alle1-1-scaled.jpg\" alt=\"\" class=\"wp-image-2621\" srcset=\"http:\/\/sv-lengede.de\/kbl\/wp-content\/uploads\/2021\/07\/lko2019alle1-1-scaled.jpg 2560w, http:\/\/sv-lengede.de\/kbl\/wp-content\/uploads\/2021\/07\/lko2019alle1-1-300x169.jpg 300w, http:\/\/sv-lengede.de\/kbl\/wp-content\/uploads\/2021\/07\/lko2019alle1-1-1024x576.jpg 1024w, http:\/\/sv-lengede.de\/kbl\/wp-content\/uploads\/2021\/07\/lko2019alle1-1-768x432.jpg 768w, http:\/\/sv-lengede.de\/kbl\/wp-content\/uploads\/2021\/07\/lko2019alle1-1-600x338.jpg 600w, http:\/\/sv-lengede.de\/kbl\/wp-content\/uploads\/2021\/07\/lko2019alle1-1-1536x864.jpg 1536w, http:\/\/sv-lengede.de\/kbl\/wp-content\/uploads\/2021\/07\/lko2019alle1-1-2048x1152.jpg 2048w\" sizes=\"auto, (max-width: 2560px) 100vw, 2560px\" \/><\/figure><\/div>\n\n\n<p class=\"has-text-align-center\">10. lko -2019<\/p>\n\n\n<div class=\"wp-block-image\">\n<figure class=\"aligncenter\"><img loading=\"lazy\" decoding=\"async\" width=\"1024\" height=\"723\" src=\"http:\/\/sv-lengede.de\/kbl\/wp-content\/uploads\/2018\/09\/2018-lko-alle.jpeg\" alt=\"\" class=\"wp-image-1959\" srcset=\"http:\/\/sv-lengede.de\/kbl\/wp-content\/uploads\/2018\/09\/2018-lko-alle.jpeg 1024w, http:\/\/sv-lengede.de\/kbl\/wp-content\/uploads\/2018\/09\/2018-lko-alle-300x212.jpeg 300w, http:\/\/sv-lengede.de\/kbl\/wp-content\/uploads\/2018\/09\/2018-lko-alle-768x542.jpeg 768w, http:\/\/sv-lengede.de\/kbl\/wp-content\/uploads\/2018\/09\/2018-lko-alle-600x424.jpeg 600w\" sizes=\"auto, (max-width: 1024px) 100vw, 1024px\" \/><\/figure><\/div>\n\n\n<p class=\"has-text-align-center\">9. lko &#8211; 2018<\/p>\n\n\n\n<p class=\"has-text-align-center\">&#8212;<\/p>\n\n\n\n<p class=\"has-text-align-center\">8. lko &#8211; 2017 &#8211; leider ohne Foto<\/p>\n\n\n\n<p class=\"has-text-align-center\">&#8212;<\/p>\n\n\n<div class=\"wp-block-image\">\n<figure class=\"aligncenter\"><img loading=\"lazy\" decoding=\"async\" width=\"800\" height=\"534\" src=\"http:\/\/sv-lengede.de\/kbl\/wp-content\/uploads\/2017\/03\/DJI_0005b.jpg\" alt=\"\" class=\"wp-image-1329\" srcset=\"http:\/\/sv-lengede.de\/kbl\/wp-content\/uploads\/2017\/03\/DJI_0005b.jpg 800w, http:\/\/sv-lengede.de\/kbl\/wp-content\/uploads\/2017\/03\/DJI_0005b-300x200.jpg 300w, http:\/\/sv-lengede.de\/kbl\/wp-content\/uploads\/2017\/03\/DJI_0005b-768x513.jpg 768w, http:\/\/sv-lengede.de\/kbl\/wp-content\/uploads\/2017\/03\/DJI_0005b-600x401.jpg 600w\" sizes=\"auto, (max-width: 800px) 100vw, 800px\" \/><\/figure><\/div>\n\n\n<p class=\"has-text-align-center\">7. lko &#8211; 2016<\/p>\n\n\n<div class=\"wp-block-image\">\n<figure class=\"aligncenter\"><img loading=\"lazy\" decoding=\"async\" width=\"800\" height=\"493\" src=\"http:\/\/sv-lengede.de\/kbl\/wp-content\/uploads\/2017\/03\/lko-2015.jpg\" alt=\"\" class=\"wp-image-1316\" srcset=\"http:\/\/sv-lengede.de\/kbl\/wp-content\/uploads\/2017\/03\/lko-2015.jpg 800w, http:\/\/sv-lengede.de\/kbl\/wp-content\/uploads\/2017\/03\/lko-2015-300x185.jpg 300w, http:\/\/sv-lengede.de\/kbl\/wp-content\/uploads\/2017\/03\/lko-2015-768x473.jpg 768w, http:\/\/sv-lengede.de\/kbl\/wp-content\/uploads\/2017\/03\/lko-2015-600x370.jpg 600w\" sizes=\"auto, (max-width: 800px) 100vw, 800px\" \/><\/figure><\/div>\n\n\n<p class=\"has-text-align-center\">6. lko &#8211; 2015<\/p>\n\n\n<div class=\"wp-block-image\">\n<figure class=\"aligncenter\"><img loading=\"lazy\" decoding=\"async\" width=\"800\" height=\"574\" src=\"http:\/\/sv-lengede.de\/kbl\/wp-content\/uploads\/2017\/03\/lko-2014.jpg\" alt=\"\" class=\"wp-image-1315\" srcset=\"http:\/\/sv-lengede.de\/kbl\/wp-content\/uploads\/2017\/03\/lko-2014.jpg 800w, http:\/\/sv-lengede.de\/kbl\/wp-content\/uploads\/2017\/03\/lko-2014-300x215.jpg 300w, http:\/\/sv-lengede.de\/kbl\/wp-content\/uploads\/2017\/03\/lko-2014-768x551.jpg 768w, http:\/\/sv-lengede.de\/kbl\/wp-content\/uploads\/2017\/03\/lko-2014-600x431.jpg 600w, http:\/\/sv-lengede.de\/kbl\/wp-content\/uploads\/2017\/03\/lko-2014-321x229.jpg 321w\" sizes=\"auto, (max-width: 800px) 100vw, 800px\" \/><\/figure><\/div>\n\n\n<p class=\"has-text-align-center\">5. lko &#8211; 2014<\/p>\n\n\n<div class=\"wp-block-image\">\n<figure class=\"aligncenter\"><img loading=\"lazy\" decoding=\"async\" width=\"800\" height=\"553\" src=\"http:\/\/sv-lengede.de\/kbl\/wp-content\/uploads\/2017\/03\/lko-2013.jpg\" alt=\"\" class=\"wp-image-1314\" srcset=\"http:\/\/sv-lengede.de\/kbl\/wp-content\/uploads\/2017\/03\/lko-2013.jpg 800w, http:\/\/sv-lengede.de\/kbl\/wp-content\/uploads\/2017\/03\/lko-2013-300x207.jpg 300w, http:\/\/sv-lengede.de\/kbl\/wp-content\/uploads\/2017\/03\/lko-2013-768x531.jpg 768w, http:\/\/sv-lengede.de\/kbl\/wp-content\/uploads\/2017\/03\/lko-2013-600x415.jpg 600w\" sizes=\"auto, (max-width: 800px) 100vw, 800px\" \/><\/figure><\/div>\n\n\n<p class=\"has-text-align-center\">4. lko &#8211; 2013<\/p>\n\n\n<div class=\"wp-block-image\">\n<figure class=\"aligncenter\"><img loading=\"lazy\" decoding=\"async\" width=\"800\" height=\"533\" src=\"http:\/\/sv-lengede.de\/kbl\/wp-content\/uploads\/2017\/03\/lko-2012.jpg\" alt=\"\" class=\"wp-image-1313\" srcset=\"http:\/\/sv-lengede.de\/kbl\/wp-content\/uploads\/2017\/03\/lko-2012.jpg 800w, http:\/\/sv-lengede.de\/kbl\/wp-content\/uploads\/2017\/03\/lko-2012-300x200.jpg 300w, http:\/\/sv-lengede.de\/kbl\/wp-content\/uploads\/2017\/03\/lko-2012-768x512.jpg 768w, http:\/\/sv-lengede.de\/kbl\/wp-content\/uploads\/2017\/03\/lko-2012-600x400.jpg 600w\" sizes=\"auto, (max-width: 800px) 100vw, 800px\" \/><\/figure><\/div>\n\n\n<p class=\"has-text-align-center\">3. lko &#8211; 2012<\/p>\n\n\n<div class=\"wp-block-image\">\n<figure class=\"aligncenter\"><img loading=\"lazy\" decoding=\"async\" width=\"800\" height=\"533\" src=\"http:\/\/sv-lengede.de\/kbl\/wp-content\/uploads\/2017\/03\/lko-2011.jpg\" alt=\"\" class=\"wp-image-1312\" srcset=\"http:\/\/sv-lengede.de\/kbl\/wp-content\/uploads\/2017\/03\/lko-2011.jpg 800w, http:\/\/sv-lengede.de\/kbl\/wp-content\/uploads\/2017\/03\/lko-2011-300x200.jpg 300w, http:\/\/sv-lengede.de\/kbl\/wp-content\/uploads\/2017\/03\/lko-2011-768x512.jpg 768w, http:\/\/sv-lengede.de\/kbl\/wp-content\/uploads\/2017\/03\/lko-2011-600x400.jpg 600w\" sizes=\"auto, (max-width: 800px) 100vw, 800px\" \/><\/figure><\/div>\n\n\n<p class=\"has-text-align-center\">2. lko &#8211; 2011<\/p>\n\n\n<div class=\"wp-block-image\">\n<figure class=\"aligncenter\"><img loading=\"lazy\" decoding=\"async\" width=\"760\" height=\"451\" src=\"http:\/\/sv-lengede.de\/kbl\/wp-content\/uploads\/2017\/03\/lko-2010.jpg\" alt=\"\" class=\"wp-image-1311\" srcset=\"http:\/\/sv-lengede.de\/kbl\/wp-content\/uploads\/2017\/03\/lko-2010.jpg 760w, http:\/\/sv-lengede.de\/kbl\/wp-content\/uploads\/2017\/03\/lko-2010-300x178.jpg 300w, http:\/\/sv-lengede.de\/kbl\/wp-content\/uploads\/2017\/03\/lko-2010-600x356.jpg 600w\" sizes=\"auto, (max-width: 760px) 100vw, 760px\" \/><\/figure><\/div>\n\n\n<p class=\"has-text-align-center\">1. lko &#8211; 2010<\/p>\n\n\n\n<p><\/p>\n","protected":false},"excerpt":{"rendered":"<p>Die Lengeder Kubb Open sind in jedem Jahr eines der gr\u00f6\u00dften Kubb-Turniere in Deutschland.&nbsp; Immer f\u00fcr den 2. Sonnabend im September hoffen wir, viele Kubb-Freundinnen und Kubb-Freunde aus nah und fern begr\u00fc\u00dfen zu d\u00fcrfen. Dabei versuchen wir, Breitensport und Spitzensport&#8230;<\/p>\n","protected":false},"author":1,"featured_media":0,"parent":1053,"menu_order":0,"comment_status":"closed","ping_status":"closed","template":"template-fullwidth.php","meta":{"footnotes":""},"class_list":["post-1532","page","type-page","status-publish","hentry","no-post-thumbnail"],"post_mailing_queue_ids":[],"_links":{"self":[{"href":"http:\/\/sv-lengede.de\/kbl\/wp-json\/wp\/v2\/pages\/1532","targetHints":{"allow":["GET"]}}],"collection":[{"href":"http:\/\/sv-lengede.de\/kbl\/wp-json\/wp\/v2\/pages"}],"about":[{"href":"http:\/\/sv-lengede.de\/kbl\/wp-json\/wp\/v2\/types\/page"}],"author":[{"embeddable":true,"href":"http:\/\/sv-lengede.de\/kbl\/wp-json\/wp\/v2\/users\/1"}],"replies":[{"embeddable":true,"href":"http:\/\/sv-lengede.de\/kbl\/wp-json\/wp\/v2\/comments?post=1532"}],"version-history":[{"count":130,"href":"http:\/\/sv-lengede.de\/kbl\/wp-json\/wp\/v2\/pages\/1532\/revisions"}],"predecessor-version":[{"id":4333,"href":"http:\/\/sv-lengede.de\/kbl\/wp-json\/wp\/v2\/pages\/1532\/revisions\/4333"}],"up":[{"embeddable":true,"href":"http:\/\/sv-lengede.de\/kbl\/wp-json\/wp\/v2\/pages\/1053"}],"wp:attachment":[{"href":"http:\/\/sv-lengede.de\/kbl\/wp-json\/wp\/v2\/media?parent=1532"}],"curies":[{"name":"wp","href":"https:\/\/api.w.org\/{rel}","templated":true}]}}