{"id":1358,"date":"2017-05-05T21:55:39","date_gmt":"2017-05-05T19:55:39","guid":{"rendered":"http:\/\/sv-lengede.de\/kbl\/?page_id=1358"},"modified":"2018-04-17T05:59:01","modified_gmt":"2018-04-17T03:59:01","slug":"idokubb-2017-05-05","status":"publish","type":"page","link":"http:\/\/sv-lengede.de\/kbl\/05-05-internationaler-tag-des-kubbs\/idokubb-2017-05-05\/","title":{"rendered":"1. Internationaler Tag des Kubbs &#8211; 2017-05-05 &#8211; Dokumentation &#8211; idokubb"},"content":{"rendered":"<p>&nbsp;<\/p>\n<p>Wir hatten eine sch\u00f6ne Feier \ud83d\ude42<br \/>\nUnd freuen uns schon auf das n\u00e4chste Jahr \ud83d\ude42 \ud83d\ude42 \ud83d\ude42<\/p>\n<p>Auch auf anderen Kontinenten und in vielen anderen L\u00e4ndern und Orten wurde gefeiert<br \/>\n<a href=\"https:\/\/www.facebook.com\/internationaldayofkubb\/\" target=\"_blank\" rel=\"noopener noreferrer\"><span style=\"color: #ff0000;\">https:\/\/www.facebook.com\/internationaldayofkubb\/<\/span><br \/>\n<\/a>und berichtet<br \/>\n<span style=\"color: #ff0000;\"><a style=\"color: #ff0000;\" href=\"http:\/\/kubbon.com\/2017\/05\/09\/international-day-of-kubb\/\" target=\"_blank\" rel=\"noopener noreferrer\">http:\/\/kubbon.com\/2017\/05\/09\/international-day-of-kubb\/<\/a><\/span><\/p>\n<p>&nbsp;<\/p>\n<p><img loading=\"lazy\" decoding=\"async\" class=\"aligncenter size-full wp-image-1392\" src=\"http:\/\/sv-lengede.de\/kbl\/wp-content\/uploads\/2017\/05\/2017-05-05-idokubb-20.jpg\" alt=\"\" width=\"800\" height=\"533\" \/><\/p>\n<p><img loading=\"lazy\" decoding=\"async\" class=\"aligncenter size-full wp-image-1379\" src=\"http:\/\/sv-lengede.de\/kbl\/wp-content\/uploads\/2017\/05\/2017-05-05-idokubb-1.jpg\" alt=\"\" width=\"800\" height=\"534\" srcset=\"http:\/\/sv-lengede.de\/kbl\/wp-content\/uploads\/2017\/05\/2017-05-05-idokubb-1.jpg 800w, http:\/\/sv-lengede.de\/kbl\/wp-content\/uploads\/2017\/05\/2017-05-05-idokubb-1-300x200.jpg 300w, http:\/\/sv-lengede.de\/kbl\/wp-content\/uploads\/2017\/05\/2017-05-05-idokubb-1-768x513.jpg 768w, http:\/\/sv-lengede.de\/kbl\/wp-content\/uploads\/2017\/05\/2017-05-05-idokubb-1-600x401.jpg 600w\" sizes=\"auto, (max-width: 800px) 100vw, 800px\" \/><\/p>\n<p><img loading=\"lazy\" decoding=\"async\" class=\"aligncenter size-full wp-image-1392\" src=\"http:\/\/sv-lengede.de\/kbl\/wp-content\/uploads\/2017\/05\/2017-05-05-idokubb-18.jpg\" alt=\"\" width=\"800\" height=\"533\" \/><\/p>\n<p><img loading=\"lazy\" decoding=\"async\" class=\"aligncenter size-full wp-image-1395\" src=\"http:\/\/sv-lengede.de\/kbl\/wp-content\/uploads\/2017\/05\/2017-05-05-idokubb-2.jpg\" alt=\"\" width=\"800\" height=\"534\" \/><\/p>\n<p><img loading=\"lazy\" decoding=\"async\" class=\"aligncenter size-full wp-image-1394\" src=\"http:\/\/sv-lengede.de\/kbl\/wp-content\/uploads\/2017\/05\/2017-05-05-idokubb-3.jpg\" alt=\"\" width=\"800\" height=\"533\" \/><\/p>\n<p><img loading=\"lazy\" decoding=\"async\" class=\"aligncenter size-full wp-image-1393\" src=\"http:\/\/sv-lengede.de\/kbl\/wp-content\/uploads\/2017\/05\/2017-05-05-idokubb-4.jpg\" alt=\"\" width=\"800\" height=\"534\" \/><\/p>\n<p><img loading=\"lazy\" decoding=\"async\" class=\"aligncenter size-full wp-image-1391\" src=\"http:\/\/sv-lengede.de\/kbl\/wp-content\/uploads\/2017\/05\/2017-05-05-idokubb-5.jpg\" alt=\"\" width=\"800\" height=\"534\" \/><\/p>\n<p><img loading=\"lazy\" decoding=\"async\" class=\"aligncenter size-full wp-image-1390\" src=\"http:\/\/sv-lengede.de\/kbl\/wp-content\/uploads\/2017\/05\/2017-05-05-idokubb-6.jpg\" alt=\"\" width=\"800\" height=\"450\" \/><\/p>\n<p><img loading=\"lazy\" decoding=\"async\" class=\"aligncenter size-full wp-image-1389\" src=\"http:\/\/sv-lengede.de\/kbl\/wp-content\/uploads\/2017\/05\/2017-05-05-idokubb-7.jpg\" alt=\"\" width=\"800\" height=\"534\" \/><\/p>\n<p><img loading=\"lazy\" decoding=\"async\" class=\"aligncenter size-full wp-image-1388\" src=\"http:\/\/sv-lengede.de\/kbl\/wp-content\/uploads\/2017\/05\/2017-05-05-idokubb-8.jpg\" alt=\"\" width=\"800\" height=\"534\" \/><\/p>\n<p><img loading=\"lazy\" decoding=\"async\" class=\"aligncenter size-full wp-image-1385\" src=\"http:\/\/sv-lengede.de\/kbl\/wp-content\/uploads\/2017\/05\/2017-05-05-idokubb-11.jpg\" alt=\"\" width=\"800\" height=\"534\" \/><\/p>\n<p><img loading=\"lazy\" decoding=\"async\" class=\"aligncenter size-full wp-image-1384\" src=\"http:\/\/sv-lengede.de\/kbl\/wp-content\/uploads\/2017\/05\/2017-05-05-idokubb-12.jpg\" alt=\"\" width=\"800\" height=\"534\" \/><\/p>\n<p><img loading=\"lazy\" decoding=\"async\" class=\"aligncenter size-full wp-image-1380\" src=\"http:\/\/sv-lengede.de\/kbl\/wp-content\/uploads\/2017\/05\/2017-05-05-idokubb-16.jpg\" alt=\"\" width=\"800\" height=\"534\" \/><\/p>\n<p><img loading=\"lazy\" decoding=\"async\" class=\"aligncenter size-full wp-image-1383\" src=\"http:\/\/sv-lengede.de\/kbl\/wp-content\/uploads\/2017\/05\/2017-05-05-idokubb-13.jpg\" alt=\"\" width=\"800\" height=\"533\" \/><\/p>\n<p><img loading=\"lazy\" decoding=\"async\" class=\"aligncenter size-full wp-image-1382\" src=\"http:\/\/sv-lengede.de\/kbl\/wp-content\/uploads\/2017\/05\/2017-05-05-idokubb-14.jpg\" alt=\"\" width=\"800\" height=\"535\" \/><\/p>\n<p><img loading=\"lazy\" decoding=\"async\" class=\"aligncenter size-full wp-image-1381\" src=\"http:\/\/sv-lengede.de\/kbl\/wp-content\/uploads\/2017\/05\/2017-05-05-idokubb-15.jpg\" alt=\"\" width=\"800\" height=\"535\" \/><\/p>\n<p><img loading=\"lazy\" decoding=\"async\" class=\"aligncenter size-full wp-image-1392\" src=\"http:\/\/sv-lengede.de\/kbl\/wp-content\/uploads\/2017\/05\/2017-05-05-idokubb-17.jpg\" alt=\"\" width=\"800\" height=\"533\" \/><\/p>\n<p><img loading=\"lazy\" decoding=\"async\" class=\"aligncenter size-full wp-image-1398\" src=\"http:\/\/sv-lengede.de\/kbl\/wp-content\/uploads\/2017\/05\/2017-05-05-idokubb-21.jpg\" alt=\"\" width=\"800\" height=\"535\" \/><\/p>\n<p><img loading=\"lazy\" decoding=\"async\" class=\"aligncenter size-full wp-image-1397\" src=\"http:\/\/sv-lengede.de\/kbl\/wp-content\/uploads\/2017\/05\/2017-05-05-idokubb-22.jpg\" alt=\"\" width=\"800\" height=\"535\" srcset=\"http:\/\/sv-lengede.de\/kbl\/wp-content\/uploads\/2017\/05\/2017-05-05-idokubb-22.jpg 800w, http:\/\/sv-lengede.de\/kbl\/wp-content\/uploads\/2017\/05\/2017-05-05-idokubb-22-300x201.jpg 300w, http:\/\/sv-lengede.de\/kbl\/wp-content\/uploads\/2017\/05\/2017-05-05-idokubb-22-768x514.jpg 768w, http:\/\/sv-lengede.de\/kbl\/wp-content\/uploads\/2017\/05\/2017-05-05-idokubb-22-600x401.jpg 600w\" sizes=\"auto, (max-width: 800px) 100vw, 800px\" \/><\/p>\n<p><img loading=\"lazy\" decoding=\"async\" class=\"aligncenter size-full wp-image-1396\" src=\"http:\/\/sv-lengede.de\/kbl\/wp-content\/uploads\/2017\/05\/2017-05-05-idokubb-23.jpg\" alt=\"\" width=\"800\" height=\"532\" \/><\/p>\n<p style=\"text-align: center;\">***********************************************<\/p>\n<p><strong>Ank\u00fcndigung<\/strong><\/p>\n<p style=\"text-align: left;\"><span style=\"color: #ff6600;\"><strong><span style=\"color: #0f991f;\">International Day Of Kubb<a style=\"color: #0f991f;\" href=\"https:\/\/www.facebook.com\/internationaldayofkubb\" target=\"_blank\" rel=\"noopener noreferrer\"><img loading=\"lazy\" decoding=\"async\" class=\"size-thumbnail wp-image-1208 alignright\" src=\"http:\/\/sv-lengede.de\/kbl\/wp-content\/uploads\/2017\/04\/idok-150x150.jpg\" alt=\"\" width=\"150\" height=\"150\" srcset=\"http:\/\/sv-lengede.de\/kbl\/wp-content\/uploads\/2017\/04\/idok-150x150.jpg 150w, http:\/\/sv-lengede.de\/kbl\/wp-content\/uploads\/2017\/04\/idok.jpg 200w\" sizes=\"auto, (max-width: 150px) 100vw, 150px\" \/><\/a><br \/>\nJedes Jahr am 05.05.<\/span><br \/>\n<span style=\"color: #333399;\">\u00a0<\/span><br \/>\n<\/strong><\/span><\/p>\n<p><span style=\"color: #0f991f;\">Diesen besonderen Tag<\/span>, geboren in Lengede, m\u00f6chten nat\u00fcrlich auch wir\u00a0 in Lengede feiern.<\/p>\n<p>Wir beginnen mit dem freundschaftlich-lockeren Spielen<\/p>\n<p style=\"padding-left: 60px;\"><span style=\"color: #0f991f;\">am 05.05.<br \/>\num 05 Uhr 05 (17:05 Uhr)<br \/>\nauf der Wiese beim Bergmann am Seilbahnberg.<\/span><\/p>\n<p>Unser <span style=\"color: #333399;\"><span style=\"color: #0f991f;\">diesj\u00e4hriges Motto<\/span> <\/span>zur Feier des Tages lautet \u201cGANZ\u201d IN WEISS f\u00fcr alle, die Lust dazu haben &#8230;:<br \/>\nZ.B. mit wei\u00dfem T-Shirt, wei\u00dfem Hemd, wei\u00dfer Hose, wei\u00dfem Hut,<br \/>\nwei\u00dfen Socken &#8230; &#8211; oder ganz anders &#8211; jeder so, wie er es mag.<br \/>\nWir werden ein tolles Bild abgeben und unsere Freude haben \ud83d\ude42<\/p>\n<p style=\"text-align: left; padding-left: 60px;\"><span style=\"color: #0f991f;\">Also bis zum 5.5., 5 Uhr 5<\/span><br \/>\n<span style=\"color: #0f991f;\">ALLE sind herzlich willkommen!<\/span><br \/>\n<span style=\"color: #0f991f;\">Eine Anmeldung ist nicht erforderlich.<\/span><\/p>\n<p>Wer es sich nebenbei oder hinterher bei einem <span style=\"color: #333399;\"><span style=\"color: #0f991f;\">Picknick<\/span> <\/span>gem\u00fctlich machen m\u00f6chte,<br \/>\nbringt seine Leckereien einfach mit.<\/p>\n<p style=\"text-align: left;\">Die Kubb-Spiele stellt der SV Lengede.<\/p>\n<p style=\"text-align: left;\">Auf Facebook wird zu sehen sein, wie nicht nur in Lengede,<br \/>\nsondern rund um den Erdball gefeiert wird.<br \/>\n<span style=\"color: #ff0000;\"><a style=\"color: #ff0000;\" href=\"https:\/\/www.facebook.com\/internationaldayofkubb\" target=\"_blank\" rel=\"noopener noreferrer\">https:\/\/www.facebook.com\/internationaldayofkubb<\/a><\/span><\/p>\n<p style=\"text-align: left; padding-left: 180px;\">*******<\/p>\n<p style=\"text-align: left;\">Die Mitglieder des Deutschen Kubb-Bundes (www.dkubbb.de) feierten<br \/>\nauf ihrer Versammlung am 25.03.17 auf der Anlage des SV Lengede<br \/>\ndie &#8222;Geburt&#8220; des<span style=\"color: #000000;\"> International Day Of Kubb<\/span><br \/>\n<span style=\"color: #ff6600;\"><strong><img loading=\"lazy\" decoding=\"async\" class=\"alignnone size-full wp-image-1120\" src=\"http:\/\/sv-lengede.de\/kbl\/wp-content\/uploads\/2017\/03\/photo_2017-03-25_13-43-46.jpg\" alt=\"\" width=\"517\" height=\"261\" srcset=\"http:\/\/sv-lengede.de\/kbl\/wp-content\/uploads\/2017\/03\/photo_2017-03-25_13-43-46.jpg 517w, http:\/\/sv-lengede.de\/kbl\/wp-content\/uploads\/2017\/03\/photo_2017-03-25_13-43-46-300x151.jpg 300w\" sizes=\"auto, (max-width: 517px) 100vw, 517px\" \/><br \/>\n<\/strong><span style=\"color: #000000;\">Foto DKubbB \/ Kubb Media<\/span><\/span><\/p>\n","protected":false},"excerpt":{"rendered":"<p>&nbsp; Wir hatten eine sch\u00f6ne Feier \ud83d\ude42 Und freuen uns schon auf das n\u00e4chste Jahr \ud83d\ude42 \ud83d\ude42 \ud83d\ude42 Auch auf anderen Kontinenten und in vielen anderen L\u00e4ndern und Orten wurde gefeiert https:\/\/www.facebook.com\/internationaldayofkubb\/ und berichtet http:\/\/kubbon.com\/2017\/05\/09\/international-day-of-kubb\/ &nbsp; *********************************************** Ank\u00fcndigung International Day&#8230;<\/p>\n","protected":false},"author":1,"featured_media":0,"parent":1075,"menu_order":0,"comment_status":"closed","ping_status":"closed","template":"template-fullwidth.php","meta":{"footnotes":""},"class_list":["post-1358","page","type-page","status-publish","hentry","no-post-thumbnail"],"post_mailing_queue_ids":[],"_links":{"self":[{"href":"http:\/\/sv-lengede.de\/kbl\/wp-json\/wp\/v2\/pages\/1358","targetHints":{"allow":["GET"]}}],"collection":[{"href":"http:\/\/sv-lengede.de\/kbl\/wp-json\/wp\/v2\/pages"}],"about":[{"href":"http:\/\/sv-lengede.de\/kbl\/wp-json\/wp\/v2\/types\/page"}],"author":[{"embeddable":true,"href":"http:\/\/sv-lengede.de\/kbl\/wp-json\/wp\/v2\/users\/1"}],"replies":[{"embeddable":true,"href":"http:\/\/sv-lengede.de\/kbl\/wp-json\/wp\/v2\/comments?post=1358"}],"version-history":[{"count":15,"href":"http:\/\/sv-lengede.de\/kbl\/wp-json\/wp\/v2\/pages\/1358\/revisions"}],"predecessor-version":[{"id":1719,"href":"http:\/\/sv-lengede.de\/kbl\/wp-json\/wp\/v2\/pages\/1358\/revisions\/1719"}],"up":[{"embeddable":true,"href":"http:\/\/sv-lengede.de\/kbl\/wp-json\/wp\/v2\/pages\/1075"}],"wp:attachment":[{"href":"http:\/\/sv-lengede.de\/kbl\/wp-json\/wp\/v2\/media?parent=1358"}],"curies":[{"name":"wp","href":"https:\/\/api.w.org\/{rel}","templated":true}]}}